{"id":146312,"date":"2022-05-31T10:01:20","date_gmt":"2022-05-31T10:01:20","guid":{"rendered":"https:\/\/hls2022.xanouso.com\/referencer\/"},"modified":"2023-02-13T10:14:17","modified_gmt":"2023-02-13T10:14:17","slug":"referencer","status":"publish","type":"page","link":"https:\/\/handilifesport.com\/da\/referencer\/","title":{"rendered":"Referencer"},"content":{"rendered":"\t\t<div data-elementor-type=\"wp-page\" data-elementor-id=\"146312\" class=\"elementor elementor-146312 elementor-126\">\n\t\t\t\t\t\t<section data-particle_enable=\"false\" data-particle-mobile-disabled=\"false\" class=\"elementor-section elementor-top-section elementor-element elementor-element-c300607 elementor-section-boxed elementor-section-height-default elementor-section-height-default\" data-id=\"c300607\" data-element_type=\"section\">\n\t\t\t\t\t\t<div class=\"elementor-container elementor-column-gap-default\">\n\t\t\t\t\t<div class=\"elementor-column elementor-col-100 elementor-top-column elementor-element elementor-element-9acb64b\" data-id=\"9acb64b\" data-element_type=\"column\">\n\t\t\t<div class=\"elementor-widget-wrap elementor-element-populated\">\n\t\t\t\t\t\t<div class=\"elementor-element elementor-element-1f31ae8 elementor-widget elementor-widget-text-editor\" data-id=\"1f31ae8\" data-element_type=\"widget\" data-widget_type=\"text-editor.default\">\n\t\t\t\t<div class=\"elementor-widget-container\">\n\t\t\t\t\t\t\t<p><style type='text\/css' media='all'>#tss-container-146536604.tss-wrapper .tss-layout10 .item-content-wrapper,\r\n\t\t\t\t\t#tss-container-146536604.tss-wrapper .tss-isotope3 .item-content-wrapper,\r\n\t\t\t\t\t#tss-container-146536604.tss-wrapper .tss-isotope5 .item-content-wrapper,\r\n\t\t\t\t\t#tss-container-146536604.tss-wrapper .tss-carousel10 .item-content-wrapper{background: transparent;}<\/style><div class='rt-container-fluid tss-wrapper ' id='tss-container-146536604'  data-layout='layout1' data-desktop-col='1'  data-tab-col='1'  data-mobile-col='1'><div data-title='Loading ...' class='rt-row tss-layout1 tss-even '><div class='rt-col-md-12 rt-col-sm-12 rt-col-xs-12 even-grid-item tss-grid-item even-grid-item default-margin'><div class=\"single-item-wrapper\"><div class=\"tss-meta-info tss-left\"><div class='profile-img-wrapper'><img alt='Will Norman &#8211; FANTASTISKE LYDBOLDE' class='rt-responsive-img' src='https:\/\/handilifesport.com\/wp-content\/uploads\/2021\/11\/Will-Norman-large_bsk-150x150.jpg' \/><\/div><h3 class='author-name'>Will Norman &#8211; FANTASTISKE LYDBOLDE<\/h3><h4 class=\"author-bio\"><span class='author-designation'>Tidligere blindefodboldspiller<\/span>, <span class='author-location'>England<\/span><\/h4><div class=\"rating-wrapper\"><span data-star='1' class='star-1 dashicons dashicons-star-filled' aria-hidden='true'><\/span><span data-star='2' class='star-2 dashicons dashicons-star-filled' aria-hidden='true'><\/span><span data-star='3' class='star-3 dashicons dashicons-star-filled' aria-hidden='true'><\/span><span data-star='4' class='star-4 dashicons dashicons-star-filled' aria-hidden='true'><\/span><span data-star='5' class='star-5 dashicons dashicons-star-filled' aria-hidden='true'><\/span><\/div><\/div><div class=\"item-content-wrapper tss-right\"><div class='item-content'>&#8220;Jeg fik bare lyst til at skrive og fort\u00e6lle jer, at de lydbolde, jeg bestilte sidste \u00e5r (Fodbold med raslelyd og Petito bold), er virkelig gode. Jeg er en tidligere Paralympisk blindefodboldspiller med en synshandicappet s\u00f8n.\r\n\r\nJeg vil have ham til at nyde at spilIe fodbold, men jeg syntes, at som 9 \u00e5r gammel, er de fodbolde, der opfylder IBSA specifikationer, for tunge og vanskelige for ham. Fodbolden med raslelyd er perfekt til ham til et afslappet spil og lidt sjov. Den giver en god lyd ligesom IBSA versionen, men den er meget lettere og nem at bruge.\r\n\r\nJeg k\u00e6mpede en del med at f\u00e5 adgang til det rette udstyr, da jeg var barn, og jeg er fast besluttet p\u00e5, at min s\u00f8n ikke skal opleve de samme forhindringer. Jeres arbejde p\u00e5 dette omr\u00e5de og p\u00e5 den st\u00f8rre skala med de mange muligheder, der er til r\u00e5dighed er en k\u00e6mpe fordel for os &#8211; sammenlignet med min ungdom &#8211; som \u00e5benbart var dengang dinosaurerne levede!&#8221;<\/div><\/div><\/div><\/div><div class='rt-col-md-12 rt-col-sm-12 rt-col-xs-12 even-grid-item tss-grid-item even-grid-item default-margin'><div class=\"single-item-wrapper\"><div class=\"tss-meta-info tss-left\"><div class='profile-img-wrapper'><img alt='Lily Jagodzinski, BLINDEFODBOLD' class='rt-responsive-img' src='https:\/\/handilifesport.com\/wp-content\/uploads\/2021\/10\/P1520344-150x150.jpg' \/><\/div><h3 class='author-name'>Lily Jagodzinski, BLINDEFODBOLD<\/h3><h4 class=\"author-bio\"><span class='author-designation'>Arrang\u00f8r af Camp Abilities<\/span>, <span class='author-location'>USA<\/span><\/h4><div class=\"rating-wrapper\"><span data-star='1' class='star-1 dashicons dashicons-star-filled' aria-hidden='true'><\/span><span data-star='2' class='star-2 dashicons dashicons-star-filled' aria-hidden='true'><\/span><span data-star='3' class='star-3 dashicons dashicons-star-filled' aria-hidden='true'><\/span><span data-star='4' class='star-4 dashicons dashicons-star-filled' aria-hidden='true'><\/span><span data-star='5' class='star-5 dashicons dashicons-star-filled' aria-hidden='true'><\/span><\/div><\/div><div class=\"item-content-wrapper tss-right\"><div class='item-content'>&#8220;Vi s\u00e6tter stor pris p\u00e5 al jeres hj\u00e6lp igennem det forl\u00f8bne \u00e5r med Camp Abilities og de forskellige 5-a-side ordrer.\r\n\r\nVi har delt jeres navn med over 30+ mennesker omkring jeres fodbolde og har kun h\u00f8rt positive ting.\r\n\r\nVi anbefaler jer altid til mennesker, som er interesserede i blindefodbold, og som leder efter fodboldudstyr.&#8221;<\/div><\/div><\/div><\/div><div class='rt-col-md-12 rt-col-sm-12 rt-col-xs-12 even-grid-item tss-grid-item even-grid-item default-margin'><div class=\"single-item-wrapper\"><div class=\"tss-meta-info tss-left\"><div class='profile-img-wrapper'><img alt='Boccia Ledo Suede bolde' class='rt-responsive-img' src='https:\/\/handilifesport.com\/wp-content\/uploads\/2021\/12\/EXP1148-150x150.jpg' \/><\/div><h3 class='author-name'>Premium produkter (Ledo Suede Supersoft boccia balls and bags)<\/h3><h4 class=\"author-bio\"><span class='author-designation'>Vivien Nagy, BC4 boccia spiller<\/span>, <span class='author-location'>Budapest, Ungarn<\/span><\/h4><div class=\"rating-wrapper\"><span data-star='1' class='star-1 dashicons dashicons-star-filled' aria-hidden='true'><\/span><span data-star='2' class='star-2 dashicons dashicons-star-filled' aria-hidden='true'><\/span><span data-star='3' class='star-3 dashicons dashicons-star-filled' aria-hidden='true'><\/span><span data-star='4' class='star-4 dashicons dashicons-star-filled' aria-hidden='true'><\/span><span data-star='5' class='star-5 dashicons dashicons-star-filled' aria-hidden='true'><\/span><\/div><\/div><div class=\"item-content-wrapper tss-right\"><div class='item-content'>K\u00e6re Handi Life Sport,\r\n\r\nDet hele kom i dag i god behold!! MANGE TAK!! \u2764\r\n\r\nJeg skal i gang med at tr\u00e6ne i dag, og jeg vil afpr\u00f8ve de nye bolde p\u00e5 banen. Jeg har allerede kastet lidt med dem, og jeg kan virkelig godt lide dem, og jeg er sikker p\u00e5 at de er supersoft. ?? F\u00f8r konkurrencen vil jeg bruge BISFeds tests\u00e6t til at kontrollere boldene ogs\u00e5 rulletesten. I kender sikkert de nye regler og ved at de er meget h\u00e5rde. I testrummet f\u00f8r konkurrence, hvis vi har en d\u00e5rlig bold, s\u00e5 tager dommeren dem, og vi f\u00e5r ikke lov til at f\u00e5 en anden &#8211; samtidig tjekker de ogs\u00e5 vores bolde efter konkurrencen &#8211; Jeg synes, det er et mareridt..??? Jeg kontrollere altid mine bolde, n\u00e5r jeg er f\u00e6rdig med at tr\u00e6ne.??\r\n\r\nMange tak for al jeres hj\u00e6lp og for disse premium produkter. Jeg h\u00e5ber, at de vil hj\u00e6lpe mig meget i konkurrencer. \ud83d\ude42\r\n\r\nJeg \u00f8nsker jer alt det bedste!\r\n\r\nVivien Nagy<\/div><\/div><\/div><\/div><div class='rt-col-md-12 rt-col-sm-12 rt-col-xs-12 even-grid-item tss-grid-item even-grid-item default-margin'><div class=\"single-item-wrapper\"><div class=\"tss-meta-info tss-left\"><div class='profile-img-wrapper'><img alt='Hangchul Jo &#8211; BOCCIA' class='rt-responsive-img' src='https:\/\/handilifesport.com\/wp-content\/uploads\/2021\/11\/HangChul_Jo_resized-150x150.jpg' \/><\/div><h3 class='author-name'>Hangchul Jo &#8211; BOCCIA<\/h3><h4 class=\"author-bio\"><span class='author-designation'>Boccia tr\u00e6ner<\/span>, <span class='author-location'>Incheon, SydKorea<\/span><\/h4><div class=\"rating-wrapper\"><span data-star='1' class='star-1 dashicons dashicons-star-filled' aria-hidden='true'><\/span><span data-star='2' class='star-2 dashicons dashicons-star-filled' aria-hidden='true'><\/span><span data-star='3' class='star-3 dashicons dashicons-star-filled' aria-hidden='true'><\/span><span data-star='4' class='star-4 dashicons dashicons-star-filled' aria-hidden='true'><\/span><span data-star='5' class='star-5 dashicons dashicons-star-filled' aria-hidden='true'><\/span><\/div><\/div><div class=\"item-content-wrapper tss-right\"><div class='item-content'>&#8220;Jeg er en boccia tr\u00e6ner i Incheon i SydKorea, som k\u00f8bte supersoft bolde for nogle m\u00e5neder siden. Jeg vil gerne k\u00f8be dem igen.\r\n\r\nFaktisk deltog jeg i en national konkurrence for en m\u00e5ned siden og min boccia-spiller fik s\u00f8lv medalje ved hj\u00e6lp af jeres supersoft bolde.\r\n\r\nDet er f\u00f8rste gang min boccia-spiller fik en medalje. Sikke en overraskelse!!!&#8221;<\/div><\/div><\/div><\/div><div class='rt-col-md-12 rt-col-sm-12 rt-col-xs-12 even-grid-item tss-grid-item even-grid-item default-margin'><div class=\"single-item-wrapper\"><div class=\"tss-meta-info tss-left\"><div class='profile-img-wrapper'><img alt='Gustav Kallan &#8211; GOALBALL' class='rt-responsive-img' src='https:\/\/handilifesport.com\/wp-content\/uploads\/2021\/11\/DanskGoalballTeam_resized-150x150.jpg' \/><\/div><h3 class='author-name'>Gustav Kallan &#8211; GOALBALL<\/h3><h4 class=\"author-bio\"><span class='author-designation'>Anf\u00f8rer for det danske Goalball herrelandshold<\/span>, <span class='author-location'>Danmark<\/span><\/h4><div class=\"rating-wrapper\"><span data-star='1' class='star-1 dashicons dashicons-star-filled' aria-hidden='true'><\/span><span data-star='2' class='star-2 dashicons dashicons-star-filled' aria-hidden='true'><\/span><span data-star='3' class='star-3 dashicons dashicons-star-filled' aria-hidden='true'><\/span><span data-star='4' class='star-4 dashicons dashicons-star-filled' aria-hidden='true'><\/span><span data-star='5' class='star-5 dashicons dashicons-star-filled' aria-hidden='true'><\/span><\/div><\/div><div class=\"item-content-wrapper tss-right\"><div class='item-content'>Feedback fra det danske herrelandhold i goalball, der nu har spillet med vores JUSTA BLIND SPORTS MASKE i 7 m\u00e5neder:\r\n\u201cJeres JUSTA maske er klart den bedste maske vi har spillet med!\u201d.\r\n\r\n<a title=\"The National DANISH GOALBALL team for men \u2013 just loves JUSTA BLIND SPORTS MASK\" href=\"https:\/\/handilifesport.com\/da\/news\/det-danske-goalball-herrelandshold-elsker-bare-justa-blind-sports-masken\/\" target=\"_blank\" rel=\"noopener\"><strong>Det danske Goalball herrelandshold elsker simpelthen deres Justa Blind Sports Masker &#8211; se her hvorfor!<\/strong><\/a><\/div><\/div><\/div><\/div><div class='rt-col-md-12 rt-col-sm-12 rt-col-xs-12 even-grid-item tss-grid-item even-grid-item default-margin'><div class=\"single-item-wrapper\"><div class=\"tss-meta-info tss-left\"><div class='profile-img-wrapper'><img alt='Keon Richardson &#8211; BLINDEFODBOLD' class='rt-responsive-img' src='https:\/\/handilifesport.com\/wp-content\/uploads\/2021\/11\/Keon_Web-150x150.jpg' \/><\/div><h3 class='author-name'>Keon Richardson &#8211; BLINDEFODBOLD<\/h3><h4 class=\"author-bio\"><span class='author-designation'>Tr\u00e6ner og arrang\u00f8r\/drivkraft<\/span>, <span class='item-company'>Palace for Life Foundation, UK<\/span>, <span class='author-location'>Zimbabwe, Africa<\/span><\/h4><div class=\"rating-wrapper\"><span data-star='1' class='star-1 dashicons dashicons-star-filled' aria-hidden='true'><\/span><span data-star='2' class='star-2 dashicons dashicons-star-filled' aria-hidden='true'><\/span><span data-star='3' class='star-3 dashicons dashicons-star-filled' aria-hidden='true'><\/span><span data-star='4' class='star-4 dashicons dashicons-star-filled' aria-hidden='true'><\/span><span data-star='5' class='star-5 dashicons dashicons-star-filled' aria-hidden='true'><\/span><\/div><\/div><div class=\"item-content-wrapper tss-right\"><div class='item-content'>&#8220;Fantastisk kundeservice og kvalitet p\u00e5 blindefodbolde og blindesportsmasker! Tak fordi I har supporteret vores blindefodbold initiativ i Zimbabwe! \ufe0f\u26bd&#8221;.<\/div><\/div><\/div><\/div><div class='rt-col-md-12 rt-col-sm-12 rt-col-xs-12 even-grid-item tss-grid-item even-grid-item default-margin'><div class=\"single-item-wrapper\"><div class=\"tss-meta-info tss-left\"><div class='profile-img-wrapper'><img alt='CP Sport logo' class='rt-responsive-img' src='https:\/\/handilifesport.com\/wp-content\/uploads\/2021\/11\/CP-Sport-logo1-150x150.png' \/><\/div><h3 class='author-name'>Bob Feeney &#8211; BOCCIA<\/h3><h4 class=\"author-bio\"><span class='author-designation'>Forhandler<\/span>, <span class='item-company'>CP Sport<\/span>, <span class='author-location'>Nottingham, England<\/span><\/h4><div class=\"rating-wrapper\"><span data-star='1' class='star-1 dashicons dashicons-star-filled' aria-hidden='true'><\/span><span data-star='2' class='star-2 dashicons dashicons-star-filled' aria-hidden='true'><\/span><span data-star='3' class='star-3 dashicons dashicons-star-filled' aria-hidden='true'><\/span><span data-star='4' class='star-4 dashicons dashicons-star-filled' aria-hidden='true'><\/span><span data-star='5' class='star-5 dashicons dashicons-star-filled' aria-hidden='true'><\/span><\/div><\/div><div class=\"item-content-wrapper tss-right\"><div class='item-content'>&#8220;I 15 \u00e5r har CP Sport, Nottingham, forhandlet Handi Life Sports bocciaudstyr i England, Scotland og Wales. Bocciasportens popularitet er st\u00e6rkt stigende, og boccia spilles med stort udbytte af et bredt spektrum af mennesker indenfor senioridr\u00e6t, fritidssektoren, genoptr\u00e6ning og handicapsport.\r\n\r\nCP Sport s\u00e6tter stor pris p\u00e5 vores langvarige samarbejde med Handi Life Sport. Vi v\u00e6rds\u00e6tter deres st\u00f8tte og up\u00e5klagelige service &#8211; og ser frem til at forts\u00e6tte samarbejdet i mange \u00e5r fremover.\r\n\r\nHandi Life Sport producerer bocciabolde af en fantastisk kvalitet &#8211; og boldene synes at holde evigt!&#8221;<\/div><\/div><\/div><\/div><div class='rt-col-md-12 rt-col-sm-12 rt-col-xs-12 even-grid-item tss-grid-item even-grid-item default-margin'><div class=\"single-item-wrapper\"><div class=\"tss-meta-info tss-left\"><div class='profile-img-wrapper'><img alt='Fokus Svensk Nyhetsmagasin logo' class='rt-responsive-img' src='https:\/\/handilifesport.com\/wp-content\/uploads\/2021\/11\/Fokus_SvenskNyhetsmagasin-150x136.png' \/><\/div><h3 class='author-name'>FOKUS &#8211; PETANQUE<\/h3><h4 class=\"author-bio\"><span class='author-designation'>Svensk ugemagasin<\/span>, <span class='item-company'>Fokus<\/span>, <span class='author-location'>Sverige<\/span><\/h4><div class=\"rating-wrapper\"><span data-star='1' class='star-1 dashicons dashicons-star-filled' aria-hidden='true'><\/span><span data-star='2' class='star-2 dashicons dashicons-star-filled' aria-hidden='true'><\/span><span data-star='3' class='star-3 dashicons dashicons-star-filled' aria-hidden='true'><\/span><span data-star='4' class='star-4 dashicons dashicons-star-filled' aria-hidden='true'><\/span><span data-star='5' class='star-5 dashicons dashicons-star-empty' aria-hidden='true'><\/span><\/div><\/div><div class=\"item-content-wrapper tss-right\"><div class='item-content'>Det svenske ugemagasin FOKUS udvalgte Handi Life Sports Indend\u00f8rs Petanque som v\u00e6rende blandt de 3 bedste produkter, der blev fremvist p\u00e5 Seniormessen i G\u00f6teborg.<\/div><\/div><\/div><\/div><div class='rt-col-md-12 rt-col-sm-12 rt-col-xs-12 even-grid-item tss-grid-item even-grid-item default-margin'><div class=\"single-item-wrapper\"><div class=\"tss-meta-info tss-left\"><div class='profile-img-wrapper'><img alt='Seniorer der spiller Petanque' class='rt-responsive-img' src='https:\/\/handilifesport.com\/wp-content\/uploads\/2021\/11\/Petanque_seniors-150x150.jpg' \/><\/div><h3 class='author-name'>Lotta Tengberg, centerchef &#8211; PETANQUE<\/h3><h4 class=\"author-bio\"><span class='item-company'>Aktivitestcentre<\/span>, <span class='author-location'>Sverige<\/span><\/h4><div class=\"rating-wrapper\"><span data-star='1' class='star-1 dashicons dashicons-star-filled' aria-hidden='true'><\/span><span data-star='2' class='star-2 dashicons dashicons-star-filled' aria-hidden='true'><\/span><span data-star='3' class='star-3 dashicons dashicons-star-filled' aria-hidden='true'><\/span><span data-star='4' class='star-4 dashicons dashicons-star-filled' aria-hidden='true'><\/span><span data-star='5' class='star-5 dashicons dashicons-star-filled' aria-hidden='true'><\/span><\/div><\/div><div class=\"item-content-wrapper tss-right\"><div class='item-content'>\u201cVi startede med en bane, men har nu udvidet til flere baner. Vi har f\u00e5et mange flere bes\u00f8gende, siden vi startede med indend\u00f8rs petanque.\u00a0 Det har skabt en positiv social stemning. Folk m\u00f8des f\u00f8r og efter kampen, snakker og hygger sig\u201d.<\/div><\/div><\/div><\/div><\/div><div class='tss-utility'><div class=\"tss-pagination\" ><ul class=\"pagination-list\"><li class=\"active\"><span>1<\/span>\r\n\r\n\t<\/li><li><a data-paged='2' href='https:\/\/handilifesport.com\/da\/wp-json\/wp\/v2\/pages\/146312\/page\/2\/'>2<\/a><\/li><\/ul><\/div><\/div><\/div><\/p>\n\t\t\t\t\t\t<\/div>\n\t\t\t\t<\/div>\n\t\t\t\t\t<\/div>\n\t\t<\/div>\n\t\t\t\t\t<\/div>\n\t\t<\/section>\n\t\t\t\t<\/div>\n\t\t","protected":false},"excerpt":{"rendered":"","protected":false},"author":2,"featured_media":0,"parent":0,"menu_order":0,"comment_status":"closed","ping_status":"closed","template":"","meta":{"_acf_changed":false,"neve_meta_sidebar":"full-width","neve_meta_container":"","neve_meta_enable_content_width":"on","neve_meta_content_width":100,"neve_meta_title_alignment":"","neve_meta_author_avatar":"","neve_post_elements_order":"","neve_meta_disable_header":"","neve_meta_disable_footer":"","neve_meta_disable_title":"","neve_meta_reading_time":"","_ti_tpc_template_sync":false,"_ti_tpc_template_id":"","footnotes":""},"class_list":["post-146312","page","type-page","status-publish","hentry"],"acf":[],"aioseo_notices":[],"_links":{"self":[{"href":"https:\/\/handilifesport.com\/da\/wp-json\/wp\/v2\/pages\/146312","targetHints":{"allow":["GET"]}}],"collection":[{"href":"https:\/\/handilifesport.com\/da\/wp-json\/wp\/v2\/pages"}],"about":[{"href":"https:\/\/handilifesport.com\/da\/wp-json\/wp\/v2\/types\/page"}],"author":[{"embeddable":true,"href":"https:\/\/handilifesport.com\/da\/wp-json\/wp\/v2\/users\/2"}],"replies":[{"embeddable":true,"href":"https:\/\/handilifesport.com\/da\/wp-json\/wp\/v2\/comments?post=146312"}],"version-history":[{"count":5,"href":"https:\/\/handilifesport.com\/da\/wp-json\/wp\/v2\/pages\/146312\/revisions"}],"predecessor-version":[{"id":149255,"href":"https:\/\/handilifesport.com\/da\/wp-json\/wp\/v2\/pages\/146312\/revisions\/149255"}],"wp:attachment":[{"href":"https:\/\/handilifesport.com\/da\/wp-json\/wp\/v2\/media?parent=146312"}],"curies":[{"name":"wp","href":"https:\/\/api.w.org\/{rel}","templated":true}]}}