{"id":146428,"date":"2022-06-06T11:25:19","date_gmt":"2022-06-06T11:25:19","guid":{"rendered":"https:\/\/hls2022.xanouso.com\/privacy-policy\/"},"modified":"2022-06-08T12:18:38","modified_gmt":"2022-06-08T12:18:38","slug":"privatlivspolitik","status":"publish","type":"page","link":"https:\/\/handilifesport.com\/da\/privatlivspolitik\/","title":{"rendered":"Privatlivspolitik"},"content":{"rendered":"<div class=\"vc_row wpb_row vc_row-fluid content-deliver-corporate vc_custom_1491662623296\">\r\n<div class=\"wpb_column vc_column_container vc_col-sm-12\">\r\n<div class=\"vc_column-inner vc_custom_1489663653624\">\r\n<div class=\"wpb_wrapper\">\r\n<p>Handi Life Sports privatlivspolitik er i overensstemmelse med g\u00e6ldende lovgivning, herunder den generelle forordning om databeskyttelse i EU (GDPR).<\/p>\r\n<ul>\r\n<li>Vi indsamler ikke personf\u00f8lsomme data<\/li>\r\n<li>Vi videregiver ikke dine data til tredjeparter med henblik p\u00e5 markedsf\u00f8ring<\/li>\r\n<\/ul>\r\n<p><strong>BESKYTTELSE AF PERSONLIGE OPLYSNINGER<\/strong><br \/>Datafortrolighed er af stor betydning for Handi Life Sport, og vi \u00f8nsker at v\u00e6re \u00e5bne og gennemsigtige omkring vores behandling af dine personoplysninger.<\/p>\r\n<p>Vi har derfor en politik for, hvordan dine personoplysninger vil blive behandlet og beskyttet.<\/p>\r\n<p><strong>Hvem er ansvarlig for dine personoplysninger?<\/strong><br \/>Det danske selskab Handi Life Sport er ansvarlig for de personoplysninger, du indsender til os, og er ogs\u00e5 ansvarlig for dine personoplysninger i henhold til g\u00e6ldende databeskyttelseslovgivning.<\/p>\r\n<p>Handi Life Sport<br \/>Blakke moellevej 18<br \/>4050 Skibby<br \/>Danmark<\/p>\r\n<p>Momsregistreringsnummer: DK11397948<br \/>Autoriseret repr\u00e6sentant: Kirsten Irgens Bromann<\/p>\r\n<p><strong>Hvor opbevarer vi dine data?<\/strong><br \/>De data, vi indsamler fra dig, lagres i Danmark af Handi Life Sport, som er ansvarlig for dine personoplysninger.<\/p>\r\n<p><strong>Hvem kan f\u00e5 adgang til dine data?<\/strong><br \/>Vi deler kun dine data inden for Handi Life Sport. Vi videregiver, s\u00e6lger eller bytter aldrig dine data til markedsf\u00f8ringsform\u00e5l til tredjeparter uden for Handi Life Sport.<\/p>\r\n<p>Personoplysninger videregives kun til tredjeparter for at kunne levere vores tjenester til dig.<\/p>\r\n<p><strong>Hvad er de juridiske grunde til behandling af personoplysninger?<\/strong><br \/>Hver gang vi behandler de personoplysninger, vi indsamler fra dig, informerer vi dig om, hvorvidt udleveringen af disse personoplysninger er enten lovpligtig eller n\u00f8dvendig for at indg\u00e5 en kontrakt. Vi informerer ogs\u00e5 om, hvorvidt du er forpligtiget til at levere personoplysningerne og hvilke konsekvenser det vil have, hvis du v\u00e6lger ikke at udlevere dem.<\/p>\r\n<p><strong>Hvad er dine rettigheder?<\/strong><br \/><em><strong>Ret til adgang:<\/strong><\/em><br \/>Du har til enhver tid ret til at anmode om adgang til de personoplysninger, vi opbevarer om dig. Du kan kontakte Handi Life Sport, og vi vil give dig dine personlige oplysninger via e-mail.<\/p>\r\n<p><em><strong>Ret til dataportabilitet:<\/strong> <\/em><br \/>N\u00e5r Handi Life Sport behandler dine personoplysninger ved hj\u00e6lp af automatiserede midler baseret p\u00e5 dit samtykke eller baseret p\u00e5 en aftale, har du ret til at f\u00e5 en kopi af dine data overf\u00f8rt til dig eller til en anden part. Dette omfatter kun de personoplysninger, du har indsendt til os.<\/p>\r\n<p><em><strong>Ret til berigtigelse:<\/strong> <\/em><br \/>Du har ret til at anmode om berigtigelse af dine personoplysninger, hvis oplysningerne er ukorrekte, herunder retten til at have ufuldst\u00e6ndige personoplysninger udfyldt.<\/p>\r\n<p>Hvis du har en Handi Life Sport-konto, kan du redigere dine personlige data under din kontoside.<\/p>\r\n<p><em><strong>Ret til sletning:<\/strong><\/em><br \/>Du har til enhver tid ret til at slette alle personoplysninger, som behandles af Handi Life Sport, undtagen i f\u00f8lgende situationer:<\/p>\r\n<ul>\r\n<li>Du har en verserende sag med kundeservice<\/li>\r\n<li>Du har en \u00e5ben ordre, som endnu ikke er afsendt eller delvist afsendt<\/li>\r\n<li>Du har en uafklaret g\u00e6ld med Handi Life Sport, uanset med hvilken betalingsmetode<\/li>\r\n<li>Hvis du har foretaget et k\u00f8b, opbevarer vi dine personoplysninger i forbindelse med din transaktion med henblik p\u00e5 bogholderi<\/li>\r\n<\/ul>\r\n<p><em><strong>Ret til at g\u00f8re indsigelse mod behandlingen af dine oplysninger baseret p\u00e5 legitim interesse:<\/strong> <\/em><br \/>Du har ret til at g\u00f8re indsigelse mod behandlingen af dine personoplysninger, der er baseret p\u00e5 Handi Life Sports legitime interesse. Handi Life Sport vil ikke forts\u00e6tte med at behandle dine personlige data, medmindre vi kan p\u00e5vise legitime grunde til den proces, der tilsides\u00e6tter din interesse og rettigheder eller p\u00e5 grund af retskrav.<\/p>\r\n<p><em><strong>Ret til at mods\u00e6tte sig direkte markedsf\u00f8ring:<\/strong><\/em><br \/>Du har ret til at mods\u00e6tte dig direkte markedsf\u00f8ring.<\/p>\r\n<p>Du kan frav\u00e6lge direkte markedsf\u00f8ring p\u00e5 f\u00f8lgende m\u00e5der:<\/p>\r\n<ul>\r\n<li>Efter instruktionen i hver marketingmail<\/li>\r\n<li>Ved at sende en mail til <a href=\"mailto:hls@handilifesport.com\">HLS@handilifesport.com<\/a><\/li>\r\n<\/ul>\r\n<p><em><strong>Ret til begr\u00e6nsning:<\/strong><\/em><br \/>Du har ret til at anmode om, at Handi Life Sport begr\u00e6nser behandlingen af dine personoplysninger under f\u00f8lgende omst\u00e6ndigheder:<\/p>\r\n<ul>\r\n<li>Hvis du mods\u00e6tter dig en behandling, der er baseret p\u00e5 Handi Life Sports legitime interesse, skal Handi Life Sport begr\u00e6nse al behandling af s\u00e5danne oplysninger, indtil der foretages verifikation af den legitime interesse.<\/li>\r\n<li>Hvis du p\u00e5st\u00e5r, at dine personoplysninger er ukorrekte, skal Handi Life Sport begr\u00e6nse al behandling af s\u00e5danne data, indtil der foretages verifikation af n\u00f8jagtigheden af personoplysningerne.<\/li>\r\n<li>Hvis behandlingen er ulovlig, kan du mods\u00e6tte dig sletning af personoplysninger og i stedet anmode om begr\u00e6nsning af brugen af dine personlige data.<\/li>\r\n<li>Hvis Handi Life Sport ikke l\u00e6ngere har brug for personoplysningerne, men det kr\u00e6ves af dig for at forsvare retskrav.<\/li>\r\n<\/ul>\r\n<p><em><strong>Hvordan kan du ud\u00f8ve dine rettigheder?<\/strong><\/em><br \/>Vi tager databeskyttelse meget alvorligt, og vi h\u00e5ndterer derfor dine anmodninger i forhold til dine rettigheder angivet ovenfor. Du kan altid f\u00e5 fat p\u00e5 os p\u00e5 <a href=\"mailto:hls@handilifesport.com\">HLS@handilifesport.com<\/a><\/p>\r\n<p><em><strong>Ret til at klage til en tilsynsmyndighed:<\/strong> <\/em><br \/>Hvis du mener, at Handi Life Sport behandler dine personoplysninger forkert, kan du kontakte os. Du har ogs\u00e5 ret til at klage til en tilsynsmyndighed.<\/p>\r\n<p><em><strong>Opdateringer til vores privatlivspolitik:<\/strong><\/em><br \/>Vi bliver muligvis n\u00f8dt til at opdatere vores privatlivspolitik. Den seneste version af fortrolighedspolitikken er altid tilg\u00e6ngelig p\u00e5 vores hjemmeside.<\/p>\r\n<\/div>\r\n<\/div>\r\n<\/div>\r\n<\/div>","protected":false},"excerpt":{"rendered":"<p>Handi Life Sports privatlivspolitik er i overensstemmelse med g\u00e6ldende lovgivning, herunder den generelle forordning om databeskyttelse i EU (GDPR). Vi indsamler ikke personf\u00f8lsomme data Vi videregiver ikke dine data til tredjeparter med henblik p\u00e5 markedsf\u00f8ring BESKYTTELSE AF PERSONLIGE OPLYSNINGERDatafortrolighed er af stor betydning for Handi Life Sport, og vi \u00f8nsker at v\u00e6re \u00e5bne og gennemsigtige&hellip;&nbsp;<a href=\"https:\/\/handilifesport.com\/da\/privatlivspolitik\/\" rel=\"bookmark\">Read More &raquo;<span class=\"screen-reader-text\">Privatlivspolitik<\/span><\/a><\/p>\n","protected":false},"author":2,"featured_media":0,"parent":0,"menu_order":0,"comment_status":"closed","ping_status":"open","template":"","meta":{"_acf_changed":false,"neve_meta_sidebar":"","neve_meta_container":"","neve_meta_enable_content_width":"off","neve_meta_content_width":100,"neve_meta_title_alignment":"","neve_meta_author_avatar":"","neve_post_elements_order":"","neve_meta_disable_header":"","neve_meta_disable_footer":"","neve_meta_disable_title":"","neve_meta_reading_time":"","_ti_tpc_template_sync":false,"_ti_tpc_template_id":"","footnotes":""},"class_list":["post-146428","page","type-page","status-publish","hentry"],"acf":[],"aioseo_notices":[],"_links":{"self":[{"href":"https:\/\/handilifesport.com\/da\/wp-json\/wp\/v2\/pages\/146428","targetHints":{"allow":["GET"]}}],"collection":[{"href":"https:\/\/handilifesport.com\/da\/wp-json\/wp\/v2\/pages"}],"about":[{"href":"https:\/\/handilifesport.com\/da\/wp-json\/wp\/v2\/types\/page"}],"author":[{"embeddable":true,"href":"https:\/\/handilifesport.com\/da\/wp-json\/wp\/v2\/users\/2"}],"replies":[{"embeddable":true,"href":"https:\/\/handilifesport.com\/da\/wp-json\/wp\/v2\/comments?post=146428"}],"version-history":[{"count":3,"href":"https:\/\/handilifesport.com\/da\/wp-json\/wp\/v2\/pages\/146428\/revisions"}],"predecessor-version":[{"id":146495,"href":"https:\/\/handilifesport.com\/da\/wp-json\/wp\/v2\/pages\/146428\/revisions\/146495"}],"wp:attachment":[{"href":"https:\/\/handilifesport.com\/da\/wp-json\/wp\/v2\/media?parent=146428"}],"curies":[{"name":"wp","href":"https:\/\/api.w.org\/{rel}","templated":true}]}}