{"id":146430,"date":"2021-12-10T12:00:00","date_gmt":"2021-12-10T10:00:00","guid":{"rendered":"https:\/\/hls2022.xanouso.com\/terms-of-trade\/"},"modified":"2025-09-11T12:02:36","modified_gmt":"2025-09-11T10:02:36","slug":"terms-of-trade","status":"publish","type":"page","link":"https:\/\/handilifesport.com\/da\/terms-of-trade\/","title":{"rendered":"Vores handelsbetingelser"},"content":{"rendered":"<h4><strong>Produktinformation<\/strong><\/h4>\n<p>P\u00e5 <a href=\"http:\/\/www.handilifesport.com\">www.handilifesport.com<\/a> oplyses om varens v\u00e6sentlige egenskaber. Har du yderligere sp\u00f8rgsm\u00e5l, kan du<br \/>\naltid kontakte Handi Life Sport via <a href=\"mailto:hls@handilifesport.com\">hls@handilifesport.com<\/a><\/p>\n<p><strong><br \/>\nPriser<br \/>\n<\/strong>De anf\u00f8rte priser er eksklusive moms.<br \/>\n<strong>Ved salg til kunder bosat i EU<\/strong>, som ikke har registreret momsnummer, vil der blive p\u00e5lagt moms efter momssatsen i det specifikke EU-land.<br \/>\n<strong>Ved salg til kunder udenfor EU<\/strong> skal der aldrig till\u00e6gges moms. Ved ind fortoldning i modtagerlandet kan der dog blive tillagt afgifter efter det p\u00e5g\u00e6ldende lands regler.<\/p>\n<p><strong><br \/>\nFragt og levering<\/strong><br \/>\nN\u00e5r man bestiller varer p\u00e5 <a href=\"http:\/\/www.handilifesport.com\">www.handilifesport.com<\/a> v\u00e6lger man samtidig fragtl\u00f8sning. N\u00e5r varen er afsendt, oplyser vi kunden om forsendelsens tracking-nummer. Forsendelsestiden afh\u00e6nger af, hvilken forsendelsesmetode man har valgt.<br \/>\nVi sender varer alle ugens dage. Varerne vil blive afsendt senest 7 dage efter modtagelsen af ordren. Vi bestr\u00e6ber os dog p\u00e5 at afsende ordrerne s\u00e5 hurtigt som muligt.<\/p>\n<p><strong>Betaling<\/strong><br \/>\nDu v\u00e6lger som kunde om du vil betale med kreditkort, MobilePay eller via bankoverf\u00f8rsel.<br \/>\nOffentlige kunder kan ogs\u00e5 betale via EAN.<\/p>\n<p>Handi Life Sport anvender en betalings-gateway fra NETS. Alle kortdata sendes krypterede, s\u00e5 dine oplysninger er sikrede.<br \/>\nHvis du betaler med betalingskort, tr\u00e6kkes bel\u00f8bet f\u00f8rst p\u00e5 din konto, n\u00e5r varen er afsendt. Det debiterede bel\u00f8b vil fremg\u00e5 af din konto. Ved bank-lukkedage kan der g\u00e5 lidt l\u00e6ngere.<\/p>\n<p><strong><br \/>\nFortrydelsesret<\/strong><br \/>\nHandi Life Sport yder fortrydelses- og reklamationsret efter EU\u2019s og dansk rets almindelige bestemmelser \u2013 herunder forbrugerlovgivning \u2013 hvilket medf\u00f8rer:<br \/>\nDer er 14 dages fortrydelsesret, n\u00e5r du handler p\u00e5 <a href=\"http:\/\/www.handilifesport.com\">www.handilifesport.com<\/a>. Fortrydelsesfristen udl\u00f8ber 14 dage efter den dag varen er modtaget.<br \/>\nMeddelelsen om at varek\u00f8bet fortrydes skal sendes via mail til: <a href=\"mailto:hls@handilifesport.com\">hls@handilifesport.com<\/a>.<\/p>\n<p>I meddelelsen skal der tydeligt g\u00f8res opm\u00e6rksom p\u00e5, at man som kunde \u00f8nsker at g\u00f8re brug af fortrydelsesretten.<br \/>\n<em>Kunden kan <strong>ikke<\/strong> fortryde ved blot at n\u00e6gte modtagelse af varen, eller undlade at afhente denne.<\/em><\/p>\n<p><strong><br \/>\nReturnering til Handi Life Sport<\/strong><br \/>\nKunden skal selv afholde de direkte udgifter i forbindelse med tilbagelevering af varen, og varen skal sendes retur uden un\u00f8dig forsinkelse.<\/p>\n<p>Kunden er ansvarlig for, at varen er pakket forsvarligt ind, ligesom kunden b\u00e6rer risikoen for varen under transporten tilbage til Handi Life Sport.<br \/>\n<strong>VIGTIGT:<\/strong> Husk altid at sende varerne retur som sporbar pakkepost.<\/p>\n<p><strong>Varens stand, n\u00e5r den sendes retur<\/strong><br \/>\nDu h\u00e6fter som kunde kun for eventuel forringelse af varens v\u00e6rdi, som skyldes anden h\u00e5ndtering, end hvad der er n\u00f8dvendigt for at fastsl\u00e5 varens art og egenskaber. Med andre ord \u2013 varen kan kortvarigt afpr\u00f8ves.<\/p>\n<p>Hvis varen er taget i brug udover, hvad der er beskrevet ovenfor, betragter vi den som brugt, hvilket betyder, at du ved fortrydelse af k\u00f8bet kun f\u00e5r en del eller intet af k\u00f8bsbel\u00f8bet retur, afh\u00e6ngig af varens handelsm\u00e6ssige v\u00e6rdi. Der m\u00e5 endelig ikke skrives navn p\u00e5 varen!<\/p>\n<p><strong><br \/>\nTilbagebetaling af k\u00f8bsbel\u00f8bet<\/strong><br \/>\nHvis du benytter din fortrydelsesret, refunderer vi varens k\u00f8bspris, dog ikke leveringsomkostninger. I tilf\u00e6lde af en v\u00e6rdiforringelse der skyldes kundens h\u00e5ndtering af produktet, fratr\u00e6kkes denne k\u00f8bsbel\u00f8bet.<\/p>\n<p>Vi gennemf\u00f8rer en s\u00e5dan tilbagebetaling med samme betalingsmiddel, som blev benyttet ved den oprindelige transaktion, medmindre kunden udtrykkeligt \u00f8nsker noget andet. Vi tilbagebetaler bel\u00f8bet, n\u00e5r vi har modtaget varerne retur og har gennemg\u00e5et disse.<\/p>\n<p><strong>Ved fortrydelse af et k\u00f8b skal varen returneres til:<\/strong><br \/>\nHandi Life Sport, Blakke M\u00f8llevej 18, 4050 Skibby, Danmark.<\/p>\n<p><strong>Hvad skal jeg sende med tilbage?<\/strong><br \/>\nDu b\u00f8r vedl\u00e6gge dine kontaktoplysninger, oplyse fakturanummer samt evt. medsende en kopi af ordrebekr\u00e6ftelsen.<\/p>\n<p><strong>Bem\u00e6rk:<\/strong> <em>Vi modtager ikke pakker sendt pr. efterkrav.<\/em><\/p>\n<p>&nbsp;<\/p>\n<p><strong>Reklamation<\/strong><br \/>\nModtager du en fejlbeh\u00e6ftet vare, skal du hurtigst muligt informere vores kundeservice via mail til <a href=\"mailto:hls@handilifesport.com\">hls@handilifesport.com<\/a>. Brug gerne vores formular til reklamationen, som du kan finde her:<br \/>\n<a href=\"https:\/\/handilifesport.com\/da\/butik\/reklamation\/\">https:\/\/handilifesport.com\/da\/butik\/reklamation\/<\/a><\/p>\n<p>Der er 2 \u00e5rs reklamationsret p\u00e5 konstruktionsfejl \u2013 garantien d\u00e6kker ikke slitage eller skader, der skyldes forkert brug af produktet. (V\u00e6r opm\u00e6rksom p\u00e5 at visse produkter typisk vil slides op inden for garantiens to \u00e5r. Eksempelvis vil en fodbold sj\u00e6ldent holde to \u00e5r ved hyppig brug).<\/p>\n<p><strong>I tilf\u00e6lde af konstruktionsfejl:<\/strong> Vi vil tilbyde at reparere eller bytte varen. Evt. vil vi tilbyde et afslag i prisen eller lade k\u00f8bet g\u00e5 tilbage, alt efter den konkrete situation.<\/p>\n<p>Dette g\u00e6lder naturligvis kun, hvis varen ikke er beskadiget som f\u00f8lge af slid, fejlagtig brug eller anden adf\u00e6rd, der har forvoldt skade p\u00e5 varen.<\/p>\n<p>Der skal reklameres hurtigst muligt og senest 2 m\u00e5neder efter at fejlen ved varen er opdaget. Kontakt os inden returnering via <a href=\"mailto:hls@handilifesport.com\">hls@handilifesport.com<\/a><\/p>\n<p><strong><br \/>\nAftaleindg\u00e5else<\/strong><br \/>\nDu skal v\u00e6re fyldt 18 \u00e5r for at handle p\u00e5 www.handilifesport.com \u2013 er du under 18 \u00e5r, skal du have samtykke fra for\u00e6ldre eller v\u00e6rge.<\/p>\n<p><strong><br \/>\nBestilling via <a href=\"mailto:hls@handilifesport.com\">hls@handilifesport.com<\/a><\/strong><br \/>\nDet er ogs\u00e5 muligt at bestille via vores e-mail adresse <a href=\"mailto:hls@handilifesport.com\">hls@handilifesport.com<\/a> \u2013 ved bestilling via e-mail till\u00e6gges et administrationsgebyr p\u00e5 112,50 DKK.<\/p>\n","protected":false},"excerpt":{"rendered":"<p>Produktinformation P\u00e5 www.handilifesport.com oplyses om varens v\u00e6sentlige egenskaber. Har du yderligere sp\u00f8rgsm\u00e5l, kan du altid kontakte Handi Life Sport via hls@handilifesport.com Priser De anf\u00f8rte priser er eksklusive moms. Ved salg til kunder bosat i EU, som ikke har registreret momsnummer, vil der blive p\u00e5lagt moms efter momssatsen i det specifikke EU-land. Ved salg til kunder&hellip;&nbsp;<a href=\"https:\/\/handilifesport.com\/da\/terms-of-trade\/\" rel=\"bookmark\">Read More &raquo;<span class=\"screen-reader-text\">Vores handelsbetingelser<\/span><\/a><\/p>\n","protected":false},"author":2,"featured_media":0,"parent":0,"menu_order":0,"comment_status":"closed","ping_status":"closed","template":"","meta":{"_acf_changed":false,"neve_meta_sidebar":"","neve_meta_container":"","neve_meta_enable_content_width":"off","neve_meta_content_width":100,"neve_meta_title_alignment":"","neve_meta_author_avatar":"","neve_post_elements_order":"","neve_meta_disable_header":"","neve_meta_disable_footer":"","neve_meta_disable_title":"","neve_meta_reading_time":"","_ti_tpc_template_sync":false,"_ti_tpc_template_id":"","footnotes":""},"class_list":["post-146430","page","type-page","status-publish","hentry"],"acf":[],"aioseo_notices":[],"_links":{"self":[{"href":"https:\/\/handilifesport.com\/da\/wp-json\/wp\/v2\/pages\/146430","targetHints":{"allow":["GET"]}}],"collection":[{"href":"https:\/\/handilifesport.com\/da\/wp-json\/wp\/v2\/pages"}],"about":[{"href":"https:\/\/handilifesport.com\/da\/wp-json\/wp\/v2\/types\/page"}],"author":[{"embeddable":true,"href":"https:\/\/handilifesport.com\/da\/wp-json\/wp\/v2\/users\/2"}],"replies":[{"embeddable":true,"href":"https:\/\/handilifesport.com\/da\/wp-json\/wp\/v2\/comments?post=146430"}],"version-history":[{"count":5,"href":"https:\/\/handilifesport.com\/da\/wp-json\/wp\/v2\/pages\/146430\/revisions"}],"predecessor-version":[{"id":152391,"href":"https:\/\/handilifesport.com\/da\/wp-json\/wp\/v2\/pages\/146430\/revisions\/152391"}],"wp:attachment":[{"href":"https:\/\/handilifesport.com\/da\/wp-json\/wp\/v2\/media?parent=146430"}],"curies":[{"name":"wp","href":"https:\/\/api.w.org\/{rel}","templated":true}]}}