{"id":146455,"date":"2022-06-06T11:49:20","date_gmt":"2022-06-06T11:49:20","guid":{"rendered":"https:\/\/hls2022.xanouso.com\/boccia-regler\/"},"modified":"2025-08-11T13:46:34","modified_gmt":"2025-08-11T11:46:34","slug":"boccia-regler","status":"publish","type":"page","link":"https:\/\/handilifesport.com\/da\/boccia-regler\/","title":{"rendered":"Boccia regler"},"content":{"rendered":"<div id=\"SPleftcentercol\">\n<div id=\"content\">\n<div class=\"content\">\n<p><a href=\"https:\/\/handilifesport.com\/en\/product\/boccia-superior-classic-in-superior-boccia-case\/\" target=\"_blank\" rel=\"noopener noreferrer\">Superior Classic<\/a> |\u00a0<a href=\"https:\/\/handilifesport.com\/en\/product\/boccia-superior-supersoft-in-superior-boccia-case\/\" target=\"_blank\" rel=\"noopener noreferrer\">Superior Supersoft<\/a> |\u00a0<a href=\"https:\/\/handilifesport.com\/en\/product\/boccia-superior-shine-set\/\" target=\"_blank\" rel=\"noopener noreferrer\">Superior Shine<\/a> | <a href=\"https:\/\/handilifesport.com\/en\/product\/ledo-suede-boccia-balls-in-superior-boccia-case\/\" target=\"_blank\" rel=\"noopener noreferrer\">Ledo Suede<\/a> | <a href=\"https:\/\/handilifesport.com\/en\/product\/boccia-new-standard\/\" target=\"_blank\" rel=\"noopener noreferrer\">New Standard<\/a>\u00a0| <a href=\"https:\/\/handilifesport.com\/en\/product\/complete-mini-boccia-set\/\">Mini-Boccia<\/a> | <a href=\"https:\/\/handilifesport.com\/en\/product-category\/boccia-en\/ramps-and-other-devices-for-the-boccia-player\/\" target=\"_blank\" rel=\"noopener noreferrer\">Ramper<\/a> | <a href=\"https:\/\/handilifesport.com\/en\/product\/boccia-touch-grid-for-blind-boccia\/\" target=\"_blank\" rel=\"noopener noreferrer\">Boccia for Blinde<\/a> | <a href=\"https:\/\/handilifesport.com\/en\/product-category\/boccia-en\/referee-equipment\" target=\"_blank\" rel=\"noopener noreferrer\">Bocciaudstyr<\/a> | <a href=\"https:\/\/handilifesport.com\/en\/intrests\/boccia-courses\/\" target=\"_blank\" rel=\"noopener noreferrer\">Banen<\/a><\/p>\n<h1>ENKLE BOCCIA REGLER<\/h1>\n<ol>\n<li style=\"list-style-type: none;\">\n<ol>\n<li>Den officielle boccia bane er 6 x 10 m, men mindre kan ogs\u00e5 g\u00f8re det.<\/li>\n<li>To hold konkurrerer. Hvert hold best\u00e5r af 1, 2 eller 3 spillere. Man kan v\u00e6lge at tilf\u00f8je reglen, at spillerne skal sidde ned, n\u00e5r der spilles.<\/li>\n<li>Hold 1 bruger r\u00f8de bolde og Hold 2 bruger de bl\u00e5 bolde.<\/li>\n<li>\u00a0Spillet begynder: Hold 1 kaster den hvide m\u00e5l kugle ud p\u00e5 banen.<\/li>\n<li>Hold 1 kaster herefter en r\u00f8d bold &#8211; og pr\u00f8ver at komme s\u00e5 t\u00e6t p\u00e5 m\u00e5l kuglen som muligt.<\/li>\n<li>Nu kaster Hold 2 en eller flere bl\u00e5 bolde. N\u00e5r en bl\u00e5 bold ligger t\u00e6ttest p\u00e5 m\u00e5l kuglen, er det Hold 1&#8217;s tur til at kaste.<\/li>\n<li>Spillet forts\u00e6tter p\u00e5 denne m\u00e5de, indtil alle boldene er kastet.<\/li>\n<li>\u00a0S\u00e5 t\u00e6lles point: Det hold, hvis bold ligger n\u00e6rmest p\u00e5 m\u00e5l kuglen, har vundet. Der gives 1 point for hver bold der er bedre placeret end modstanderens bedste bold. Maximum point er 6 og minimum 1 point i hver spil.<\/li>\n<li>N\u00e6ste spil starter Hold 2 med at kaste m\u00e5l kuglen ud p\u00e5 banen.<\/li>\n<li>En match best\u00e5r af 4 spil.<\/li>\n<\/ol>\n<\/li>\n<\/ol>\n<\/div>\n<\/div>\n<\/div>\n<div id=\"SPrightcol\"><\/div>\n<h3><a href=\"https:\/\/handilifesport.com\/wp-content\/uploads\/2021\/03\/BocciaJapanOnFacebook.jpg\"><img fetchpriority=\"high\" decoding=\"async\" class=\"alignright wp-image-21156 size-medium\" src=\"https:\/\/handilifesport.com\/wp-content\/uploads\/2021\/03\/BocciaJapanOnFacebook-225x300.jpg\" alt=\"Boccia as a Company sport in Japan\" width=\"225\" height=\"300\" \/><\/a><\/h3>\n<h3><a href=\"https:\/\/handilifesport.com\/en\/product-category\/boccia-en\" target=\"_blank\" rel=\"noopener noreferrer\">Se alle Boccia Produkter her<\/a><\/h3>\n<p>&nbsp;<\/p>\n","protected":false},"excerpt":{"rendered":"<p>Superior Classic |\u00a0Superior Supersoft |\u00a0Superior Shine | Ledo Suede | New Standard\u00a0| Mini-Boccia | Ramper | Boccia for Blinde | Bocciaudstyr | Banen ENKLE BOCCIA REGLER Den officielle boccia bane er 6 x 10 m, men mindre kan ogs\u00e5 g\u00f8re det. To hold konkurrerer. Hvert hold best\u00e5r af 1, 2 eller 3 spillere. Man kan&hellip;&nbsp;<a href=\"https:\/\/handilifesport.com\/da\/boccia-regler\/\" rel=\"bookmark\">Read More &raquo;<span class=\"screen-reader-text\">Boccia regler<\/span><\/a><\/p>\n","protected":false},"author":2,"featured_media":0,"parent":0,"menu_order":0,"comment_status":"closed","ping_status":"closed","template":"","meta":{"_acf_changed":false,"neve_meta_sidebar":"","neve_meta_container":"","neve_meta_enable_content_width":"off","neve_meta_content_width":100,"neve_meta_title_alignment":"","neve_meta_author_avatar":"","neve_post_elements_order":"","neve_meta_disable_header":"","neve_meta_disable_footer":"","neve_meta_disable_title":"","neve_meta_reading_time":"","_ti_tpc_template_sync":false,"_ti_tpc_template_id":"","footnotes":""},"class_list":["post-146455","page","type-page","status-publish","hentry"],"acf":[],"aioseo_notices":[],"_links":{"self":[{"href":"https:\/\/handilifesport.com\/da\/wp-json\/wp\/v2\/pages\/146455","targetHints":{"allow":["GET"]}}],"collection":[{"href":"https:\/\/handilifesport.com\/da\/wp-json\/wp\/v2\/pages"}],"about":[{"href":"https:\/\/handilifesport.com\/da\/wp-json\/wp\/v2\/types\/page"}],"author":[{"embeddable":true,"href":"https:\/\/handilifesport.com\/da\/wp-json\/wp\/v2\/users\/2"}],"replies":[{"embeddable":true,"href":"https:\/\/handilifesport.com\/da\/wp-json\/wp\/v2\/comments?post=146455"}],"version-history":[{"count":2,"href":"https:\/\/handilifesport.com\/da\/wp-json\/wp\/v2\/pages\/146455\/revisions"}],"predecessor-version":[{"id":156598,"href":"https:\/\/handilifesport.com\/da\/wp-json\/wp\/v2\/pages\/146455\/revisions\/156598"}],"wp:attachment":[{"href":"https:\/\/handilifesport.com\/da\/wp-json\/wp\/v2\/media?parent=146455"}],"curies":[{"name":"wp","href":"https:\/\/api.w.org\/{rel}","templated":true}]}}