{"id":2771,"date":"2020-01-17T15:26:04","date_gmt":"2020-01-17T13:26:04","guid":{"rendered":"https:\/\/hls2022.xanouso.com\/om-os\/"},"modified":"2025-08-13T11:56:48","modified_gmt":"2025-08-13T09:56:48","slug":"om-os","status":"publish","type":"page","link":"https:\/\/handilifesport.com\/da\/om-os\/","title":{"rendered":"Om os"},"content":{"rendered":"\t\t<div data-elementor-type=\"wp-page\" data-elementor-id=\"2771\" class=\"elementor elementor-2771 elementor-89\">\n\t\t\t\t\t\t<section data-particle_enable=\"false\" data-particle-mobile-disabled=\"false\" class=\"elementor-section elementor-top-section elementor-element elementor-element-f328aa9 elementor-section-boxed elementor-section-height-default elementor-section-height-default\" data-id=\"f328aa9\" data-element_type=\"section\">\n\t\t\t\t\t\t<div class=\"elementor-container elementor-column-gap-default\">\n\t\t\t\t\t<div class=\"elementor-column elementor-col-100 elementor-top-column elementor-element elementor-element-3023a39\" data-id=\"3023a39\" data-element_type=\"column\">\n\t\t\t<div class=\"elementor-widget-wrap elementor-element-populated\">\n\t\t\t\t\t\t<div class=\"elementor-element elementor-element-b5ea80e elementor-widget elementor-widget-neve_banner\" data-id=\"b5ea80e\" data-element_type=\"widget\" data-widget_type=\"neve_banner.default\">\n\t\t\t\t<div class=\"elementor-widget-container\">\n\t\t\t<div class=\"neb-banner\" id=\"neb-banner-b5ea80e\"><div class=\"neb-banner-ib neb-banner-animation2 none neb-banner-min-height\"><img decoding=\"async\" class=\"neb-banner-ib-img\" alt=\"aboutbg-pic2\" src=\"https:\/\/hls2022.xanouso.com\/wp-content\/uploads\/2021\/10\/aboutbg-pic2.jpg\"><div class=\"neb-banner-ib-desc\"><h3 class=\"neb-banner-ib-title ult-responsive neb-banner-title\"><div ><\/div><\/h3><\/div><\/div><\/div>\t\t<\/div>\n\t\t\t\t<\/div>\n\t\t\t\t<div class=\"elementor-element elementor-element-53a9c06 elementor-widget-tablet__width-inherit elementor-widget elementor-widget-html\" data-id=\"53a9c06\" data-element_type=\"widget\" data-widget_type=\"html.default\">\n\t\t\t\t<div class=\"elementor-widget-container\">\n\t\t\t<h2>Handi Life Sport<\/h2><br><br>Vi bestr\u00e6ber os p\u00e5 at give vores kunder over<br> hele verden den bedst mulige vejledning<br>og dermed de helt rigtige produkter.<br><br><strong>KIRSTEN OG JENS BROMANN<\/strong><br>Stifterne af Handi Life Sport\t\t<\/div>\n\t\t\t\t<\/div>\n\t\t\t\t\t<\/div>\n\t\t<\/div>\n\t\t\t\t\t<\/div>\n\t\t<\/section>\n\t\t\t\t<section data-particle_enable=\"false\" data-particle-mobile-disabled=\"false\" class=\"elementor-section elementor-top-section elementor-element elementor-element-da418f1 elementor-section-boxed elementor-section-height-default elementor-section-height-default\" data-id=\"da418f1\" data-element_type=\"section\">\n\t\t\t\t\t\t<div class=\"elementor-container elementor-column-gap-default\">\n\t\t\t\t\t<div class=\"elementor-column elementor-col-100 elementor-top-column elementor-element elementor-element-08e59d0\" data-id=\"08e59d0\" data-element_type=\"column\">\n\t\t\t<div class=\"elementor-widget-wrap elementor-element-populated\">\n\t\t\t\t\t\t<div class=\"elementor-element elementor-element-4528fd2 elementor-widget elementor-widget-heading\" data-id=\"4528fd2\" data-element_type=\"widget\" data-widget_type=\"heading.default\">\n\t\t\t\t<div class=\"elementor-widget-container\">\n\t\t\t<h3 class=\"elementor-heading-title elementor-size-default\">HANDI LIFE SPORT G\u00d8R SPORT MULIG FOR ALLE<\/h3>\t\t<\/div>\n\t\t\t\t<\/div>\n\t\t\t\t\t<\/div>\n\t\t<\/div>\n\t\t\t\t\t<\/div>\n\t\t<\/section>\n\t\t\t\t<section data-particle_enable=\"false\" data-particle-mobile-disabled=\"false\" class=\"elementor-section elementor-top-section elementor-element elementor-element-a4384b9 elementor-section-boxed elementor-section-height-default elementor-section-height-default\" data-id=\"a4384b9\" data-element_type=\"section\">\n\t\t\t\t\t\t<div class=\"elementor-container elementor-column-gap-default\">\n\t\t\t\t\t<div class=\"elementor-column elementor-col-50 elementor-top-column elementor-element elementor-element-a04c46f\" data-id=\"a04c46f\" data-element_type=\"column\">\n\t\t\t<div class=\"elementor-widget-wrap elementor-element-populated\">\n\t\t\t\t\t\t<div class=\"elementor-element elementor-element-aa5422c elementor-widget elementor-widget-text-editor\" data-id=\"aa5422c\" data-element_type=\"widget\" data-widget_type=\"text-editor.default\">\n\t\t\t\t<div class=\"elementor-widget-container\">\n\t\t\t\t\t\t\t<div class=\"wpb_wrapper\">\r\n\r\n<p>Med mere end 30 \u00e5rs erfaring inden for udvikling og produktion af sportsudstyr ved vi, hvad der betyder noget for vores brugere.\r\n\r\n<p>Vi ved, at sport er en vigtig faktor i inklusion og rehabilitering. Mennesker med og uden handicap, folk i alle aldre, raske og syge: Alle kan have gl\u00e6de af at udfolde og udvikle sig gennem sport og leg.\r\n\r\n<p>Jens Bromanns personlige erfaringer med international handicapidr\u00e6t var baggrunden for firmaets stiftelse i 1987. Som ung, blind, paralympisk goalballspiller\u00a0(og senere som vicepr\u00e6sident i IPC, Den Internationale Paralympiske komit\u00e9) erfarede Jens p\u00e5 egen krop, hvad sport kan g\u00f8re for at styrke og fris\u00e6tte mennesker med handicap.\r\n\r\n<p><strong>Startskuddet til etableringen af Handi Life Sport var et akut opst\u00e5et behov for bocciabolde.<\/strong>\r\n\r\n<p>En gruppe skandinaviske sportsud\u00f8vere med handicap var i midten af 1980\u2019erne begyndt at spille indend\u00f8rs boccia \u2013 med hjemmesyede bolde af ringe kvalitet. De efterspurgte en brugbar bold til den popul\u00e6re nye sport. Jens og Kirsten Bromann p\u00e5tog sig opgaven og gik i gang med at udvikle en bocciabold.\r\n\r\n<p>Projektet var en stor succes: Handi Life Sport skabte en bocciabold af h\u00f8j kvalitet, og derefter udviklede sporten sig hastigt. Boccia var p\u00e5 det paralympiske program i Seoul 1988, hvor der blev spillet med den danske bold.\r\n\r\n<p>I dag, n\u00e6sten 40 \u00e5r senere, tilbyder Handi Life Sport et bredt udvalg af udstyr til sport, fritid og genoptr\u00e6ning: boccia, petanque, lydbolde, kroket, bowling, show down og en r\u00e6kke specialbolde.\r\n\r\n<p><strong>Virksomhedens arbejde er grundlagt p\u00e5 disse principper og v\u00e6rdier:<\/strong>\r\n<ul>\r\n \t<li>Kvalitet og design: Sportsudstyr til handicapidr\u00e6t og genoptr\u00e6ning skal v\u00e6re attraktivt, sporty og udstr\u00e5le kvalitet.<\/li>\r\n \t<li>Nyt\u00e6nkning og inklusion: alle mennesker har noget at byde p\u00e5 og alle kan v\u00e6re med \u2013 p\u00e5 deres egen m\u00e5de.<\/li>\r\n \t<li>Respekt for brugerne: god kundeservice og lydh\u00f8rhed overfor brugernes erfaringer er alfa og omega.<\/li>\r\n<\/ul>\r\n<p>Handi Life Sport har hjemme i Skibby, Sj\u00e6lland, hvorfra vi sender vores produkter til kunder i mere end 80 lande spredt over alle kontinenter.\r\n\r\n<p>Det er vores m\u00e5ls\u00e6tning, at hvert eneste produkt vi sender afsted, giver v\u00e6rdi og gl\u00e6de til brugeren.\r\n\r\n<\/div>\t\t\t\t\t\t<\/div>\n\t\t\t\t<\/div>\n\t\t\t\t\t<\/div>\n\t\t<\/div>\n\t\t\t\t<div class=\"elementor-column elementor-col-50 elementor-top-column elementor-element elementor-element-68423ed\" data-id=\"68423ed\" data-element_type=\"column\">\n\t\t\t<div class=\"elementor-widget-wrap elementor-element-populated\">\n\t\t\t\t\t\t<div class=\"elementor-element elementor-element-766db96 elementor-widget elementor-widget-video\" data-id=\"766db96\" data-element_type=\"widget\" data-settings=\"{&quot;youtube_url&quot;:&quot;https:\\\/\\\/www.youtube.com\\\/embed\\\/A07vycvl8nQ?feature=oembed&amp;enablejsapi=1&amp;origin=https:\\\/\\\/handilifesport.com&quot;,&quot;video_type&quot;:&quot;youtube&quot;,&quot;controls&quot;:&quot;yes&quot;}\" data-widget_type=\"video.default\">\n\t\t\t\t<div class=\"elementor-widget-container\">\n\t\t\t\t\t<div class=\"elementor-wrapper elementor-open-inline\">\n\t\t\t<div class=\"elementor-video\"><\/div>\t\t<\/div>\n\t\t\t\t<\/div>\n\t\t\t\t<\/div>\n\t\t\t\t<section data-particle_enable=\"false\" data-particle-mobile-disabled=\"false\" class=\"elementor-section elementor-inner-section elementor-element elementor-element-1d7ad4a elementor-section-boxed elementor-section-height-default elementor-section-height-default\" data-id=\"1d7ad4a\" data-element_type=\"section\">\n\t\t\t\t\t\t<div class=\"elementor-container elementor-column-gap-default\">\n\t\t\t\t\t<div class=\"elementor-column elementor-col-50 elementor-inner-column elementor-element elementor-element-6230496\" data-id=\"6230496\" data-element_type=\"column\">\n\t\t\t<div class=\"elementor-widget-wrap elementor-element-populated\">\n\t\t\t\t\t\t<div class=\"elementor-element elementor-element-6bb8136 elementor-widget elementor-widget-button\" data-id=\"6bb8136\" data-element_type=\"widget\" data-widget_type=\"button.default\">\n\t\t\t\t<div class=\"elementor-widget-container\">\n\t\t\t\t\t\t\t<div class=\"elementor-button-wrapper\">\n\t\t\t\t\t<a class=\"elementor-button elementor-button-link elementor-size-sm\" href=\"#\">\n\t\t\t\t\t\t<span class=\"elementor-button-content-wrapper\">\n\t\t\t\t\t\t\t\t\t<span class=\"elementor-button-text\">Kontakt os<\/span>\n\t\t\t\t\t<\/span>\n\t\t\t\t\t<\/a>\n\t\t\t\t<\/div>\n\t\t\t\t\t\t<\/div>\n\t\t\t\t<\/div>\n\t\t\t\t\t<\/div>\n\t\t<\/div>\n\t\t\t\t<div class=\"elementor-column elementor-col-50 elementor-inner-column elementor-element elementor-element-c979496\" data-id=\"c979496\" data-element_type=\"column\">\n\t\t\t<div class=\"elementor-widget-wrap elementor-element-populated\">\n\t\t\t\t\t\t<div class=\"elementor-element elementor-element-0a208d0 elementor-widget elementor-widget-button\" data-id=\"0a208d0\" data-element_type=\"widget\" data-widget_type=\"button.default\">\n\t\t\t\t<div class=\"elementor-widget-container\">\n\t\t\t\t\t\t\t<div class=\"elementor-button-wrapper\">\n\t\t\t\t\t<a class=\"elementor-button elementor-button-link elementor-size-sm\" href=\"#\">\n\t\t\t\t\t\t<span class=\"elementor-button-content-wrapper\">\n\t\t\t\t\t\t\t\t\t<span class=\"elementor-button-text\">Se vores produkter<\/span>\n\t\t\t\t\t<\/span>\n\t\t\t\t\t<\/a>\n\t\t\t\t<\/div>\n\t\t\t\t\t\t<\/div>\n\t\t\t\t<\/div>\n\t\t\t\t\t<\/div>\n\t\t<\/div>\n\t\t\t\t\t<\/div>\n\t\t<\/section>\n\t\t\t\t\t<\/div>\n\t\t<\/div>\n\t\t\t\t\t<\/div>\n\t\t<\/section>\n\t\t\t\t<\/div>\n\t\t","protected":false},"excerpt":{"rendered":"<p>Handi Life Sport Vi bestr\u00e6ber os p\u00e5 at give vores kunder over hele verden den bedst mulige vejledningog dermed de helt rigtige produkter. KIRSTEN OG JENS BROMANNStifterne af Handi Life Sport HANDI LIFE SPORT G\u00d8R SPORT MULIG FOR ALLE Med mere end 30 \u00e5rs erfaring inden for udvikling og produktion af sportsudstyr ved vi, hvad&hellip;&nbsp;<a href=\"https:\/\/handilifesport.com\/da\/om-os\/\" rel=\"bookmark\">Read More &raquo;<span class=\"screen-reader-text\">Om os<\/span><\/a><\/p>\n","protected":false},"author":2,"featured_media":0,"parent":0,"menu_order":0,"comment_status":"closed","ping_status":"closed","template":"elementor_header_footer","meta":{"_acf_changed":false,"neve_meta_sidebar":"full-width","neve_meta_container":"","neve_meta_enable_content_width":"on","neve_meta_content_width":100,"neve_meta_title_alignment":"","neve_meta_author_avatar":"","neve_post_elements_order":"","neve_meta_disable_header":"","neve_meta_disable_footer":"","neve_meta_disable_title":"","neve_meta_reading_time":"","_ti_tpc_template_sync":false,"_ti_tpc_template_id":"","footnotes":""},"class_list":["post-2771","page","type-page","status-publish","hentry"],"acf":[],"aioseo_notices":[],"_links":{"self":[{"href":"https:\/\/handilifesport.com\/da\/wp-json\/wp\/v2\/pages\/2771","targetHints":{"allow":["GET"]}}],"collection":[{"href":"https:\/\/handilifesport.com\/da\/wp-json\/wp\/v2\/pages"}],"about":[{"href":"https:\/\/handilifesport.com\/da\/wp-json\/wp\/v2\/types\/page"}],"author":[{"embeddable":true,"href":"https:\/\/handilifesport.com\/da\/wp-json\/wp\/v2\/users\/2"}],"replies":[{"embeddable":true,"href":"https:\/\/handilifesport.com\/da\/wp-json\/wp\/v2\/comments?post=2771"}],"version-history":[{"count":5,"href":"https:\/\/handilifesport.com\/da\/wp-json\/wp\/v2\/pages\/2771\/revisions"}],"predecessor-version":[{"id":156636,"href":"https:\/\/handilifesport.com\/da\/wp-json\/wp\/v2\/pages\/2771\/revisions\/156636"}],"wp:attachment":[{"href":"https:\/\/handilifesport.com\/da\/wp-json\/wp\/v2\/media?parent=2771"}],"curies":[{"name":"wp","href":"https:\/\/api.w.org\/{rel}","templated":true}]}}