{"id":2814,"date":"2021-11-17T09:43:41","date_gmt":"2021-11-17T09:43:41","guid":{"rendered":"https:\/\/hls2022.xanouso.com\/sport\/"},"modified":"2021-12-08T10:46:28","modified_gmt":"2021-12-08T10:46:28","slug":"sport","status":"publish","type":"page","link":"https:\/\/handilifesport.com\/da\/sport\/","title":{"rendered":"Sports"},"content":{"rendered":"<p>I mere end 30 \u00e5r har vi produceret bolde og spil af h\u00f8j kvalitet til SPORT, FRITID &amp; GENOPTR\u00c6NING<\/p>\n","protected":false},"excerpt":{"rendered":"<p>I mere end 30 \u00e5r har vi produceret bolde og spil af h\u00f8j kvalitet til SPORT, FRITID &amp; GENOPTR\u00c6NING<\/p>\n","protected":false},"author":2,"featured_media":2119,"parent":0,"menu_order":0,"comment_status":"closed","ping_status":"closed","template":"sports-template.php","meta":{"_acf_changed":false,"neve_meta_sidebar":"","neve_meta_container":"","neve_meta_enable_content_width":"off","neve_meta_content_width":100,"neve_meta_title_alignment":"","neve_meta_author_avatar":"","neve_post_elements_order":"","neve_meta_disable_header":"","neve_meta_disable_footer":"","neve_meta_disable_title":"","neve_meta_reading_time":"","_ti_tpc_template_sync":false,"_ti_tpc_template_id":"","footnotes":""},"class_list":["post-2814","page","type-page","status-publish","has-post-thumbnail","hentry"],"acf":[],"aioseo_notices":[],"_links":{"self":[{"href":"https:\/\/handilifesport.com\/da\/wp-json\/wp\/v2\/pages\/2814","targetHints":{"allow":["GET"]}}],"collection":[{"href":"https:\/\/handilifesport.com\/da\/wp-json\/wp\/v2\/pages"}],"about":[{"href":"https:\/\/handilifesport.com\/da\/wp-json\/wp\/v2\/types\/page"}],"author":[{"embeddable":true,"href":"https:\/\/handilifesport.com\/da\/wp-json\/wp\/v2\/users\/2"}],"replies":[{"embeddable":true,"href":"https:\/\/handilifesport.com\/da\/wp-json\/wp\/v2\/comments?post=2814"}],"version-history":[{"count":3,"href":"https:\/\/handilifesport.com\/da\/wp-json\/wp\/v2\/pages\/2814\/revisions"}],"predecessor-version":[{"id":2903,"href":"https:\/\/handilifesport.com\/da\/wp-json\/wp\/v2\/pages\/2814\/revisions\/2903"}],"wp:featuredmedia":[{"embeddable":true,"href":"https:\/\/handilifesport.com\/da\/wp-json\/wp\/v2\/media\/2119"}],"wp:attachment":[{"href":"https:\/\/handilifesport.com\/da\/wp-json\/wp\/v2\/media?parent=2814"}],"curies":[{"name":"wp","href":"https:\/\/api.w.org\/{rel}","templated":true}]}}