{"id":133971,"date":"2019-03-21T00:00:00","date_gmt":"2019-03-21T00:00:00","guid":{"rendered":"https:\/\/hls2022.xanouso.com\/product\/aktivitet-kit-for-pleje-hjem\/"},"modified":"2025-08-18T14:29:53","modified_gmt":"2025-08-18T12:29:53","slug":"aktivitet-kit-for-pleje-hjem","status":"publish","type":"product","link":"https:\/\/handilifesport.com\/da\/vare\/aktivitet-kit-for-pleje-hjem\/","title":{"rendered":"Aktivitets\u00e6t til plejehjem"},"content":{"rendered":"","protected":false},"excerpt":{"rendered":"<p>Det er vigtigt at bev\u00e6ge sig og tr\u00e6ne sin krop p\u00e5 alle tidspunkter af livet for at forblive sund og fit. Det hele bliver sjovere og mere effektivt ved at anvende sport og spil.<\/p>\n<p data-start=\"40\" data-end=\"180\">Dette aktivitets\u00ads\u00e6t, udviklet til plejehjem, giver et godt grundlag for at skabe sjove og rekreative aktiviteter, som alle kan deltage i.<\/p>\n<p data-start=\"182\" data-end=\"330\" data-is-last-node=\"\" data-is-only-node=\"\">S\u00e6ttet indeholder blandt andet en r\u00e6kke bl\u00f8de, lette bolde i forskellige st\u00f8rrelser samt lydbolde, der g\u00f8r det muligt for synsh\u00e6mmede at v\u00e6re med.<\/p>\n<p><strong>Aktivitetss\u00e6ttet indeholder:<\/strong><\/p>\n<p>\u2022 <a title=\"Boccia 200 set (OBS: smaller than paralympic boccia)\" href=\"https:\/\/handilife.bizperformer.media\/product\/boccia-200-set\/\">Et s\u00e6t Boccia 200<\/a><br \/>\n\u2022 <a title=\"Bowling Light \u2013 6 Skittles\" href=\"https:\/\/handilife.bizperformer.media\/product\/bowling-light-6-skittles\/\">6 kegler \u2013 Bowling light<\/a><br \/>\n\u2022 <a title=\"New Amika Ball including a ball pump\" href=\"https:\/\/handilife.bizperformer.media\/product\/new-amika-ball-including-a-ball-pump\/\">Amika bold med boldpumpe<\/a><br \/>\n\u2022 <a title=\"Velvet ball size 5\" href=\"https:\/\/handilifesport.com\/da\/vare\/saet-med-2-velvet-bolde\/\">1 Velvet Bold st\u00f8rrelse 5<\/a> og 1 <a title=\"Velvet ball size 1\" href=\"https:\/\/handilifesport.com\/da\/vare\/velvet-bold-storrelse-5-copy\/\">Velvet Bold st\u00f8rrelse 1<\/a><br \/>\n\u2022 4 lydbolde i forskellig st\u00f8rrelse: <a title=\"Rattling Soccer ball, Size 4\" href=\"https:\/\/handilife.bizperformer.media\/product\/rattle-ball-size-4\/\">Let lydbold str. 4<\/a>, <a title=\"Petito ball\" href=\"https:\/\/handilife.bizperformer.media\/product\/petito-ball\/\">Petito<\/a>, <a title=\"Little Butterfly Bell Ball\" href=\"https:\/\/handilife.bizperformer.media\/product\/little-butterfly-bell-ball\/\">Lille sommerfuglebold<\/a> og <a title=\"Butterfly Bell Ball\" href=\"https:\/\/handilife.bizperformer.media\/product\/butterfly-bell-ball\/\">Sommerfuglebold med bj\u00e6lder<\/a><br \/>\n\u2022 1 boldnet, 1 beholder og instruktioner<\/p>\n<p><strong>Se vores film om aktivitetss\u00e6ttet:<\/strong> <iframe src=\"https:\/\/www.youtube.com\/embed\/n-BP2e5arLw?rel=0\" width=\"560\" height=\"315\" frameborder=\"0\" allowfullscreen=\"allowfullscreen\"><\/iframe><\/p>\n<p><strong><br \/>\nOvenn\u00e6vnte pris er ekskl. moms.<\/strong><br \/>\n<strong>Pris i DKK inkl. moms 3.423,- pr. s\u00e6t.<\/strong><\/p>\n","protected":false},"featured_media":12874,"template":"","meta":{"_acf_changed":false,"neve_meta_sidebar":"","neve_meta_container":"","neve_meta_enable_content_width":"off","neve_meta_content_width":100,"neve_meta_title_alignment":"","neve_meta_author_avatar":"","neve_post_elements_order":"","neve_meta_disable_header":"","neve_meta_disable_footer":"","neve_meta_disable_title":"","neve_meta_reading_time":"","_ti_tpc_template_sync":false,"_ti_tpc_template_id":""},"product_cat":[4167,4165],"product_tag":[5266,5268,5276,5269,5275,5270,5274,5279,5273,5277,5278,4573,5267,5271,5272],"segments":[4532],"sports":[],"class_list":{"0":"post-133971","1":"product","2":"type-product","3":"status-publish","4":"has-post-thumbnail","6":"product_cat-rehab-og-fysio-da","7":"product_cat-aktivitets-saet","8":"product_tag-aktiviteter-for-aeldre","9":"product_tag-aktiviteter-til-plejehjem","10":"product_tag-aktiviteter-til-seniorer","11":"product_tag-aktivitetssaet-til-plejehjem-da","12":"product_tag-lege-og-aktiviteter-til-seniorer","13":"product_tag-plejehjem-da","14":"product_tag-plejehjem-da-2","15":"product_tag-plejehjems-sport","16":"product_tag-saet-til-underholdning","17":"product_tag-senior-aktiviteter-da","18":"product_tag-senior-sjov","19":"product_tag-senior-sport-da","20":"product_tag-sport-til-plejehjem","21":"product_tag-underholdning-for-seniorer-da","22":"product_tag-underholdning-til-plejehjem","23":"pa_countryorigin-dk-da","24":"pa_tarif-9506-6200-00-da","25":"segments-plejecentre","27":"first","28":"instock","29":"taxable","30":"shipping-taxable","31":"purchasable","32":"product-type-simple"},"acf":[],"aioseo_notices":[],"_links":{"self":[{"href":"https:\/\/handilifesport.com\/da\/wp-json\/wp\/v2\/product\/133971","targetHints":{"allow":["GET"]}}],"collection":[{"href":"https:\/\/handilifesport.com\/da\/wp-json\/wp\/v2\/product"}],"about":[{"href":"https:\/\/handilifesport.com\/da\/wp-json\/wp\/v2\/types\/product"}],"wp:featuredmedia":[{"embeddable":true,"href":"https:\/\/handilifesport.com\/da\/wp-json\/wp\/v2\/media\/12874"}],"wp:attachment":[{"href":"https:\/\/handilifesport.com\/da\/wp-json\/wp\/v2\/media?parent=133971"}],"wp:term":[{"taxonomy":"product_cat","embeddable":true,"href":"https:\/\/handilifesport.com\/da\/wp-json\/wp\/v2\/product_cat?post=133971"},{"taxonomy":"product_tag","embeddable":true,"href":"https:\/\/handilifesport.com\/da\/wp-json\/wp\/v2\/product_tag?post=133971"},{"taxonomy":"segments","embeddable":true,"href":"https:\/\/handilifesport.com\/da\/wp-json\/wp\/v2\/segments?post=133971"},{"taxonomy":"sports","embeddable":true,"href":"https:\/\/handilifesport.com\/da\/wp-json\/wp\/v2\/sports?post=133971"}],"curies":[{"name":"wp","href":"https:\/\/api.w.org\/{rel}","templated":true}]}}