{"id":134215,"date":"2018-08-13T00:00:00","date_gmt":"2018-08-13T00:00:00","guid":{"rendered":"https:\/\/hls2022.xanouso.com\/product\/justa-blinde-sports-maske\/"},"modified":"2025-08-19T20:52:01","modified_gmt":"2025-08-19T18:52:01","slug":"justa-blinde-sports-maske","status":"publish","type":"product","link":"https:\/\/handilifesport.com\/da\/vare\/justa-blinde-sports-maske\/","title":{"rendered":"Justa blinde Sports maske"},"content":{"rendered":"","protected":false},"excerpt":{"rendered":"<p><strong>Justa Blinde Sportsmaske<\/strong><\/p>\n<p><strong><em>Den professionelle blindesportsmaske af bl\u00f8dt st\u00f8bt sort gummi med perfekt pasform. One size med just\u00e9rbar elastisk strop. Stroppen findes i r\u00f8d og bl\u00e5.<\/em><br \/>\n<\/strong><br \/>\nJUSTA blinde sports masken er sikker, beskyttende, super behagelig &#8211; og helt uden syn. Anvendes, n\u00e5r der spilles Blinde fodbold, Goalball, Torball, Showdown o.lign.<\/p>\n<p>Justa blind Sports masken er blevet meget popul\u00e6r b\u00e5de bland elite og andre sports ud\u00f8vere.<\/p>\n<p><em><strong>Og hvad er kravene til en maske til blinde sport? Der er flere krav:<\/strong><\/em><\/p>\n<ol>\n<li>Beskyttelse af spillerens \u00f8jne, pande og n\u00e6seryg &#8211; og desuden beskyttelse af de andre spillere, p\u00e5 den m\u00e5de at de ikke kommer til skade, n\u00e5r de er i n\u00e6rkontakt med modspilleren og dennes maske.<\/li>\n<li>Intet syn: masken skal udelukke alt lys og syn.<\/li>\n<li>Komfort: Masken skal v\u00e6re \u00e5ndbar og behagelig at have p\u00e5.<\/li>\n<li>Til at betale: prisen skal v\u00e6re lav nok til at g\u00f8re masken tilg\u00e6ngelig for alle<\/li>\n<\/ol>\n<p><em><strong>Vi har l\u00f8st disse problemer ved at skabe et nyt og lidt forst\u00f8rret design med god plads til \u00f8jne og \u00f8jenvipper, ved hj\u00e6lp af nye materialer og meget professionelle samarbejdspartnere.<\/strong><\/em><\/p>\n<ul>\n<li><strong>Form:<\/strong> \u200b\u200bJusta Masken f\u00f8lger hovedets form rundt om siderne. Masken g\u00e5r et godt stykke ned p\u00e5 n\u00e6sen og giver s\u00e5ledes beskyttelse til b\u00e5de n\u00e6seryggen og h\u00f8je kindben. Samtidig lukkes der af for al lys og syn.<\/li>\n<li><strong>Hj\u00f8rner\/kanter:<\/strong> Alle hj\u00f8rner\/kanter er afrundede &#8211; ingen skarpe kanter. Dette for at undg\u00e5, at andre spillere bliver skadede.<\/li>\n<li><strong>Materiale:<\/strong> bl\u00f8dt og fleksibelt, men stadig med tilstr\u00e6kkelig tykkelse og styrke til at beskytte spilleren. Maskens ydre materiale er ren TPU &#8211; Termoplastisk Polyuretan. Dette materiale lever op til alle EU-regler for sundhed og sikkerhed.<\/li>\n<li><strong>Skum:<\/strong> PU-skum (Polyurethan) af ekstra tykkelse (16 mm). Dette specielle skum tillader ikke lys at tr\u00e6nge igennem og sikrer fuldst\u00e6ndig m\u00f8rke. Skum tykkelsen giver en t\u00e6t og behagelig pasform og sikrer, man intet kan se. Skummet lever op til alle EU&#8217;s regler for sundhed og sikkerhed.<\/li>\n<li><strong>Fremstilling:<\/strong> For at sikre den h\u00f8jeste kvalitet samarbejder vi med en erfaren fabrik, der ogs\u00e5 fremstiller beskyttelsesbriller til h\u00e6ren.<\/li>\n<\/ul>\n<pre><strong><a title=\"Det danske GOALBALL herrelandshold \u2013 elsker simpelthen JUSTA BLINDESPORTSMASKEN\" href=\"https:\/\/handilifesport.com\/da\/news\/det-danske-goalball-herrelandshold-elsker-bare-justa-blind-sports-masken\/\" target=\"_blank\" rel=\"noopener\">Det danske GOALBALL herrelandshold \u2013 elsker simpelthen JUSTA BLINDESPORTSMASKEN - klik her og find ud af hvorfor!<\/a><\/strong><\/pre>\n<p><strong>V\u00e6lg venligst r\u00f8d eller bl\u00e5 farve p\u00e5 elastik b\u00e5ndet p\u00e5 masken herunder.<\/strong><\/p>\n<p><em><strong>Bem\u00e6rk: <\/strong>Vi giver rabat ved k\u00f8b af min. 6 Justa Blind Sports Masker. Rabatten udl\u00f8ses dog kun, hvis der v\u00e6lges samme farve p\u00e5 elastik b\u00e5ndet.\u00a0<\/em><\/p>\n<p><strong>Ovenn\u00e6vnte pris er ekskl. moms.<\/strong><br \/>\n<strong>Pris i DKK inkl. moms 300,- pr. stk.<\/strong><\/p>\n","protected":false},"featured_media":134234,"template":"","meta":{"_acf_changed":false,"neve_meta_sidebar":"","neve_meta_container":"","neve_meta_enable_content_width":"off","neve_meta_content_width":100,"neve_meta_title_alignment":"","neve_meta_author_avatar":"","neve_post_elements_order":"","neve_meta_disable_header":"","neve_meta_disable_footer":"","neve_meta_disable_title":"","neve_meta_reading_time":"","_ti_tpc_template_sync":false,"_ti_tpc_template_id":""},"product_cat":[4166,4207,4221,4182,4222],"product_tag":[4654,4985,4986,4655,4656,4990,4657,4991,4992,4984,4987,4988,4989],"segments":[4530,4526,4527],"sports":[4536,4537,4544,4542],"class_list":{"0":"post-134215","1":"product","2":"type-product","3":"status-publish","4":"has-post-thumbnail","6":"product_cat-blinde-sport-og-aktiviteter","7":"product_cat-blinde-fodbold","8":"product_cat-goalball-og-torball","9":"product_cat-showdown-blinde-sport-og-aktiviteter","10":"product_cat-sportsmasker","11":"product_tag-blinde-sport-briller-da","12":"product_tag-blindesportbriller","13":"product_tag-blindesportsmaske","14":"product_tag-goal-ball-briller-da","15":"product_tag-goalball-briller-da","16":"product_tag-maske-til-5-a-side-da","17":"product_tag-maske-til-blinde-sport-da","18":"product_tag-maske-til-blindefodbold","19":"product_tag-maske-til-goalball","20":"product_tag-ojenbeskyttelse","21":"product_tag-ojenbeskyttelse-til-blindesport","22":"product_tag-ojenbeskyttelse-til-goal-ball","23":"product_tag-ojenbeskyttelse-til-goalball","24":"pa_colour-bla","25":"pa_colour-rod","26":"pa_countryorigin-dk-da","27":"pa_tarif-9004-9090-00-da","28":"segments-blindeidraet","29":"segments-parasport","30":"segments-skoleidraet","31":"sports-blinde-tennis","32":"sports-blindefodbold","33":"sports-goalball-da","34":"sports-torball-da","36":"first","37":"outofstock","38":"taxable","39":"shipping-taxable","40":"purchasable","41":"product-type-variable"},"acf":[],"aioseo_notices":[],"_links":{"self":[{"href":"https:\/\/handilifesport.com\/da\/wp-json\/wp\/v2\/product\/134215","targetHints":{"allow":["GET"]}}],"collection":[{"href":"https:\/\/handilifesport.com\/da\/wp-json\/wp\/v2\/product"}],"about":[{"href":"https:\/\/handilifesport.com\/da\/wp-json\/wp\/v2\/types\/product"}],"wp:featuredmedia":[{"embeddable":true,"href":"https:\/\/handilifesport.com\/da\/wp-json\/wp\/v2\/media\/134234"}],"wp:attachment":[{"href":"https:\/\/handilifesport.com\/da\/wp-json\/wp\/v2\/media?parent=134215"}],"wp:term":[{"taxonomy":"product_cat","embeddable":true,"href":"https:\/\/handilifesport.com\/da\/wp-json\/wp\/v2\/product_cat?post=134215"},{"taxonomy":"product_tag","embeddable":true,"href":"https:\/\/handilifesport.com\/da\/wp-json\/wp\/v2\/product_tag?post=134215"},{"taxonomy":"segments","embeddable":true,"href":"https:\/\/handilifesport.com\/da\/wp-json\/wp\/v2\/segments?post=134215"},{"taxonomy":"sports","embeddable":true,"href":"https:\/\/handilifesport.com\/da\/wp-json\/wp\/v2\/sports?post=134215"}],"curies":[{"name":"wp","href":"https:\/\/api.w.org\/{rel}","templated":true}]}}