{"id":134601,"date":"2018-03-20T00:00:00","date_gmt":"2018-03-20T00:00:00","guid":{"rendered":"https:\/\/hls2022.xanouso.com\/product\/basketball-storrelse-7\/"},"modified":"2025-09-24T14:18:05","modified_gmt":"2025-09-24T12:18:05","slug":"basketball-storrelse-7","status":"publish","type":"product","link":"https:\/\/handilifesport.com\/da\/vare\/basketball-storrelse-7\/","title":{"rendered":"Basketball, st\u00f8rrelse 7, med bj\u00e6lder"},"content":{"rendered":"","protected":false},"excerpt":{"rendered":"<p><strong>Basketball, st\u00f8rrelse 7 (normal st\u00f8rrelse)<\/strong>:<\/p>\n<ul>\n<li>Orange og bl\u00e5 st\u00f8bt gummi<\/li>\n<li>God, ringlende lyd<\/li>\n<li>St\u00f8rrelse 7<\/li>\n<li>660 gram<\/li>\n<\/ul>\n<p><strong>Godt at vide, hvis du er allergisk over for latex:<\/strong> Yderbetr\u00e6kket p\u00e5 vores gummibasketball indeholder ikke latex.<\/p>\n<p>Latex bruges kun inde i bolden og kommer ikke i kontakt med brugeren.<\/p>\n<p>Vi har nu basketbolde med lyd i 3 forskellige st\u00f8rrelser: \u00a0str. 7, <a title=\"Basketball, size 5\" href=\"https:\/\/handilifesport.com\/da\/vare\/basketball-str-5\/\" target=\"_blank\" rel=\"noopener\">str. 5<\/a> og <a title=\"Basketball, size 3\" href=\"https:\/\/handilifesport.com\/da\/vare\/basketball-str-3\/\" target=\"_blank\" rel=\"noopener\">str. 3\u00a0<\/a><\/p>\n<p>F\u00f8lg linket og tjek dem ud!<\/p>\n<p><strong>Lyt til lyden fra Basketbolden:<\/strong> <iframe src=\"https:\/\/www.youtube.com\/embed\/FTvE9ra-Vco?rel=0\" width=\"560\" height=\"315\" frameborder=\"0\" allowfullscreen=\"allowfullscreen\"><\/iframe><\/p>\n<p><strong>Ovenn\u00e6vnte pris er ekskl. moms.<\/strong><br \/>\n<strong>Pris i DKK inkl. moms 262,- pr. stk.<\/strong><\/p>\n","protected":false},"featured_media":150536,"template":"","meta":{"_acf_changed":false,"neve_meta_sidebar":"","neve_meta_container":"","neve_meta_enable_content_width":"off","neve_meta_content_width":100,"neve_meta_title_alignment":"","neve_meta_author_avatar":"","neve_post_elements_order":"","neve_meta_disable_header":"","neve_meta_disable_footer":"","neve_meta_disable_title":"","neve_meta_reading_time":"","_ti_tpc_template_sync":false,"_ti_tpc_template_id":""},"product_cat":[4166,4247,4214],"product_tag":[4943],"segments":[4530,4527],"sports":[1349],"class_list":{"0":"post-134601","1":"product","2":"type-product","3":"status-publish","4":"has-post-thumbnail","6":"product_cat-blinde-sport-og-aktiviteter","7":"product_cat-andre-lydbolde","8":"product_cat-kastekurv-og-maeltaepper","9":"product_tag-gummibold-med-bjaelder-da","10":"pa_countryorigin-dk-da","11":"pa_tarif-9506-6200-00-da","12":"segments-blindeidraet","13":"segments-skoleidraet","14":"sports-basketball-da","16":"first","17":"instock","18":"taxable","19":"shipping-taxable","20":"purchasable","21":"product-type-simple"},"acf":[],"aioseo_notices":[],"_links":{"self":[{"href":"https:\/\/handilifesport.com\/da\/wp-json\/wp\/v2\/product\/134601","targetHints":{"allow":["GET"]}}],"collection":[{"href":"https:\/\/handilifesport.com\/da\/wp-json\/wp\/v2\/product"}],"about":[{"href":"https:\/\/handilifesport.com\/da\/wp-json\/wp\/v2\/types\/product"}],"wp:featuredmedia":[{"embeddable":true,"href":"https:\/\/handilifesport.com\/da\/wp-json\/wp\/v2\/media\/150536"}],"wp:attachment":[{"href":"https:\/\/handilifesport.com\/da\/wp-json\/wp\/v2\/media?parent=134601"}],"wp:term":[{"taxonomy":"product_cat","embeddable":true,"href":"https:\/\/handilifesport.com\/da\/wp-json\/wp\/v2\/product_cat?post=134601"},{"taxonomy":"product_tag","embeddable":true,"href":"https:\/\/handilifesport.com\/da\/wp-json\/wp\/v2\/product_tag?post=134601"},{"taxonomy":"segments","embeddable":true,"href":"https:\/\/handilifesport.com\/da\/wp-json\/wp\/v2\/segments?post=134601"},{"taxonomy":"sports","embeddable":true,"href":"https:\/\/handilifesport.com\/da\/wp-json\/wp\/v2\/sports?post=134601"}],"curies":[{"name":"wp","href":"https:\/\/api.w.org\/{rel}","templated":true}]}}