{"id":134608,"date":"2018-03-20T00:00:00","date_gmt":"2018-03-20T00:00:00","guid":{"rendered":"https:\/\/hls2022.xanouso.com\/product\/komplet-dommer-kit\/"},"modified":"2025-08-25T17:48:24","modified_gmt":"2025-08-25T15:48:24","slug":"komplet-dommer-kit","status":"publish","type":"product","link":"https:\/\/handilifesport.com\/da\/vare\/komplet-dommer-kit\/","title":{"rendered":"Komplet dommers\u00e6t"},"content":{"rendered":"","protected":false},"excerpt":{"rendered":"<p><strong>Komplet dommers\u00e6t, der indeholder:<\/strong><\/p>\n<ul>\n<li>Dommerbat (h\u00e5rdt)<\/li>\n<li>M\u00e5leb\u00e5nd med topafl\u00e6sning<\/li>\n<li>M\u00e5lepassere i hhv. 29 cm og 14 cm<\/li>\n<\/ul>\n<p>\u2013 Alt pakket i en pose<\/p>\n<p><strong>Ovenn\u00e6vnte pris er ekskl. moms.<br \/>\n<\/strong><strong>Pris i DKK inkl. moms 638,- pr. s\u00e6t. <\/strong><\/p>\n","protected":false},"featured_media":158244,"template":"","meta":{"_acf_changed":false,"neve_meta_sidebar":"","neve_meta_container":"","neve_meta_enable_content_width":"off","neve_meta_content_width":100,"neve_meta_title_alignment":"","neve_meta_author_avatar":"","neve_post_elements_order":"","neve_meta_disable_header":"","neve_meta_disable_footer":"","neve_meta_disable_title":"","neve_meta_reading_time":"","_ti_tpc_template_sync":false,"_ti_tpc_template_id":""},"product_cat":[4498,4252],"product_tag":[5227],"segments":[4526],"sports":[4516],"class_list":{"0":"post-134608","1":"product","2":"type-product","3":"status-publish","4":"has-post-thumbnail","6":"product_cat-boccia-udstyr-da","7":"product_cat-dommer-og-baneudstyr","8":"product_tag-dommerudstyr-da-2","9":"pa_countryorigin-dk-da","10":"pa_tarif-9506-9990-00-da","11":"segments-parasport","12":"sports-boccia-da","14":"first","15":"instock","16":"taxable","17":"shipping-taxable","18":"purchasable","19":"product-type-simple"},"acf":[],"aioseo_notices":[],"_links":{"self":[{"href":"https:\/\/handilifesport.com\/da\/wp-json\/wp\/v2\/product\/134608","targetHints":{"allow":["GET"]}}],"collection":[{"href":"https:\/\/handilifesport.com\/da\/wp-json\/wp\/v2\/product"}],"about":[{"href":"https:\/\/handilifesport.com\/da\/wp-json\/wp\/v2\/types\/product"}],"wp:featuredmedia":[{"embeddable":true,"href":"https:\/\/handilifesport.com\/da\/wp-json\/wp\/v2\/media\/158244"}],"wp:attachment":[{"href":"https:\/\/handilifesport.com\/da\/wp-json\/wp\/v2\/media?parent=134608"}],"wp:term":[{"taxonomy":"product_cat","embeddable":true,"href":"https:\/\/handilifesport.com\/da\/wp-json\/wp\/v2\/product_cat?post=134608"},{"taxonomy":"product_tag","embeddable":true,"href":"https:\/\/handilifesport.com\/da\/wp-json\/wp\/v2\/product_tag?post=134608"},{"taxonomy":"segments","embeddable":true,"href":"https:\/\/handilifesport.com\/da\/wp-json\/wp\/v2\/segments?post=134608"},{"taxonomy":"sports","embeddable":true,"href":"https:\/\/handilifesport.com\/da\/wp-json\/wp\/v2\/sports?post=134608"}],"curies":[{"name":"wp","href":"https:\/\/api.w.org\/{rel}","templated":true}]}}