{"id":134955,"date":"2018-02-12T00:00:00","date_gmt":"2018-02-12T00:00:00","guid":{"rendered":"https:\/\/hls2022.xanouso.com\/product\/petito-foam-ball\/"},"modified":"2025-08-19T21:04:48","modified_gmt":"2025-08-19T19:04:48","slug":"petito-foam-ball","status":"publish","type":"product","link":"https:\/\/handilifesport.com\/da\/vare\/petito-foam-ball\/","title":{"rendered":"Petito Soft lydbold, st\u00f8rrelse 1"},"content":{"rendered":"","protected":false},"excerpt":{"rendered":"<p><em>Petitio Soft er en forbedret version af vores tidligere Petito Foam.<\/em><\/p>\n<p>Petito Soft er en bl\u00f8d og behagelig lille lydbold, der kan bruges af alle \u2013 fra helt sm\u00e5 b\u00f8rn til seniorer. Bolden kan bruges i mange former for leg og spil.<\/p>\n<p>Petito Soft er en fyldt bold, lavet af f\u00f8rsteklasses REACH-godkendt PU-materiale. Den har en rar raslelyd, der holder l\u00e6nge.<\/p>\n<p>Den m\u00e5ler ca. 13 cm i diameter. V\u00e6gt ca. 200 gram. Farver: bl\u00e5 og hvid.<\/p>\n<p><strong>Boldens egenskaber:<\/strong><\/p>\n<p>\u2022 Den er bl\u00f8d og klembar &#8211; man sl\u00e5r sig ikke p\u00e5 den<br \/>\n\u2022 Er let at kaste eller trille og tilsvarende let at gribe og f\u00e5 fat i<br \/>\n\u2022 Har en behagelig raslelyd<br \/>\n\u2022 Kan bruges i forskellige indend\u00f8rs omgivelser og er ikke p\u00e5 nogen m\u00e5de skadelig<br \/>\n\u2022 Det er en multifunktions-bold, der kan bruges i mange forskellige slags aktiviteter<\/p>\n<p>Petito Soft er prim\u00e6rt beregnet til indend\u00f8rs brug. Bolden kan dog fint benyttes udend\u00f8rs i t\u00f8rvejr.<\/p>\n<p><strong>Lyt til lyden fra Petito Soft (tidligere Petitio Foam):<\/strong> <iframe src=\"https:\/\/www.youtube.com\/embed\/Ryp1FzHhSus?rel=0\" width=\"560\" height=\"315\" frameborder=\"0\" allowfullscreen=\"allowfullscreen\"><\/iframe><\/p>\n<p><strong><br \/>\nOvenn\u00e6vnte pris er ekskl. moms.<br \/>\n<\/strong> <strong>Pris i DKK inkl. moms 207,- pr. stk. <\/strong><\/p>\n","protected":false},"featured_media":152770,"template":"","meta":{"_acf_changed":false,"neve_meta_sidebar":"","neve_meta_container":"","neve_meta_enable_content_width":"off","neve_meta_content_width":100,"neve_meta_title_alignment":"","neve_meta_author_avatar":"","neve_post_elements_order":"","neve_meta_disable_header":"","neve_meta_disable_footer":"","neve_meta_disable_title":"","neve_meta_reading_time":"","_ti_tpc_template_sync":false,"_ti_tpc_template_id":""},"product_cat":[4166,4247,4214,4167],"product_tag":[5303,5304,5305,5306,5307,5308,5309,5310,5298,5299,5300,5301,5302,5046,5047,5311,5312,5313,5314,5315],"segments":[4530,5042,4532,4531,4527],"sports":[1349],"class_list":{"0":"post-134955","1":"product","2":"type-product","3":"status-publish","4":"has-post-thumbnail","6":"product_cat-blinde-sport-og-aktiviteter","7":"product_cat-andre-lydbolde","8":"product_cat-kastekurv-og-maeltaepper","9":"product_cat-rehab-og-fysio-da","10":"product_tag-audible-balls-da","11":"product_tag-audible-foam-ball-da","12":"product_tag-ball-for-the-elderly-da","13":"product_tag-ball-with-sound-da","14":"product_tag-foam-ball-with-sound-da","15":"product_tag-for-children-da","16":"product_tag-for-kimdergardens-da","17":"product_tag-gentle-sound-ball-da","18":"product_tag-lydbold-til-born-da","19":"product_tag-lydbold-til-bornehaver-da","20":"product_tag-lydbold-til-gamle-da","21":"product_tag-lydbold-til-plejehjem-da","22":"product_tag-lydbold-til-seniorer-da","23":"product_tag-lydbolde-til-plejehjem","24":"product_tag-lydbolde-til-synshandicappede","25":"product_tag-soft-audible-ball-da","26":"product_tag-soft-ball-with-rattling-sound-da","27":"product_tag-soft-soundball-da","28":"product_tag-sound-ball-for-care-homes-da","29":"product_tag-sound-ball-for-seniors-da","30":"pa_countryorigin-dk-da","31":"pa_tarif-9506-6990-00-da","32":"segments-blindeidraet","33":"segments-boernehave-og-indskoling","34":"segments-plejecentre","35":"segments-rehab-og-fysio","36":"segments-skoleidraet","37":"sports-basketball-da","39":"first","40":"instock","41":"taxable","42":"shipping-taxable","43":"purchasable","44":"product-type-simple"},"acf":[],"aioseo_notices":[],"_links":{"self":[{"href":"https:\/\/handilifesport.com\/da\/wp-json\/wp\/v2\/product\/134955","targetHints":{"allow":["GET"]}}],"collection":[{"href":"https:\/\/handilifesport.com\/da\/wp-json\/wp\/v2\/product"}],"about":[{"href":"https:\/\/handilifesport.com\/da\/wp-json\/wp\/v2\/types\/product"}],"wp:featuredmedia":[{"embeddable":true,"href":"https:\/\/handilifesport.com\/da\/wp-json\/wp\/v2\/media\/152770"}],"wp:attachment":[{"href":"https:\/\/handilifesport.com\/da\/wp-json\/wp\/v2\/media?parent=134955"}],"wp:term":[{"taxonomy":"product_cat","embeddable":true,"href":"https:\/\/handilifesport.com\/da\/wp-json\/wp\/v2\/product_cat?post=134955"},{"taxonomy":"product_tag","embeddable":true,"href":"https:\/\/handilifesport.com\/da\/wp-json\/wp\/v2\/product_tag?post=134955"},{"taxonomy":"segments","embeddable":true,"href":"https:\/\/handilifesport.com\/da\/wp-json\/wp\/v2\/segments?post=134955"},{"taxonomy":"sports","embeddable":true,"href":"https:\/\/handilifesport.com\/da\/wp-json\/wp\/v2\/sports?post=134955"}],"curies":[{"name":"wp","href":"https:\/\/api.w.org\/{rel}","templated":true}]}}