{"id":135018,"date":"2017-11-22T00:00:00","date_gmt":"2017-11-22T00:00:00","guid":{"rendered":"https:\/\/hls2022.xanouso.com\/product\/running-tether\/"},"modified":"2025-08-19T21:09:48","modified_gmt":"2025-08-19T19:09:48","slug":"running-tether","status":"publish","type":"product","link":"https:\/\/handilifesport.com\/da\/vare\/running-tether\/","title":{"rendered":"L\u00f8be-Guide"},"content":{"rendered":"","protected":false},"excerpt":{"rendered":"<p>En L\u00f8be-Guide\/et L\u00f8be-b\u00e5nd g\u00f8r det muligt for mennesker med synshandicap at l\u00f8be med en seende guide l\u00f8ber p\u00e5 en sikker m\u00e5de.<\/p>\n<p>Ved at benytte en L\u00f8be-Guide er l\u00f8berne forbundet mellem h\u00e6nderne p\u00e5 l\u00f8beturen.<\/p>\n<p>L\u00f8be-Guiden er 50 cm. lang med h\u00e5ndtag i begge ender. Den er lavet af st\u00e6rk bomuld og er meget behagelig at anvende.<\/p>\n<p>&nbsp;<\/p>\n<p><strong>Ovenn\u00e6vnte pris er ekskl. moms.<\/strong><br \/>\n<strong>Pris i DKK inkl. moms 85,- pr. stk.<\/strong><\/p>\n","protected":false},"featured_media":128785,"template":"","meta":{"_acf_changed":false,"neve_meta_sidebar":"","neve_meta_container":"","neve_meta_enable_content_width":"off","neve_meta_content_width":100,"neve_meta_title_alignment":"","neve_meta_author_avatar":"","neve_post_elements_order":"","neve_meta_disable_header":"","neve_meta_disable_footer":"","neve_meta_disable_title":"","neve_meta_reading_time":"","_ti_tpc_template_sync":false,"_ti_tpc_template_id":""},"product_cat":[4166,4277],"product_tag":[],"segments":[4530,4527],"sports":[4537],"class_list":{"0":"post-135018","1":"product","2":"type-product","3":"status-publish","4":"has-post-thumbnail","6":"product_cat-blinde-sport-og-aktiviteter","7":"product_cat-loebe-guide","8":"pa_countryorigin-dk-da","9":"pa_tarif-9506-9990-00-da","10":"segments-blindeidraet","11":"segments-skoleidraet","12":"sports-blindefodbold","14":"first","15":"instock","16":"taxable","17":"shipping-taxable","18":"purchasable","19":"product-type-simple"},"acf":[],"aioseo_notices":[],"_links":{"self":[{"href":"https:\/\/handilifesport.com\/da\/wp-json\/wp\/v2\/product\/135018","targetHints":{"allow":["GET"]}}],"collection":[{"href":"https:\/\/handilifesport.com\/da\/wp-json\/wp\/v2\/product"}],"about":[{"href":"https:\/\/handilifesport.com\/da\/wp-json\/wp\/v2\/types\/product"}],"wp:featuredmedia":[{"embeddable":true,"href":"https:\/\/handilifesport.com\/da\/wp-json\/wp\/v2\/media\/128785"}],"wp:attachment":[{"href":"https:\/\/handilifesport.com\/da\/wp-json\/wp\/v2\/media?parent=135018"}],"wp:term":[{"taxonomy":"product_cat","embeddable":true,"href":"https:\/\/handilifesport.com\/da\/wp-json\/wp\/v2\/product_cat?post=135018"},{"taxonomy":"product_tag","embeddable":true,"href":"https:\/\/handilifesport.com\/da\/wp-json\/wp\/v2\/product_tag?post=135018"},{"taxonomy":"segments","embeddable":true,"href":"https:\/\/handilifesport.com\/da\/wp-json\/wp\/v2\/segments?post=135018"},{"taxonomy":"sports","embeddable":true,"href":"https:\/\/handilifesport.com\/da\/wp-json\/wp\/v2\/sports?post=135018"}],"curies":[{"name":"wp","href":"https:\/\/api.w.org\/{rel}","templated":true}]}}