{"id":135192,"date":"2017-10-12T00:00:00","date_gmt":"2017-10-12T00:00:00","guid":{"rendered":"https:\/\/hls2022.xanouso.com\/product\/indendors-krolf-bold\/"},"modified":"2025-08-18T15:23:08","modified_gmt":"2025-08-18T13:23:08","slug":"indendors-krolf-bold","status":"publish","type":"product","link":"https:\/\/handilifesport.com\/da\/vare\/indendors-krolf-bold\/","title":{"rendered":"Indend\u00f8rs krolf bold (7 cm)"},"content":{"rendered":"","protected":false},"excerpt":{"rendered":"<p>Denne krolf bold er en smule mindre og lettere end vores standard krolf bold. Den er h\u00e5ndsyet i et st\u00e6rkt PU-materiale og fyldt med plastikgranulat.<\/p>\n<p>Indend\u00f8rs bl\u00f8d krolf bold &#8211; 7 cm. i diameter.<\/p>\n<p>V\u00e6lg mellem: r\u00f8d, bl\u00e5, gul, sort og hvid<\/p>\n<p><strong>Ovenn\u00e6vnte pris er ekskl. moms.<\/strong><br \/>\n<strong>Pris i DKK inkl. moms 150,- pr. stk.<\/strong><\/p>\n","protected":false},"featured_media":4532,"template":"","meta":{"_acf_changed":false,"neve_meta_sidebar":"","neve_meta_container":"","neve_meta_enable_content_width":"off","neve_meta_content_width":100,"neve_meta_title_alignment":"","neve_meta_author_avatar":"","neve_post_elements_order":"","neve_meta_disable_header":"","neve_meta_disable_footer":"","neve_meta_disable_title":"","neve_meta_reading_time":"","_ti_tpc_template_sync":false,"_ti_tpc_template_id":""},"product_cat":[4285],"product_tag":[4785,4786],"segments":[5038],"sports":[4539],"class_list":{"0":"post-135192","1":"product","2":"type-product","3":"status-publish","4":"has-post-thumbnail","6":"product_cat-kroket-og-krolf","7":"product_tag-kroket-da","8":"product_tag-krolf-da","9":"pa_colour-bla","10":"pa_colour-gul-da","11":"pa_colour-hvid-da","12":"pa_colour-rod","13":"pa_colour-sort-da","14":"segments-seniorsport","15":"sports-krolf","17":"first","18":"instock","19":"taxable","20":"shipping-taxable","21":"purchasable","22":"product-type-variable"},"acf":[],"aioseo_notices":[],"_links":{"self":[{"href":"https:\/\/handilifesport.com\/da\/wp-json\/wp\/v2\/product\/135192","targetHints":{"allow":["GET"]}}],"collection":[{"href":"https:\/\/handilifesport.com\/da\/wp-json\/wp\/v2\/product"}],"about":[{"href":"https:\/\/handilifesport.com\/da\/wp-json\/wp\/v2\/types\/product"}],"wp:featuredmedia":[{"embeddable":true,"href":"https:\/\/handilifesport.com\/da\/wp-json\/wp\/v2\/media\/4532"}],"wp:attachment":[{"href":"https:\/\/handilifesport.com\/da\/wp-json\/wp\/v2\/media?parent=135192"}],"wp:term":[{"taxonomy":"product_cat","embeddable":true,"href":"https:\/\/handilifesport.com\/da\/wp-json\/wp\/v2\/product_cat?post=135192"},{"taxonomy":"product_tag","embeddable":true,"href":"https:\/\/handilifesport.com\/da\/wp-json\/wp\/v2\/product_tag?post=135192"},{"taxonomy":"segments","embeddable":true,"href":"https:\/\/handilifesport.com\/da\/wp-json\/wp\/v2\/segments?post=135192"},{"taxonomy":"sports","embeddable":true,"href":"https:\/\/handilifesport.com\/da\/wp-json\/wp\/v2\/sports?post=135192"}],"curies":[{"name":"wp","href":"https:\/\/api.w.org\/{rel}","templated":true}]}}