{"id":135258,"date":"2017-10-12T00:00:00","date_gmt":"2017-10-12T00:00:00","guid":{"rendered":"https:\/\/hls2022.xanouso.com\/product\/petanque-french-style-200-enkelt-bold\/"},"modified":"2026-04-01T14:25:32","modified_gmt":"2026-04-01T12:25:32","slug":"petanque-french-style-200-enkelt-bold","status":"publish","type":"product","link":"https:\/\/handilifesport.com\/da\/vare\/petanque-french-style-200-enkelt-bold\/","title":{"rendered":"Petanque French Style 200, enkelt bold"},"content":{"rendered":"","protected":false},"excerpt":{"rendered":"<div class=\"pnumber\"><strong>Enkelt Petanque French Style 200<\/strong> \u2013 bl\u00f8d bold.<\/div>\n<div><\/div>\n<div class=\"pnumber\">Samme kvalitet som vores Petanque Superior bold, men bolden er mindre (7 cm. i diameter) \u2013 v\u00e6gt op til 200 gram fyldt med plastik granulat.<\/div>\n<div><\/div>\n<div class=\"pnumber\">F\u00e5s i: Gul, sort, bl\u00e5 og r\u00f8d<\/div>\n<div><\/div>\n<div class=\"pdesc\"><strong>Ovenn\u00e6vnte pris er ekskl. moms.<br \/>\n<\/strong> <strong>Pris i DKK inkl. moms 169,- pr. stk. <\/strong><\/div>\n","protected":false},"featured_media":4532,"template":"","meta":{"_acf_changed":false,"neve_meta_sidebar":"","neve_meta_container":"","neve_meta_enable_content_width":"off","neve_meta_content_width":100,"neve_meta_title_alignment":"","neve_meta_author_avatar":"","neve_post_elements_order":"","neve_meta_disable_header":"","neve_meta_disable_footer":"","neve_meta_disable_title":"","neve_meta_reading_time":"","_ti_tpc_template_sync":false,"_ti_tpc_template_id":""},"product_cat":[4500],"product_tag":[4740,4741,4742,4743,4744,4745,4732,4746,4747],"segments":[5042,4529,4532,4531,5038,4527],"sports":[4680],"class_list":{"0":"post-135258","1":"product","2":"type-product","3":"status-publish","4":"has-post-thumbnail","6":"product_cat-petanque-da","7":"product_tag-cochon-da","8":"product_tag-gris-da","9":"product_tag-gris-til-indendors-brug-da","10":"product_tag-jack-da","11":"product_tag-jack-ball-da","12":"product_tag-malkugle-da","13":"product_tag-petanque-da","14":"product_tag-petanque-target-ball-da","15":"product_tag-targetball-da","16":"pa_colour-bla","17":"pa_colour-gul-da","18":"pa_colour-rod","19":"pa_colour-sort-da","20":"pa_countryorigin-dk-da","21":"pa_tarif-9506-6200-00-da","22":"segments-boernehave-og-indskoling","23":"segments-firma-og-familiesport","24":"segments-plejecentre","25":"segments-rehab-og-fysio","26":"segments-seniorsport","27":"segments-skoleidraet","28":"sports-petanque-da","30":"first","31":"instock","32":"taxable","33":"shipping-taxable","34":"purchasable","35":"product-type-variable"},"acf":[],"aioseo_notices":[],"_links":{"self":[{"href":"https:\/\/handilifesport.com\/da\/wp-json\/wp\/v2\/product\/135258","targetHints":{"allow":["GET"]}}],"collection":[{"href":"https:\/\/handilifesport.com\/da\/wp-json\/wp\/v2\/product"}],"about":[{"href":"https:\/\/handilifesport.com\/da\/wp-json\/wp\/v2\/types\/product"}],"wp:featuredmedia":[{"embeddable":true,"href":"https:\/\/handilifesport.com\/da\/wp-json\/wp\/v2\/media\/4532"}],"wp:attachment":[{"href":"https:\/\/handilifesport.com\/da\/wp-json\/wp\/v2\/media?parent=135258"}],"wp:term":[{"taxonomy":"product_cat","embeddable":true,"href":"https:\/\/handilifesport.com\/da\/wp-json\/wp\/v2\/product_cat?post=135258"},{"taxonomy":"product_tag","embeddable":true,"href":"https:\/\/handilifesport.com\/da\/wp-json\/wp\/v2\/product_tag?post=135258"},{"taxonomy":"segments","embeddable":true,"href":"https:\/\/handilifesport.com\/da\/wp-json\/wp\/v2\/segments?post=135258"},{"taxonomy":"sports","embeddable":true,"href":"https:\/\/handilifesport.com\/da\/wp-json\/wp\/v2\/sports?post=135258"}],"curies":[{"name":"wp","href":"https:\/\/api.w.org\/{rel}","templated":true}]}}