{"id":135317,"date":"2017-10-12T00:00:00","date_gmt":"2017-10-12T00:00:00","guid":{"rendered":"https:\/\/hls2022.xanouso.com\/product\/petanque-french-style-200-6-bolde\/"},"modified":"2025-08-21T15:43:24","modified_gmt":"2025-08-21T13:43:24","slug":"petanque-french-style-200-6-bolde","status":"publish","type":"product","link":"https:\/\/handilifesport.com\/da\/vare\/petanque-french-style-200-6-bolde\/","title":{"rendered":"Petanque French Style 200, 6 bolde s\u00e6t"},"content":{"rendered":"","protected":false},"excerpt":{"rendered":"<div class=\"pnumber\"><strong>Petanque French Style 200<\/strong><\/div>\n<div><\/div>\n<div class=\"pnumber\">Et s\u00e6t indeholder 6 bolde i to forskellige farver og 1 m\u00e5lkugle i klar farve.<\/div>\n<div class=\"pnumber\">Samme kvalitet som Petanque Superior kuglerne, men mindre (diameter p\u00e5 7 cm. \u2013 v\u00e6gt op til 200 gram).<\/div>\n<div><\/div>\n<div class=\"pnumber\">Kuglerne er h\u00e5ndsyede af det fineste japanske PU-l\u00e6der, fyldt med plastikgranulat og pakket i en nylon pose.<\/div>\n<div><\/div>\n<div class=\"pnumber\">V\u00e6lg mellem et s\u00e6t med 3 r\u00f8de og 3 bl\u00e5 kugler \u2013 eller et s\u00e6t med 3 sorte og 3 gule kugler. Begge s\u00e6t indeholder 1 m\u00e5lkugle i klar farve.<\/div>\n<div><\/div>\n<div class=\"pnumber\">Til spil p\u00e5 h\u00e5rde overflader, b\u00e5de indend\u00f8rs og udend\u00f8rs.<\/div>\n<div><\/div>\n<div class=\"pnumber\"><strong>Ovenn\u00e6vnte pris er ekskl. moms.<\/strong><br \/>\n<strong>Pris i DKK inkl. moms 929,- pr. s\u00e6t.<\/strong><\/div>\n","protected":false},"featured_media":4565,"template":"","meta":{"_acf_changed":false,"neve_meta_sidebar":"","neve_meta_container":"","neve_meta_enable_content_width":"on","neve_meta_content_width":100,"neve_meta_title_alignment":"","neve_meta_author_avatar":"","neve_post_elements_order":"","neve_meta_disable_header":"","neve_meta_disable_footer":"","neve_meta_disable_title":"","neve_meta_reading_time":"","_ti_tpc_template_sync":false,"_ti_tpc_template_id":""},"product_cat":[4500],"product_tag":[4720,4721,4712,4713,4714,4715,4716,4717,4718,4722,4719,4735,4733,4734],"segments":[5042,4529,4532,4531,5038,4527],"sports":[4680],"class_list":{"0":"post-135317","1":"product","2":"type-product","3":"status-publish","4":"has-post-thumbnail","6":"product_cat-petanque-da","7":"product_tag-200-gram","8":"product_tag-6-bolde-petanque","9":"product_tag-blode-petanque-bolde-da","10":"product_tag-blode-petanque-kugler-da","11":"product_tag-boule-da","12":"product_tag-indendors-petanque-da","13":"product_tag-indoor-petanque-da","14":"product_tag-indoors-petanque-da","15":"product_tag-petanqua-da","16":"product_tag-petanque-balls-da","17":"product_tag-petanque-til-plejehjem-da","18":"product_tag-senior-petanque-da","19":"product_tag-soft-boule-da","20":"product_tag-soft-petanque-da","21":"pa_colour-rod-bla","22":"pa_colour-sort-gul-da","23":"pa_countryorigin-dk-da","24":"pa_tarif-9506-6200-00-da","25":"segments-boernehave-og-indskoling","26":"segments-firma-og-familiesport","27":"segments-plejecentre","28":"segments-rehab-og-fysio","29":"segments-seniorsport","30":"segments-skoleidraet","31":"sports-petanque-da","33":"first","34":"instock","35":"taxable","36":"shipping-taxable","37":"purchasable","38":"product-type-variable"},"acf":[],"aioseo_notices":[],"_links":{"self":[{"href":"https:\/\/handilifesport.com\/da\/wp-json\/wp\/v2\/product\/135317","targetHints":{"allow":["GET"]}}],"collection":[{"href":"https:\/\/handilifesport.com\/da\/wp-json\/wp\/v2\/product"}],"about":[{"href":"https:\/\/handilifesport.com\/da\/wp-json\/wp\/v2\/types\/product"}],"wp:featuredmedia":[{"embeddable":true,"href":"https:\/\/handilifesport.com\/da\/wp-json\/wp\/v2\/media\/4565"}],"wp:attachment":[{"href":"https:\/\/handilifesport.com\/da\/wp-json\/wp\/v2\/media?parent=135317"}],"wp:term":[{"taxonomy":"product_cat","embeddable":true,"href":"https:\/\/handilifesport.com\/da\/wp-json\/wp\/v2\/product_cat?post=135317"},{"taxonomy":"product_tag","embeddable":true,"href":"https:\/\/handilifesport.com\/da\/wp-json\/wp\/v2\/product_tag?post=135317"},{"taxonomy":"segments","embeddable":true,"href":"https:\/\/handilifesport.com\/da\/wp-json\/wp\/v2\/segments?post=135317"},{"taxonomy":"sports","embeddable":true,"href":"https:\/\/handilifesport.com\/da\/wp-json\/wp\/v2\/sports?post=135317"}],"curies":[{"name":"wp","href":"https:\/\/api.w.org\/{rel}","templated":true}]}}