{"id":135625,"date":"2017-10-13T00:00:00","date_gmt":"2017-10-13T00:00:00","guid":{"rendered":"https:\/\/hls2022.xanouso.com\/product\/2-handi-vaegte\/"},"modified":"2025-08-25T21:24:39","modified_gmt":"2025-08-25T19:24:39","slug":"2-handi-vaegte","status":"publish","type":"product","link":"https:\/\/handilifesport.com\/da\/vare\/2-handi-vaegte\/","title":{"rendered":"Trimmy Ball Handi Weights, 2 stk."},"content":{"rendered":"","protected":false},"excerpt":{"rendered":"<p>Vores Trimmy Handi Weight-bolde g\u00f8r det muligt for personer med nedsat grebsevne at lave let styrketr\u00e6ning. Fremragende til l\u00f8b, fitness og genoptr\u00e6ning.<\/p>\n<div>\n<p class=\"pnumber\">Ogs\u00e5 velegnet til tr\u00e6ning af bocciakast.\u2022 Fremstillet af \u00e6gte l\u00e6der<br data-start=\"280\" data-end=\"283\" \/>\u2022 3 st\u00f8rrelser: v\u00e6lg mellem 300, 700 eller 1000 gram<br data-start=\"335\" data-end=\"338\" \/>\u2022 Meget behagelige at have p\u00e5<br data-start=\"367\" data-end=\"370\" \/>\u2022 Let at tage p\u00e5 og sidder godt fast med velcrob\u00e5nd<br data-start=\"421\" data-end=\"424\" \/>\u2022 Fantastiske h\u00e5ndv\u00e6gte til tr\u00e6ning!Leveres som et s\u00e6t med to Trimmy Handi Weight-bolde (samme v\u00e6gt) i en \u00e6ske med tr\u00e6ningsprogram.<\/p>\n<p>&nbsp;<\/p>\n<\/div>\n<div><strong>Se her hvordan man tager h\u00e5ndv\u00e6gtene p\u00e5:<\/strong><\/div>\n<p><iframe src=\"https:\/\/www.youtube.com\/embed\/ppn1F6NRk-c?rel=0\" width=\"560\" height=\"315\" frameborder=\"0\" allowfullscreen=\"allowfullscreen\"><\/iframe><\/p>\n<div><strong>Se en lille produktfilm her:<\/strong><\/div>\n<p><iframe src=\"https:\/\/www.youtube.com\/embed\/2iydgwNUxY4?rel=0\" width=\"560\" height=\"315\" frameborder=\"0\" allowfullscreen=\"allowfullscreen\"><\/iframe><\/p>\n<div><\/div>\n<div class=\"pnumber\"><strong>Ovenn\u00e6vnte pris er ekskl. moms.<br \/>\nPris i DKK inkl. moms 366,- pr. s\u00e6t. <\/strong><\/div>\n","protected":false},"featured_media":4409,"template":"","meta":{"_acf_changed":false,"neve_meta_sidebar":"","neve_meta_container":"","neve_meta_enable_content_width":"off","neve_meta_content_width":100,"neve_meta_title_alignment":"","neve_meta_author_avatar":"","neve_post_elements_order":"","neve_meta_disable_header":"","neve_meta_disable_footer":"","neve_meta_disable_title":"","neve_meta_reading_time":"","_ti_tpc_template_sync":false,"_ti_tpc_template_id":""},"product_cat":[4291,4167],"product_tag":[4782,4781,4783,4784],"segments":[4529,4526,4531,5038],"sports":[],"class_list":{"0":"post-135625","1":"product","2":"type-product","3":"status-publish","4":"has-post-thumbnail","6":"product_cat-boccia-traeningsaktiviteter","7":"product_cat-rehab-og-fysio-da","8":"product_tag-handvaegte-da","9":"product_tag-handvaegte-man-ikke-kan-tabe","10":"product_tag-handvaegte-med-velcro-da","11":"product_tag-handvaegte-til-stolegymnastik-da","12":"pa_countryorigin-dk-da","13":"pa_tarif-9506-9190-00-da","14":"pa_weight-1000-gram-da","15":"pa_weight-300-gram-da","16":"pa_weight-700-gram-da","17":"segments-firma-og-familiesport","18":"segments-parasport","19":"segments-rehab-og-fysio","20":"segments-seniorsport","22":"first","23":"instock","24":"taxable","25":"shipping-taxable","26":"purchasable","27":"product-type-variable"},"acf":[],"aioseo_notices":[],"_links":{"self":[{"href":"https:\/\/handilifesport.com\/da\/wp-json\/wp\/v2\/product\/135625","targetHints":{"allow":["GET"]}}],"collection":[{"href":"https:\/\/handilifesport.com\/da\/wp-json\/wp\/v2\/product"}],"about":[{"href":"https:\/\/handilifesport.com\/da\/wp-json\/wp\/v2\/types\/product"}],"wp:featuredmedia":[{"embeddable":true,"href":"https:\/\/handilifesport.com\/da\/wp-json\/wp\/v2\/media\/4409"}],"wp:attachment":[{"href":"https:\/\/handilifesport.com\/da\/wp-json\/wp\/v2\/media?parent=135625"}],"wp:term":[{"taxonomy":"product_cat","embeddable":true,"href":"https:\/\/handilifesport.com\/da\/wp-json\/wp\/v2\/product_cat?post=135625"},{"taxonomy":"product_tag","embeddable":true,"href":"https:\/\/handilifesport.com\/da\/wp-json\/wp\/v2\/product_tag?post=135625"},{"taxonomy":"segments","embeddable":true,"href":"https:\/\/handilifesport.com\/da\/wp-json\/wp\/v2\/segments?post=135625"},{"taxonomy":"sports","embeddable":true,"href":"https:\/\/handilifesport.com\/da\/wp-json\/wp\/v2\/sports?post=135625"}],"curies":[{"name":"wp","href":"https:\/\/api.w.org\/{rel}","templated":true}]}}