{"id":136026,"date":"2017-09-28T00:00:00","date_gmt":"2017-09-28T00:00:00","guid":{"rendered":"https:\/\/hls2022.xanouso.com\/product\/showdown-handske\/"},"modified":"2025-08-19T21:21:47","modified_gmt":"2025-08-19T19:21:47","slug":"showdown-handske","status":"publish","type":"product","link":"https:\/\/handilifesport.com\/da\/vare\/showdown-handske\/","title":{"rendered":"Showdown handske"},"content":{"rendered":"","protected":false},"excerpt":{"rendered":"<p><strong>Showdown handske &#8211; giver god beskyttelse til showdown spilleren:<\/strong><\/p>\n<ul class=\"content-portfolio-listings\">\n<li>Amara L\u00e6der \u2013 giver et godt greb (anti-slip) og er \u00e5ndbart &amp; fugtabsorberende<\/li>\n<li>Beskyttelse: H\u00e5ndryggen beskyttes via et st\u00e6rkt og fleksibelt plastlag<\/li>\n<li>Bev\u00e6gelsesfrihed: sikres via elastik ved fingre og h\u00e5ndflade<\/li>\n<li>Pasform: Elastik omkring h\u00e5ndleddet giver god pasform<\/li>\n<\/ul>\n<p>Bem\u00e6rk at handskerne s\u00e6lges enkeltvis.<\/p>\n<p><strong>F\u00e5s i f\u00f8lgende forskellige enkelt handsker til enten h\u00f8jre eller venstre h\u00e5nd:<\/strong> XS, S, M, L, XL<\/p>\n<p><strong>Ovenn\u00e6vnte pris er ekskl. moms.<br \/>\n<\/strong> <strong>Pris i DKK inkl. moms 179,- kr pr. handske.<\/strong><\/p>\n","protected":false},"featured_media":4266,"template":"","meta":{"_acf_changed":false,"neve_meta_sidebar":"","neve_meta_container":"","neve_meta_enable_content_width":"off","neve_meta_content_width":100,"neve_meta_title_alignment":"","neve_meta_author_avatar":"","neve_post_elements_order":"","neve_meta_disable_header":"","neve_meta_disable_footer":"","neve_meta_disable_title":"","neve_meta_reading_time":"","_ti_tpc_template_sync":false,"_ti_tpc_template_id":""},"product_cat":[4166,4182],"product_tag":[4795,4796,4797,4798,4799,4898],"segments":[4530,4526,4532],"sports":[4543],"class_list":{"0":"post-136026","1":"product","2":"type-product","3":"status-publish","4":"has-post-thumbnail","6":"product_cat-blinde-sport-og-aktiviteter","7":"product_cat-showdown-blinde-sport-og-aktiviteter","8":"product_tag-bekyttelses-handske-da","9":"product_tag-beskyttelseshandske-da","10":"product_tag-handske-da","11":"product_tag-handske-til-show-down-da","12":"product_tag-handske-til-showdown-da","13":"product_tag-showdown-udstyr-da","14":"pa_countryorigin-dk-da","15":"pa_left-right-hand-hojre-hand","16":"pa_left-right-hand-venstre-hand","17":"pa_size-l-da","18":"pa_size-m-da","19":"pa_size-s-da","20":"pa_size-xl-da","21":"pa_size-xs-da","22":"pa_tarif-9506-4090-00-da","23":"segments-blindeidraet","24":"segments-parasport","25":"segments-plejecentre","26":"sports-showdown-da","28":"first","29":"instock","30":"taxable","31":"shipping-taxable","32":"purchasable","33":"product-type-variable"},"acf":[],"aioseo_notices":[],"_links":{"self":[{"href":"https:\/\/handilifesport.com\/da\/wp-json\/wp\/v2\/product\/136026","targetHints":{"allow":["GET"]}}],"collection":[{"href":"https:\/\/handilifesport.com\/da\/wp-json\/wp\/v2\/product"}],"about":[{"href":"https:\/\/handilifesport.com\/da\/wp-json\/wp\/v2\/types\/product"}],"wp:featuredmedia":[{"embeddable":true,"href":"https:\/\/handilifesport.com\/da\/wp-json\/wp\/v2\/media\/4266"}],"wp:attachment":[{"href":"https:\/\/handilifesport.com\/da\/wp-json\/wp\/v2\/media?parent=136026"}],"wp:term":[{"taxonomy":"product_cat","embeddable":true,"href":"https:\/\/handilifesport.com\/da\/wp-json\/wp\/v2\/product_cat?post=136026"},{"taxonomy":"product_tag","embeddable":true,"href":"https:\/\/handilifesport.com\/da\/wp-json\/wp\/v2\/product_tag?post=136026"},{"taxonomy":"segments","embeddable":true,"href":"https:\/\/handilifesport.com\/da\/wp-json\/wp\/v2\/segments?post=136026"},{"taxonomy":"sports","embeddable":true,"href":"https:\/\/handilifesport.com\/da\/wp-json\/wp\/v2\/sports?post=136026"}],"curies":[{"name":"wp","href":"https:\/\/api.w.org\/{rel}","templated":true}]}}