{"id":136139,"date":"2017-09-01T00:00:00","date_gmt":"2017-09-01T00:00:00","guid":{"rendered":"https:\/\/hls2022.xanouso.com\/product\/boccia-poloshirt-2\/"},"modified":"2025-08-25T21:32:44","modified_gmt":"2025-08-25T19:32:44","slug":"boccia-poloshirt-2","status":"publish","type":"product","link":"https:\/\/handilifesport.com\/da\/vare\/boccia-poloshirt-2\/","title":{"rendered":"Boccia Poloshirt"},"content":{"rendered":"","protected":false},"excerpt":{"rendered":"<p><strong>Boccia poloshirt \u2013 i l\u00e6kker Superior \u201cLacoste\u201d kvalitet. UNISEX<\/strong><\/p>\n<ul>\n<li>Med boccia banen p\u00e5 brystet<\/li>\n<li>Handi Life Sport logo p\u00e5 \u00e6rmet<\/li>\n<li>Knapper i bl\u00e5, hvid og r\u00f8d &#8211; for at vise din sande &#8220;boccia spirit&#8221;<\/li>\n<\/ul>\n<p>F\u00e5s i marinebl\u00e5 eller lysebl\u00e5. Boccia poloshirten kan f\u00e5s i f\u00f8lgende st\u00f8rrelser: XS, S, M, L, XL og XXL &#8211; kvinder b\u00f8r v\u00e6lge en st\u00f8rrelse mindre end normalt.<\/p>\n<p>&nbsp;<\/p>\n<p><strong>Ovenn\u00e6vnte pris er ekskl. moms.<br \/>\n<\/strong> <strong>Pris i DKK inkl. moms 188,- kr. pr. stk. <\/strong><\/p>\n","protected":false},"featured_media":144498,"template":"","meta":{"_acf_changed":false,"neve_meta_sidebar":"","neve_meta_container":"","neve_meta_enable_content_width":"off","neve_meta_content_width":100,"neve_meta_title_alignment":"","neve_meta_author_avatar":"","neve_post_elements_order":"","neve_meta_disable_header":"","neve_meta_disable_footer":"","neve_meta_disable_title":"","neve_meta_reading_time":"","_ti_tpc_template_sync":false,"_ti_tpc_template_id":""},"product_cat":[4256,4499],"product_tag":[],"segments":[4526],"sports":[4516],"class_list":{"0":"post-136139","1":"product","2":"type-product","3":"status-publish","4":"has-post-thumbnail","6":"product_cat-ramper-og-andet-udstyr","7":"product_cat-boccia-collection-da","8":"pa_colour-light-blue-da","9":"pa_colour-marine-blaa","10":"pa_countryorigin-dk-da","11":"pa_size-l-da","12":"pa_size-m-da","13":"pa_size-s-da","14":"pa_size-xl-da","15":"pa_size-xs-da","16":"pa_size-xxl-da","17":"segments-parasport","18":"sports-boccia-da","20":"first","21":"instock","22":"taxable","23":"shipping-taxable","24":"purchasable","25":"product-type-variable"},"acf":[],"aioseo_notices":[],"_links":{"self":[{"href":"https:\/\/handilifesport.com\/da\/wp-json\/wp\/v2\/product\/136139","targetHints":{"allow":["GET"]}}],"collection":[{"href":"https:\/\/handilifesport.com\/da\/wp-json\/wp\/v2\/product"}],"about":[{"href":"https:\/\/handilifesport.com\/da\/wp-json\/wp\/v2\/types\/product"}],"wp:featuredmedia":[{"embeddable":true,"href":"https:\/\/handilifesport.com\/da\/wp-json\/wp\/v2\/media\/144498"}],"wp:attachment":[{"href":"https:\/\/handilifesport.com\/da\/wp-json\/wp\/v2\/media?parent=136139"}],"wp:term":[{"taxonomy":"product_cat","embeddable":true,"href":"https:\/\/handilifesport.com\/da\/wp-json\/wp\/v2\/product_cat?post=136139"},{"taxonomy":"product_tag","embeddable":true,"href":"https:\/\/handilifesport.com\/da\/wp-json\/wp\/v2\/product_tag?post=136139"},{"taxonomy":"segments","embeddable":true,"href":"https:\/\/handilifesport.com\/da\/wp-json\/wp\/v2\/segments?post=136139"},{"taxonomy":"sports","embeddable":true,"href":"https:\/\/handilifesport.com\/da\/wp-json\/wp\/v2\/sports?post=136139"}],"curies":[{"name":"wp","href":"https:\/\/api.w.org\/{rel}","templated":true}]}}