{"id":136562,"date":"2017-10-11T00:00:00","date_gmt":"2017-10-11T00:00:00","guid":{"rendered":"https:\/\/hls2022.xanouso.com\/product\/petanque-superior-indendors-12-bolde\/"},"modified":"2026-04-01T10:32:24","modified_gmt":"2026-04-01T08:32:24","slug":"petanque-superior-indendors-12-bolde","status":"publish","type":"product","link":"https:\/\/handilifesport.com\/da\/vare\/petanque-superior-indendors-12-bolde\/","title":{"rendered":"Petanque Superior, indend\u00f8rs, 12 bolde"},"content":{"rendered":"","protected":false},"excerpt":{"rendered":"<div class=\"pnumber\"><strong>Petanque Superior, 12 kugle s\u00e6t.<\/strong><\/div>\n<div><\/div>\n<div class=\"pnumber\">Bl\u00f8de bolde prim\u00e6rt til indend\u00f8rs brug.<\/div>\n<div><\/div>\n<div class=\"pnumber\">1 bold vejer ca. 290 gram +\/- 15 gram.<\/div>\n<div><\/div>\n<div class=\"pnumber\">Et s\u00e6t best\u00e5r af 3 r\u00f8de, 3 bl\u00e5, 3 gule, 3 sorte bolde, der er h\u00e5ndsyet af det fineste japanske PU-l\u00e6der, og 2 sm\u00e5 m\u00e5lkugler i klar farve.<\/div>\n<div><\/div>\n<div class=\"pnumber\">Alt er pakket i en nylon taske.<\/div>\n<div><\/div>\n<div>Til spil p\u00e5 h\u00e5rde overflader, indend\u00f8rs og udend\u00f8rs!<\/div>\n<div><\/div>\n<div>\n<p><strong>Specifikationer:<\/strong><\/p>\n<ul>\n<li>Diameter p\u00e5 boldene: 8.5 cm<\/li>\n<li>Boldens v\u00e6gt: ca. 290 gram +\/- 15 gram<\/li>\n<li>Diameter m\u00e5lkuglerne: 4 cm<\/li>\n<li>Lavet af PU l\u00e6der.<\/li>\n<li>H\u00e5ndsyet.<\/li>\n<\/ul>\n<\/div>\n<div><\/div>\n<div class=\"pdesc\"><strong>Ovenn\u00e6vnte pris er ekskl. moms.<br \/>\n<\/strong> <strong>Pris i DKK inkl. moms 2.738,- kr. pr. s\u00e6t.<\/strong><\/div>\n","protected":false},"featured_media":158257,"template":"","meta":{"_acf_changed":false,"neve_meta_sidebar":"","neve_meta_container":"","neve_meta_enable_content_width":"off","neve_meta_content_width":100,"neve_meta_title_alignment":"","neve_meta_author_avatar":"","neve_post_elements_order":"","neve_meta_disable_header":"","neve_meta_disable_footer":"","neve_meta_disable_title":"","neve_meta_reading_time":"","_ti_tpc_template_sync":false,"_ti_tpc_template_id":""},"product_cat":[4500],"product_tag":[4712,4713,4714,4715,4716,4717,4718,4733,4734],"segments":[4529,4532,4531,5038,4527],"sports":[4680],"class_list":{"0":"post-136562","1":"product","2":"type-product","3":"status-publish","4":"has-post-thumbnail","6":"product_cat-petanque-da","7":"product_tag-blode-petanque-bolde-da","8":"product_tag-blode-petanque-kugler-da","9":"product_tag-boule-da","10":"product_tag-indendors-petanque-da","11":"product_tag-indoor-petanque-da","12":"product_tag-indoors-petanque-da","13":"product_tag-petanqua-da","14":"product_tag-soft-boule-da","15":"product_tag-soft-petanque-da","16":"pa_countryorigin-dk-da","17":"pa_tarif-9506-6200-00-da","18":"segments-firma-og-familiesport","19":"segments-plejecentre","20":"segments-rehab-og-fysio","21":"segments-seniorsport","22":"segments-skoleidraet","23":"sports-petanque-da","25":"first","26":"instock","27":"taxable","28":"shipping-taxable","29":"purchasable","30":"product-type-simple"},"acf":[],"aioseo_notices":[],"_links":{"self":[{"href":"https:\/\/handilifesport.com\/da\/wp-json\/wp\/v2\/product\/136562","targetHints":{"allow":["GET"]}}],"collection":[{"href":"https:\/\/handilifesport.com\/da\/wp-json\/wp\/v2\/product"}],"about":[{"href":"https:\/\/handilifesport.com\/da\/wp-json\/wp\/v2\/types\/product"}],"wp:featuredmedia":[{"embeddable":true,"href":"https:\/\/handilifesport.com\/da\/wp-json\/wp\/v2\/media\/158257"}],"wp:attachment":[{"href":"https:\/\/handilifesport.com\/da\/wp-json\/wp\/v2\/media?parent=136562"}],"wp:term":[{"taxonomy":"product_cat","embeddable":true,"href":"https:\/\/handilifesport.com\/da\/wp-json\/wp\/v2\/product_cat?post=136562"},{"taxonomy":"product_tag","embeddable":true,"href":"https:\/\/handilifesport.com\/da\/wp-json\/wp\/v2\/product_tag?post=136562"},{"taxonomy":"segments","embeddable":true,"href":"https:\/\/handilifesport.com\/da\/wp-json\/wp\/v2\/segments?post=136562"},{"taxonomy":"sports","embeddable":true,"href":"https:\/\/handilifesport.com\/da\/wp-json\/wp\/v2\/sports?post=136562"}],"curies":[{"name":"wp","href":"https:\/\/api.w.org\/{rel}","templated":true}]}}