{"id":136913,"date":"2017-01-09T00:00:00","date_gmt":"2017-01-09T00:00:00","guid":{"rendered":"https:\/\/hls2022.xanouso.com\/product\/boccia-noglering-2\/"},"modified":"2025-08-25T21:41:25","modified_gmt":"2025-08-25T19:41:25","slug":"boccia-noglering-2","status":"publish","type":"product","link":"https:\/\/handilifesport.com\/da\/vare\/boccia-noglering-2\/","title":{"rendered":"Boccia n\u00f8glering"},"content":{"rendered":"","protected":false},"excerpt":{"rendered":"<div class=\"pnumber\">Boccia n\u00f8glering i resin\/harpiks (20 mm) med Handi Life Sport logo.<\/div>\n<div class=\"pdesc\">\n<p>Kan f\u00e5s i r\u00f8d, bl\u00e5 og hvid.<\/p>\n<\/div>\n<p><strong>Ovenn\u00e6vnte priser ekskl. moms.<br \/>\nPris i DKK inkl moms 94,- kr. pr. stk.<\/strong><\/p>\n","protected":false},"featured_media":3966,"template":"","meta":{"_acf_changed":false,"neve_meta_sidebar":"","neve_meta_container":"","neve_meta_enable_content_width":"off","neve_meta_content_width":100,"neve_meta_title_alignment":"","neve_meta_author_avatar":"","neve_post_elements_order":"","neve_meta_disable_header":"","neve_meta_disable_footer":"","neve_meta_disable_title":"","neve_meta_reading_time":"","_ti_tpc_template_sync":false,"_ti_tpc_template_id":""},"product_cat":[4499],"product_tag":[],"segments":[],"sports":[],"class_list":{"0":"post-136913","1":"product","2":"type-product","3":"status-publish","4":"has-post-thumbnail","6":"product_cat-boccia-collection-da","7":"pa_colour-bla","8":"pa_colour-hvid-da","9":"pa_colour-rod","10":"pa_countryorigin-dk-da","11":"pa_tarif-7117-9000-00-da","13":"first","14":"instock","15":"taxable","16":"shipping-taxable","17":"purchasable","18":"product-type-variable","19":"has-default-attributes"},"acf":[],"aioseo_notices":[],"_links":{"self":[{"href":"https:\/\/handilifesport.com\/da\/wp-json\/wp\/v2\/product\/136913","targetHints":{"allow":["GET"]}}],"collection":[{"href":"https:\/\/handilifesport.com\/da\/wp-json\/wp\/v2\/product"}],"about":[{"href":"https:\/\/handilifesport.com\/da\/wp-json\/wp\/v2\/types\/product"}],"wp:featuredmedia":[{"embeddable":true,"href":"https:\/\/handilifesport.com\/da\/wp-json\/wp\/v2\/media\/3966"}],"wp:attachment":[{"href":"https:\/\/handilifesport.com\/da\/wp-json\/wp\/v2\/media?parent=136913"}],"wp:term":[{"taxonomy":"product_cat","embeddable":true,"href":"https:\/\/handilifesport.com\/da\/wp-json\/wp\/v2\/product_cat?post=136913"},{"taxonomy":"product_tag","embeddable":true,"href":"https:\/\/handilifesport.com\/da\/wp-json\/wp\/v2\/product_tag?post=136913"},{"taxonomy":"segments","embeddable":true,"href":"https:\/\/handilifesport.com\/da\/wp-json\/wp\/v2\/segments?post=136913"},{"taxonomy":"sports","embeddable":true,"href":"https:\/\/handilifesport.com\/da\/wp-json\/wp\/v2\/sports?post=136913"}],"curies":[{"name":"wp","href":"https:\/\/api.w.org\/{rel}","templated":true}]}}