{"id":137592,"date":"2017-01-07T00:00:00","date_gmt":"2017-01-07T00:00:00","guid":{"rendered":"https:\/\/hls2022.xanouso.com\/product\/single-ledo-suede-boccia-bold\/"},"modified":"2025-08-25T14:11:04","modified_gmt":"2025-08-25T12:11:04","slug":"single-ledo-suede-boccia-bold","status":"publish","type":"product","link":"https:\/\/handilifesport.com\/da\/vare\/single-ledo-suede-boccia-bold\/","title":{"rendered":"Single Ledo &#8211; Suede boccia bold"},"content":{"rendered":"","protected":false},"excerpt":{"rendered":"<div class=\"pnumber\"><strong>Enkelt Ledo &#8211; Suede\u00a0boccia bold.<\/strong><\/div>\n<div><\/div>\n<div class=\"pdesc\">Hver boccia bold m\u00e5ler: omkreds 270 mm +\/- 8 mm, v\u00e6gt: 275 g. +\/- 12 g. (diameter ca. 8,5 cm) med BISFed License stempel.<\/div>\n<div><\/div>\n<div class=\"pdesc\">Ledo Suede Boccia bolde er lavet af \u00e6gte ruskind og polyester underforing. Den bl\u00f8de og l\u00e6kre ruskinds overflade g\u00f8r det let at holde p\u00e5 bolden og giver god pr\u00e6cision. Kan bestilles i r\u00f8d, bl\u00e5 eller hvid.<\/div>\n<div><\/div>\n<div class=\"pdesc\"><span class=\"hps\">Kan ligeledes bestilles i f\u00f8lgende h\u00e5rdheder: h\u00e5rd, medium-h\u00e5rd, medium, medium-bl\u00f8d, bl\u00f8d og Supersoft.<\/span><\/div>\n<div><\/div>\n<div>Hver bold leveres i en beskyttende Boccia Bubble.<\/div>\n<div><\/div>\n<div class=\"pdesc\"><strong>Ovenn\u00e6vnte pris er ekskl. moms. <\/strong><\/div>\n<div class=\"pdesc\"><strong>Pris i DKK inkl. moms 385,- kr. pr. bold.<\/strong><\/div>\n","protected":false},"featured_media":3259,"template":"","meta":{"_acf_changed":false,"neve_meta_sidebar":"","neve_meta_container":"","neve_meta_enable_content_width":"off","neve_meta_content_width":100,"neve_meta_title_alignment":"","neve_meta_author_avatar":"","neve_post_elements_order":"","neve_meta_disable_header":"","neve_meta_disable_footer":"","neve_meta_disable_title":"","neve_meta_reading_time":"","_ti_tpc_template_sync":false,"_ti_tpc_template_id":""},"product_cat":[4515,4547],"product_tag":[],"segments":[4526],"sports":[4516],"class_list":{"0":"post-137592","1":"product","2":"type-product","3":"status-publish","4":"has-post-thumbnail","6":"product_cat-boccia-saet","7":"product_cat-boccia-ledo-suede-da","8":"pa_balls-harde-bolde","9":"pa_balls-medium-bolde-da","10":"pa_balls-medium-harde-bolde","11":"pa_balls-medium-soft-bolde","12":"pa_balls-soft-bolde","13":"pa_balls-supersoft-bolde-da","14":"pa_colour-bla","15":"pa_colour-hvid-da","16":"pa_colour-rod","17":"pa_countryorigin-dk-da","18":"pa_tarif-9506-6200-00-da","19":"segments-parasport","20":"sports-boccia-da","22":"first","23":"instock","24":"taxable","25":"shipping-taxable","26":"purchasable","27":"product-type-variable"},"acf":[],"aioseo_notices":[],"_links":{"self":[{"href":"https:\/\/handilifesport.com\/da\/wp-json\/wp\/v2\/product\/137592","targetHints":{"allow":["GET"]}}],"collection":[{"href":"https:\/\/handilifesport.com\/da\/wp-json\/wp\/v2\/product"}],"about":[{"href":"https:\/\/handilifesport.com\/da\/wp-json\/wp\/v2\/types\/product"}],"wp:featuredmedia":[{"embeddable":true,"href":"https:\/\/handilifesport.com\/da\/wp-json\/wp\/v2\/media\/3259"}],"wp:attachment":[{"href":"https:\/\/handilifesport.com\/da\/wp-json\/wp\/v2\/media?parent=137592"}],"wp:term":[{"taxonomy":"product_cat","embeddable":true,"href":"https:\/\/handilifesport.com\/da\/wp-json\/wp\/v2\/product_cat?post=137592"},{"taxonomy":"product_tag","embeddable":true,"href":"https:\/\/handilifesport.com\/da\/wp-json\/wp\/v2\/product_tag?post=137592"},{"taxonomy":"segments","embeddable":true,"href":"https:\/\/handilifesport.com\/da\/wp-json\/wp\/v2\/segments?post=137592"},{"taxonomy":"sports","embeddable":true,"href":"https:\/\/handilifesport.com\/da\/wp-json\/wp\/v2\/sports?post=137592"}],"curies":[{"name":"wp","href":"https:\/\/api.w.org\/{rel}","templated":true}]}}