{"id":138188,"date":"2017-01-06T00:00:00","date_gmt":"2017-01-06T00:00:00","guid":{"rendered":"https:\/\/hls2022.xanouso.com\/product\/kaempestor-fodbold-til-eks-korestolsfodbold\/"},"modified":"2025-08-18T13:48:37","modified_gmt":"2025-08-18T11:48:37","slug":"kaempestor-fodbold-til-eks-korestolsfodbold","status":"publish","type":"product","link":"https:\/\/handilifesport.com\/da\/vare\/kaempestor-fodbold-til-eks-korestolsfodbold\/","title":{"rendered":"K\u00e6mpestor fodbold til eks. K\u00f8restolsfodbold"},"content":{"rendered":"","protected":false},"excerpt":{"rendered":"<div>\n<p><em>K\u00f8restolsfodbold i nyt smukt design!<\/em><\/p>\n<\/div>\n<p>En k\u00e6mpestor fodbold lavet af f\u00f8rste klasses materialer.<\/p>\n<p>Den kan bruges til k\u00f8restolsfodbold, Wheelchair football\/Power Soccer, eller bare til sjov og leg!<\/p>\n<p>\u2022 Diameter p\u00e5 33 cm<br \/>\n\u2022 V\u00e6gt ca. 1000 gram<br \/>\n\u2022 Officiel st\u00f8rrelse og v\u00e6gt for k\u00f8restolsfodbolde<br \/>\n\u2022 H\u00e5ndsyet<\/p>\n<div><\/div>\n<div class=\"pdesc\"><strong>Ovenn\u00e6vnte pris er ekskl. moms.<br \/>\n<\/strong> <strong>Pris i DKK inkl. moms 704,- kr. pr. bold.<\/strong><\/div>\n","protected":false},"featured_media":148445,"template":"","meta":{"_acf_changed":false,"neve_meta_sidebar":"","neve_meta_container":"","neve_meta_enable_content_width":"off","neve_meta_content_width":100,"neve_meta_title_alignment":"","neve_meta_author_avatar":"","neve_post_elements_order":"","neve_meta_disable_header":"","neve_meta_disable_footer":"","neve_meta_disable_title":"","neve_meta_reading_time":"","_ti_tpc_template_sync":false,"_ti_tpc_template_id":""},"product_cat":[4397],"product_tag":[4662,5071,5073,5072,5074,5075,5076,5077,5078,4665,5079],"segments":[5042,4526,4527],"sports":[4914],"class_list":{"0":"post-138188","1":"product","2":"type-product","3":"status-publish","4":"has-post-thumbnail","6":"product_cat-oevrige-bolde","7":"product_tag-fodbold","8":"product_tag-football-for-wheelchair-soccer-da","9":"product_tag-korestols-fodbold","10":"product_tag-korestolsfodbold-da","11":"product_tag-oversize-soccerball-da","12":"product_tag-power-football-da","13":"product_tag-power-soccer-da","14":"product_tag-power-soccer-ball-da","15":"product_tag-powerchair-football-da","16":"product_tag-soccer-ball-da","17":"product_tag-wheelchair-soccer-da","18":"pa_countryorigin-dk-da","19":"pa_tarif-9506-6200-00-da","20":"segments-boernehave-og-indskoling","21":"segments-parasport","22":"segments-skoleidraet","23":"sports-koerestolsfodbold","25":"first","26":"instock","27":"taxable","28":"shipping-taxable","29":"purchasable","30":"product-type-simple"},"acf":[],"aioseo_notices":[],"_links":{"self":[{"href":"https:\/\/handilifesport.com\/da\/wp-json\/wp\/v2\/product\/138188","targetHints":{"allow":["GET"]}}],"collection":[{"href":"https:\/\/handilifesport.com\/da\/wp-json\/wp\/v2\/product"}],"about":[{"href":"https:\/\/handilifesport.com\/da\/wp-json\/wp\/v2\/types\/product"}],"wp:featuredmedia":[{"embeddable":true,"href":"https:\/\/handilifesport.com\/da\/wp-json\/wp\/v2\/media\/148445"}],"wp:attachment":[{"href":"https:\/\/handilifesport.com\/da\/wp-json\/wp\/v2\/media?parent=138188"}],"wp:term":[{"taxonomy":"product_cat","embeddable":true,"href":"https:\/\/handilifesport.com\/da\/wp-json\/wp\/v2\/product_cat?post=138188"},{"taxonomy":"product_tag","embeddable":true,"href":"https:\/\/handilifesport.com\/da\/wp-json\/wp\/v2\/product_tag?post=138188"},{"taxonomy":"segments","embeddable":true,"href":"https:\/\/handilifesport.com\/da\/wp-json\/wp\/v2\/segments?post=138188"},{"taxonomy":"sports","embeddable":true,"href":"https:\/\/handilifesport.com\/da\/wp-json\/wp\/v2\/sports?post=138188"}],"curies":[{"name":"wp","href":"https:\/\/api.w.org\/{rel}","templated":true}]}}