{"id":138304,"date":"2017-01-06T00:00:00","date_gmt":"2017-01-05T22:00:00","guid":{"rendered":"https:\/\/hls2022.xanouso.com\/product\/startsaet-til-blindefodbold\/"},"modified":"2025-08-19T21:45:47","modified_gmt":"2025-08-19T19:45:47","slug":"startsaet-til-blindefodbold","status":"publish","type":"product","link":"https:\/\/handilifesport.com\/da\/vare\/startsaet-til-blindefodbold\/","title":{"rendered":"Starts\u00e6t til blindefodbold"},"content":{"rendered":"","protected":false},"excerpt":{"rendered":"<div><strong>Starts\u00e6t til Blinde fodbold<\/strong><\/div>\n<div><\/div>\n<div class=\"pnumber\">Blindefodbold er en sp\u00e6ndende og udfordrende sport for seende s\u00e5vel som synshandicappede.<\/div>\n<div><\/div>\n<div class=\"pdesc\">Vi tilbyder et starts\u00e6t best\u00e5ende af 1 Apricot blindefodbold (str. 3) med god lyd (eller en anden blindefodbold i st\u00f8rrelse 3 med lavt opspring) samt 10 masker &#8211; 5 r\u00f8de og 5 sorte.<\/div>\n<div><\/div>\n<div>Vi inkluderer en lille folder med basis reglerne for blindefodbold. Det hele pakkes i en fin pose.<\/div>\n<div><\/div>\n<div>\n<p><em>Dette er ogs\u00e5 en virkelig sjov team event for seende!<\/em><\/p>\n<\/div>\n<div><\/div>\n<div class=\"pdesc\"><strong>Ovenn\u00e6vnte pris er ekskl. moms.<br \/>\n<\/strong> <strong>Pris i DKK inkl. moms 488,- kr. pr. s\u00e6t.<\/strong><\/div>\n","protected":false},"featured_media":3512,"template":"","meta":{"_acf_changed":false,"neve_meta_sidebar":"","neve_meta_container":"","neve_meta_enable_content_width":"off","neve_meta_content_width":100,"neve_meta_title_alignment":"","neve_meta_author_avatar":"","neve_post_elements_order":"","neve_meta_disable_header":"","neve_meta_disable_footer":"","neve_meta_disable_title":"","neve_meta_reading_time":"","_ti_tpc_template_sync":false,"_ti_tpc_template_id":""},"product_cat":[4166,4207],"product_tag":[4659,5303,4660,4661,4662,4663,4667,4664,4658,4665,4666],"segments":[4530,4526,4527],"sports":[4537],"class_list":{"0":"post-138304","1":"product","2":"type-product","3":"status-publish","4":"has-post-thumbnail","6":"product_cat-blinde-sport-og-aktiviteter","7":"product_cat-blinde-fodbold","8":"product_tag-5-a-side-da","9":"product_tag-audible-balls-da","10":"product_tag-blinde-fodbold-da","11":"product_tag-blindefodbold-da","12":"product_tag-fodbold","13":"product_tag-fodbold-med-6-lydgivere-da","14":"product_tag-fodbold-med-lyd-da","15":"product_tag-futsal-bold-da","16":"product_tag-lydbold-da","17":"product_tag-soccer-ball-da","18":"product_tag-soccer-for-the-blind-da","19":"pa_countryorigin-dk-da","20":"pa_tarif-9506-6200-00-da","21":"segments-blindeidraet","22":"segments-parasport","23":"segments-skoleidraet","24":"sports-blindefodbold","26":"first","27":"outofstock","28":"taxable","29":"shipping-taxable","30":"purchasable","31":"product-type-simple"},"acf":[],"aioseo_notices":[],"_links":{"self":[{"href":"https:\/\/handilifesport.com\/da\/wp-json\/wp\/v2\/product\/138304","targetHints":{"allow":["GET"]}}],"collection":[{"href":"https:\/\/handilifesport.com\/da\/wp-json\/wp\/v2\/product"}],"about":[{"href":"https:\/\/handilifesport.com\/da\/wp-json\/wp\/v2\/types\/product"}],"wp:featuredmedia":[{"embeddable":true,"href":"https:\/\/handilifesport.com\/da\/wp-json\/wp\/v2\/media\/3512"}],"wp:attachment":[{"href":"https:\/\/handilifesport.com\/da\/wp-json\/wp\/v2\/media?parent=138304"}],"wp:term":[{"taxonomy":"product_cat","embeddable":true,"href":"https:\/\/handilifesport.com\/da\/wp-json\/wp\/v2\/product_cat?post=138304"},{"taxonomy":"product_tag","embeddable":true,"href":"https:\/\/handilifesport.com\/da\/wp-json\/wp\/v2\/product_tag?post=138304"},{"taxonomy":"segments","embeddable":true,"href":"https:\/\/handilifesport.com\/da\/wp-json\/wp\/v2\/segments?post=138304"},{"taxonomy":"sports","embeddable":true,"href":"https:\/\/handilifesport.com\/da\/wp-json\/wp\/v2\/sports?post=138304"}],"curies":[{"name":"wp","href":"https:\/\/api.w.org\/{rel}","templated":true}]}}