{"id":138743,"date":"2017-01-06T00:00:00","date_gmt":"2017-01-06T00:00:00","guid":{"rendered":"https:\/\/hls2022.xanouso.com\/product\/rullebraet\/"},"modified":"2025-08-18T13:35:18","modified_gmt":"2025-08-18T11:35:18","slug":"rullebraet","status":"publish","type":"product","link":"https:\/\/handilifesport.com\/da\/vare\/rullebraet\/","title":{"rendered":"Rullebr\u00e6t"},"content":{"rendered":"","protected":false},"excerpt":{"rendered":"<div class=\"pnumber\">\n<div>Et fleksibelt og solidt rullebr\u00e6t, udviklet af fysioterapeuter, til rygtr\u00e6ning, \u00f8get mobilitet og meget andet.<\/p>\n<\/div>\n<div class=\"pnumber\"><span class=\"hps\">Rullebr\u00e6t\u00a0af <\/span><span class=\"hps\">fyrretr\u00e6 <\/span><span class=\"hps\">med solide <\/span><span class=\"hps\">hjul.<\/span> Super kvalitet!<\/p>\n<p>M\u00e5ler <span class=\"hps\">120 <\/span><span class=\"hps\">x 40 cm.<\/span><\/div>\n<div><\/div>\n<div class=\"pdesc\">\n<p><strong>Ovenn\u00e6vnte pris er inkl. moms.<\/strong><br \/>\n<strong>Pris i DKK ekskl. moms 732,- kr. pr. stk.<\/strong><\/p>\n<\/div>\n<\/div>\n","protected":false},"featured_media":3320,"template":"","meta":{"_acf_changed":false,"neve_meta_sidebar":"","neve_meta_container":"","neve_meta_enable_content_width":"off","neve_meta_content_width":100,"neve_meta_title_alignment":"","neve_meta_author_avatar":"","neve_post_elements_order":"","neve_meta_disable_header":"","neve_meta_disable_footer":"","neve_meta_disable_title":"","neve_meta_reading_time":"","_ti_tpc_template_sync":false,"_ti_tpc_template_id":""},"product_cat":[4167],"product_tag":[],"segments":[4531],"sports":[],"class_list":{"0":"post-138743","1":"product","2":"type-product","3":"status-publish","4":"has-post-thumbnail","6":"product_cat-rehab-og-fysio-da","7":"pa_countryorigin-dk-da","8":"segments-rehab-og-fysio","10":"first","11":"instock","12":"taxable","13":"shipping-taxable","14":"purchasable","15":"product-type-simple"},"acf":[],"aioseo_notices":[],"_links":{"self":[{"href":"https:\/\/handilifesport.com\/da\/wp-json\/wp\/v2\/product\/138743","targetHints":{"allow":["GET"]}}],"collection":[{"href":"https:\/\/handilifesport.com\/da\/wp-json\/wp\/v2\/product"}],"about":[{"href":"https:\/\/handilifesport.com\/da\/wp-json\/wp\/v2\/types\/product"}],"wp:featuredmedia":[{"embeddable":true,"href":"https:\/\/handilifesport.com\/da\/wp-json\/wp\/v2\/media\/3320"}],"wp:attachment":[{"href":"https:\/\/handilifesport.com\/da\/wp-json\/wp\/v2\/media?parent=138743"}],"wp:term":[{"taxonomy":"product_cat","embeddable":true,"href":"https:\/\/handilifesport.com\/da\/wp-json\/wp\/v2\/product_cat?post=138743"},{"taxonomy":"product_tag","embeddable":true,"href":"https:\/\/handilifesport.com\/da\/wp-json\/wp\/v2\/product_tag?post=138743"},{"taxonomy":"segments","embeddable":true,"href":"https:\/\/handilifesport.com\/da\/wp-json\/wp\/v2\/segments?post=138743"},{"taxonomy":"sports","embeddable":true,"href":"https:\/\/handilifesport.com\/da\/wp-json\/wp\/v2\/sports?post=138743"}],"curies":[{"name":"wp","href":"https:\/\/api.w.org\/{rel}","templated":true}]}}