{"id":138964,"date":"2017-01-06T00:00:00","date_gmt":"2017-01-06T00:00:00","guid":{"rendered":"https:\/\/hls2022.xanouso.com\/product\/dommerbat-rod-blaa\/"},"modified":"2025-08-25T21:51:52","modified_gmt":"2025-08-25T19:51:52","slug":"referees-paddle-red-blue","status":"publish","type":"product","link":"https:\/\/handilifesport.com\/da\/vare\/referees-paddle-red-blue\/","title":{"rendered":"Referees paddle, red\/blue"},"content":{"rendered":"","protected":false},"excerpt":{"rendered":"<div class=\"pnumber\">\n<p>Dommerbat, den ene side r\u00f8d og den anden side bl\u00e5.<br \/>\nFremstillet af EVA-skum.<\/p>\n<p>Boccia-dommeren bruger battet til at vise, hvilket hold der skal kaste den n\u00e6ste bold &#8211; r\u00f8dt eller bl\u00e5t hold.<\/p>\n<p>Kan ogs\u00e5 bruges til kn\u00e6beskyttelse, n\u00e5r dommeren kn\u00e6ler ned for at m\u00e5le afstanden mellem boldene.<\/p>\n<\/div>\n<div class=\"pdesc\">\n<p><strong>Ovenn\u00e6vnte pris er ekskl. moms.<br \/>\n<\/strong> <strong>Pris i DKK inkl. moms 80,- kr. pr. stk.<\/strong><\/p>\n<\/div>\n","protected":false},"featured_media":3244,"template":"","meta":{"_acf_changed":false,"neve_meta_sidebar":"","neve_meta_container":"","neve_meta_enable_content_width":"on","neve_meta_content_width":100,"neve_meta_title_alignment":"","neve_meta_author_avatar":"","neve_post_elements_order":"","neve_meta_disable_header":"","neve_meta_disable_footer":"","neve_meta_disable_title":"","neve_meta_reading_time":"","_ti_tpc_template_sync":false,"_ti_tpc_template_id":""},"product_cat":[4498,4252],"product_tag":[5227],"segments":[4526],"sports":[4516],"class_list":{"0":"post-138964","1":"product","2":"type-product","3":"status-publish","4":"has-post-thumbnail","6":"product_cat-boccia-udstyr-da","7":"product_cat-dommer-og-baneudstyr","8":"product_tag-dommerudstyr-da-2","9":"pa_countryorigin-dk-da","10":"pa_tarif-9506-9990-00-da","11":"segments-parasport","12":"sports-boccia-da","14":"first","15":"outofstock","16":"taxable","17":"shipping-taxable","18":"purchasable","19":"product-type-simple"},"acf":[],"aioseo_notices":[],"_links":{"self":[{"href":"https:\/\/handilifesport.com\/da\/wp-json\/wp\/v2\/product\/138964","targetHints":{"allow":["GET"]}}],"collection":[{"href":"https:\/\/handilifesport.com\/da\/wp-json\/wp\/v2\/product"}],"about":[{"href":"https:\/\/handilifesport.com\/da\/wp-json\/wp\/v2\/types\/product"}],"wp:featuredmedia":[{"embeddable":true,"href":"https:\/\/handilifesport.com\/da\/wp-json\/wp\/v2\/media\/3244"}],"wp:attachment":[{"href":"https:\/\/handilifesport.com\/da\/wp-json\/wp\/v2\/media?parent=138964"}],"wp:term":[{"taxonomy":"product_cat","embeddable":true,"href":"https:\/\/handilifesport.com\/da\/wp-json\/wp\/v2\/product_cat?post=138964"},{"taxonomy":"product_tag","embeddable":true,"href":"https:\/\/handilifesport.com\/da\/wp-json\/wp\/v2\/product_tag?post=138964"},{"taxonomy":"segments","embeddable":true,"href":"https:\/\/handilifesport.com\/da\/wp-json\/wp\/v2\/segments?post=138964"},{"taxonomy":"sports","embeddable":true,"href":"https:\/\/handilifesport.com\/da\/wp-json\/wp\/v2\/sports?post=138964"}],"curies":[{"name":"wp","href":"https:\/\/api.w.org\/{rel}","templated":true}]}}