{"id":139218,"date":"2016-12-30T00:00:00","date_gmt":"2016-12-30T00:00:00","guid":{"rendered":"https:\/\/hls2022.xanouso.com\/product\/boccia-grid-braet-til-blinde\/"},"modified":"2025-08-25T21:55:22","modified_gmt":"2025-08-25T19:55:22","slug":"boccia-grid-braet-til-blinde","status":"publish","type":"product","link":"https:\/\/handilifesport.com\/da\/vare\/boccia-grid-braet-til-blinde\/","title":{"rendered":"Boccia grid\/br\u00e6t til blinde"},"content":{"rendered":"","protected":false},"excerpt":{"rendered":"<div class=\"pnumber\"><strong>Boccia grid\/br\u00e6t til Blinde Boccia.<\/strong><\/div>\n<div><\/div>\n<div class=\"pnumber\">Det taktile boccia br\u00e6t g\u00f8r det muligt at spille boccia uden at kunne se. Enten hvis spilleren er blind &#8211; eller bruger maske.<\/div>\n<div class=\"pdesc\">\n<p>Instruktioner medf\u00f8lger &#8211; ogs\u00e5 p\u00e5 blindeskrift (Braille). Der vedl\u00e6gges desuden et ekstra s\u00e6t markeringsstifter.<\/p>\n<p>Det hele pakkes i en stofpose.<\/p>\n<p>Hermed er alt klart til et spil Blinde Boccia!<\/p>\n<p><strong><br \/>\nSe denne lille film, der giver dig en hurtig introduktion til Boccia Grid \/ Touch Board:<\/strong> <iframe src=\"https:\/\/www.youtube.com\/embed\/OxDFg4vUukM\" width=\"560\" height=\"315\" frameborder=\"0\" allowfullscreen=\"allowfullscreen\"><\/iframe> <strong>Og denne &#8211; en Boccia Touch Board instruktions video:<\/strong> <iframe src=\"https:\/\/www.youtube.com\/embed\/gn2_6GVtDx0\" width=\"560\" height=\"315\" frameborder=\"0\" allowfullscreen=\"allowfullscreen\"><\/iframe><\/p>\n<p><strong>Ovenn\u00e6vnte pris er ekskl. moms.<br \/>\n<\/strong> <strong>Pris i DKK inkl. moms 1.585,- kr. pr. stk. <\/strong><\/p>\n<\/div>\n","protected":false},"featured_media":3062,"template":"","meta":{"_acf_changed":false,"neve_meta_sidebar":"","neve_meta_container":"","neve_meta_enable_content_width":"off","neve_meta_content_width":100,"neve_meta_title_alignment":"","neve_meta_author_avatar":"","neve_post_elements_order":"","neve_meta_disable_header":"","neve_meta_disable_footer":"","neve_meta_disable_title":"","neve_meta_reading_time":"","_ti_tpc_template_sync":false,"_ti_tpc_template_id":""},"product_cat":[4498,4256,4166,4337],"product_tag":[4686,4697,4687,4688,4689,4690,4691,4696,4695,4693,4694,4692],"segments":[4530,4526,4527],"sports":[4516],"class_list":{"0":"post-139218","1":"product","2":"type-product","3":"status-publish","4":"has-post-thumbnail","6":"product_cat-boccia-udstyr-da","7":"product_cat-ramper-og-andet-udstyr","8":"product_cat-blinde-sport-og-aktiviteter","9":"product_cat-blinde-boccia","10":"product_tag-blinde-boccia","11":"product_tag-blindeboccia","12":"product_tag-boccia-for-blinde-da","13":"product_tag-boccia-for-dovblinde","14":"product_tag-boccia-for-svagtseende","15":"product_tag-boccia-grid-da","16":"product_tag-dovblinde","17":"product_tag-svagtseende-da","18":"product_tag-svagtseende-boccia-da","19":"product_tag-tactil-boccia-grid","20":"product_tag-tactilt-boccia-braet","21":"product_tag-taktilt-braet","22":"pa_countryorigin-dk-da","23":"pa_tarif-9506-9990-00-da","24":"segments-blindeidraet","25":"segments-parasport","26":"segments-skoleidraet","27":"sports-boccia-da","29":"first","30":"instock","31":"taxable","32":"shipping-taxable","33":"purchasable","34":"product-type-simple"},"acf":[],"aioseo_notices":[],"_links":{"self":[{"href":"https:\/\/handilifesport.com\/da\/wp-json\/wp\/v2\/product\/139218","targetHints":{"allow":["GET"]}}],"collection":[{"href":"https:\/\/handilifesport.com\/da\/wp-json\/wp\/v2\/product"}],"about":[{"href":"https:\/\/handilifesport.com\/da\/wp-json\/wp\/v2\/types\/product"}],"wp:featuredmedia":[{"embeddable":true,"href":"https:\/\/handilifesport.com\/da\/wp-json\/wp\/v2\/media\/3062"}],"wp:attachment":[{"href":"https:\/\/handilifesport.com\/da\/wp-json\/wp\/v2\/media?parent=139218"}],"wp:term":[{"taxonomy":"product_cat","embeddable":true,"href":"https:\/\/handilifesport.com\/da\/wp-json\/wp\/v2\/product_cat?post=139218"},{"taxonomy":"product_tag","embeddable":true,"href":"https:\/\/handilifesport.com\/da\/wp-json\/wp\/v2\/product_tag?post=139218"},{"taxonomy":"segments","embeddable":true,"href":"https:\/\/handilifesport.com\/da\/wp-json\/wp\/v2\/segments?post=139218"},{"taxonomy":"sports","embeddable":true,"href":"https:\/\/handilifesport.com\/da\/wp-json\/wp\/v2\/sports?post=139218"}],"curies":[{"name":"wp","href":"https:\/\/api.w.org\/{rel}","templated":true}]}}