{"id":139298,"date":"2016-12-30T00:00:00","date_gmt":"2016-12-30T00:00:00","guid":{"rendered":"https:\/\/hls2022.xanouso.com\/product\/malepasser-14-cm\/"},"modified":"2025-08-25T21:58:19","modified_gmt":"2025-08-25T19:58:19","slug":"malepasser-14-cm","status":"publish","type":"product","link":"https:\/\/handilifesport.com\/da\/vare\/malepasser-14-cm\/","title":{"rendered":"M\u00e5lepasser, 14 cm"},"content":{"rendered":"","protected":false},"excerpt":{"rendered":"<div class=\"pnumber\">M\u00e5lepasser fremstillet af\u00a0kvalitets\u00a0akryl, bl\u00e5\/r\u00f8d, l\u00e6ngde 14 cm.<\/div>\n<div><\/div>\n<div>M\u00e5leskala p\u00e5 begge sider af m\u00e5lepasseren.<\/div>\n<div class=\"pdesc\">\n<p><strong>Ovenn\u00e6vnte pris er ekskl. moms.<\/strong><br \/>\n<strong>Pris i DKK inkl. moms 169,- kr. pr. stk.<\/strong><\/p>\n<\/div>\n","protected":false},"featured_media":3033,"template":"","meta":{"_acf_changed":false,"neve_meta_sidebar":"","neve_meta_container":"","neve_meta_enable_content_width":"off","neve_meta_content_width":100,"neve_meta_title_alignment":"","neve_meta_author_avatar":"","neve_post_elements_order":"","neve_meta_disable_header":"","neve_meta_disable_footer":"","neve_meta_disable_title":"","neve_meta_reading_time":"","_ti_tpc_template_sync":false,"_ti_tpc_template_id":""},"product_cat":[4498,4252],"product_tag":[4681,5227],"segments":[4526],"sports":[4516],"class_list":{"0":"post-139298","1":"product","2":"type-product","3":"status-publish","4":"has-post-thumbnail","6":"product_cat-boccia-udstyr-da","7":"product_cat-dommer-og-baneudstyr","8":"product_tag-dommerudstyr-da","9":"product_tag-dommerudstyr-da-2","10":"pa_countryorigin-dk-da","11":"pa_tarif-9506-9990-00-da","12":"segments-parasport","13":"sports-boccia-da","15":"first","16":"instock","17":"taxable","18":"shipping-taxable","19":"purchasable","20":"product-type-simple"},"acf":[],"aioseo_notices":[],"_links":{"self":[{"href":"https:\/\/handilifesport.com\/da\/wp-json\/wp\/v2\/product\/139298","targetHints":{"allow":["GET"]}}],"collection":[{"href":"https:\/\/handilifesport.com\/da\/wp-json\/wp\/v2\/product"}],"about":[{"href":"https:\/\/handilifesport.com\/da\/wp-json\/wp\/v2\/types\/product"}],"wp:featuredmedia":[{"embeddable":true,"href":"https:\/\/handilifesport.com\/da\/wp-json\/wp\/v2\/media\/3033"}],"wp:attachment":[{"href":"https:\/\/handilifesport.com\/da\/wp-json\/wp\/v2\/media?parent=139298"}],"wp:term":[{"taxonomy":"product_cat","embeddable":true,"href":"https:\/\/handilifesport.com\/da\/wp-json\/wp\/v2\/product_cat?post=139298"},{"taxonomy":"product_tag","embeddable":true,"href":"https:\/\/handilifesport.com\/da\/wp-json\/wp\/v2\/product_tag?post=139298"},{"taxonomy":"segments","embeddable":true,"href":"https:\/\/handilifesport.com\/da\/wp-json\/wp\/v2\/segments?post=139298"},{"taxonomy":"sports","embeddable":true,"href":"https:\/\/handilifesport.com\/da\/wp-json\/wp\/v2\/sports?post=139298"}],"curies":[{"name":"wp","href":"https:\/\/api.w.org\/{rel}","templated":true}]}}