{"id":139658,"date":"2019-03-21T00:00:00","date_gmt":"2019-03-21T00:00:00","guid":{"rendered":"https:\/\/hls2022.xanouso.com\/product\/aktivitetssaet-for-rehabilitering-fysioterapi\/"},"modified":"2025-08-18T14:26:57","modified_gmt":"2025-08-18T12:26:57","slug":"aktivitetssaet-for-rehabilitering-fysioterapi","status":"publish","type":"product","link":"https:\/\/handilifesport.com\/da\/vare\/aktivitetssaet-for-rehabilitering-fysioterapi\/","title":{"rendered":"Aktivitetss\u00e6t til rehabilitering og fysioterapi"},"content":{"rendered":"","protected":false},"excerpt":{"rendered":"<p>Det er vigtigt at bev\u00e6ge sig og tr\u00e6ne sin krop p\u00e5 alle tidspunkter af livet for at forblive sund og fit. Rehabilitering bliver sjovere og mere effektiv ved at anvende af sport og spil.<\/p>\n<p>Aktivitetss\u00e6ttet til rehabilitering og fysioterapi giver dig gode muligheder for at skabe sjove rehabiliteringsaktiviteter. Spanden selv kan ogs\u00e5 bruges som m\u00e5l ved et spil siddende basketball.<\/p>\n<p><strong>Indeholder:<\/strong><\/p>\n<p>\u2022 <a title=\"2 Trimmy Ball Handi Weights\" href=\"https:\/\/handilife.bizperformer.media\/product\/2-handi-weights\/\">3 Trimmy ball H\u00e5ndv\u00e6gte s\u00e6t<\/a> (s\u00e6t p\u00e5 300, 700 og 1000 gram)<br \/>\n\u2022 <a title=\"Petanque French Style 200, 12 balls\" href=\"https:\/\/handilife.bizperformer.media\/product\/petanque-french-style-200-12-balls\/\">Petanque French Style 200, 12 bolde s\u00e6t<\/a><br \/>\n\u2022 <a title=\"Bowling Light \u2013 6 Skittles\" href=\"https:\/\/handilife.bizperformer.media\/product\/bowling-light-6-skittles\/\">6 kegler \u2013 Bowling light<\/a><br \/>\n\u2022 <a title=\"New Amika Ball including a ball pump\" href=\"https:\/\/handilife.bizperformer.media\/product\/new-amika-ball-including-a-ball-pump\/\">Amika bold med boldpumpe<\/a><br \/>\n\u2022 <a title=\"Velvet ball size 5\" href=\"https:\/\/handilife.bizperformer.media\/product\/velvet-ball-size5\/\">1 bl\u00f8d Velvet bold, st\u00f8rrelse 5<\/a><br \/>\n\u2022 <a title=\"Petito ball\" href=\"https:\/\/handilife.bizperformer.media\/product\/petito-ball\/\">Petito lydbold<\/a><br \/>\n\u2022 <a title=\"Little Butterfly Bell Ball\" href=\"https:\/\/handilife.bizperformer.media\/product\/little-butterfly-bell-ball\/\">Little Butterfly Bell Ball<\/a> &#8211; lydbold med taktile egenskaber<br \/>\n\u2022 <a title=\"Blindfolds package with 10 polyester masks\" href=\"https:\/\/handilife.bizperformer.media\/product\/blindfolds-package-with-10-masks\/\">10 polyester masker<\/a> til sensitivitetstr\u00e6ning<br \/>\n\u2022 1 boldnet, 1 beholder og instruktioner<\/p>\n<p><strong>Se vores lille film om aktivitetss\u00e6ttet:<\/strong><br \/>\n<iframe src=\"https:\/\/www.youtube.com\/embed\/eWgHYIqdB2E?rel=0\" width=\"560\" height=\"315\" frameborder=\"0\" allowfullscreen=\"allowfullscreen\"><\/iframe><br \/>\n<strong><\/p>\n<p>Ovenn\u00e6vnte pris er ekskl. moms. <\/strong><\/p>\n<p><strong>Pris i DKK inkl. moms 4.173,- pr. s\u00e6t.<\/strong><\/p>\n","protected":false},"featured_media":12892,"template":"","meta":{"_acf_changed":false,"neve_meta_sidebar":"","neve_meta_container":"","neve_meta_enable_content_width":"off","neve_meta_content_width":100,"neve_meta_title_alignment":"","neve_meta_author_avatar":"","neve_post_elements_order":"","neve_meta_disable_header":"","neve_meta_disable_footer":"","neve_meta_disable_title":"","neve_meta_reading_time":"","_ti_tpc_template_sync":false,"_ti_tpc_template_id":""},"product_cat":[4167,4165],"product_tag":[],"segments":[4532,4531],"sports":[],"class_list":{"0":"post-139658","1":"product","2":"type-product","3":"status-publish","4":"has-post-thumbnail","6":"product_cat-rehab-og-fysio-da","7":"product_cat-aktivitets-saet","8":"pa_countryorigin-dk-da","9":"pa_tarif-9506-6200-00-da","10":"segments-plejecentre","11":"segments-rehab-og-fysio","13":"first","14":"instock","15":"taxable","16":"shipping-taxable","17":"purchasable","18":"product-type-simple"},"acf":[],"aioseo_notices":[],"_links":{"self":[{"href":"https:\/\/handilifesport.com\/da\/wp-json\/wp\/v2\/product\/139658","targetHints":{"allow":["GET"]}}],"collection":[{"href":"https:\/\/handilifesport.com\/da\/wp-json\/wp\/v2\/product"}],"about":[{"href":"https:\/\/handilifesport.com\/da\/wp-json\/wp\/v2\/types\/product"}],"wp:featuredmedia":[{"embeddable":true,"href":"https:\/\/handilifesport.com\/da\/wp-json\/wp\/v2\/media\/12892"}],"wp:attachment":[{"href":"https:\/\/handilifesport.com\/da\/wp-json\/wp\/v2\/media?parent=139658"}],"wp:term":[{"taxonomy":"product_cat","embeddable":true,"href":"https:\/\/handilifesport.com\/da\/wp-json\/wp\/v2\/product_cat?post=139658"},{"taxonomy":"product_tag","embeddable":true,"href":"https:\/\/handilifesport.com\/da\/wp-json\/wp\/v2\/product_tag?post=139658"},{"taxonomy":"segments","embeddable":true,"href":"https:\/\/handilifesport.com\/da\/wp-json\/wp\/v2\/segments?post=139658"},{"taxonomy":"sports","embeddable":true,"href":"https:\/\/handilifesport.com\/da\/wp-json\/wp\/v2\/sports?post=139658"}],"curies":[{"name":"wp","href":"https:\/\/api.w.org\/{rel}","templated":true}]}}