{"id":140466,"date":"2019-10-21T00:00:00","date_gmt":"2019-10-21T00:00:00","guid":{"rendered":"https:\/\/hls2022.xanouso.com\/product\/aktivitetssaet-til-skoler\/"},"modified":"2025-04-09T11:10:23","modified_gmt":"2025-04-09T09:10:23","slug":"aktivitetssaet-til-skoler","status":"publish","type":"product","link":"https:\/\/handilifesport.com\/da\/vare\/aktivitetssaet-til-skoler\/","title":{"rendered":"Aktivitetss\u00e6t til Skoler"},"content":{"rendered":"","protected":false},"excerpt":{"rendered":"<p><strong>Aktivitetss\u00e6t til Skoler:<\/strong><br \/>\nDet er vigtigt at bev\u00e6ge sig og tr\u00e6ne sin krop for at forblive sund og fit. Med Sport og spil bliver det sjovere og mere effektivt.<\/p>\n<p>Aktivitetss\u00e6ttet til Skoler g\u00f8r det muligt at lave sjove inkluderende aktiviteter. S\u00e6ttet leveres i en farverig spand, der ogs\u00e5 kan bruges som m\u00e5l bl.a. ved et spil siddende basketball.<\/p>\n<p><strong>Aktivitetss\u00e6ttet til Skoler indeholder:<\/strong><\/p>\n<ul>\n<li><a title=\"Petanque French Style 200, 12 balls\" href=\"https:\/\/handilife.bizperformer.media\/product\/petanque-french-style-200-12-balls\/\">Petanque French Style 200, 12 bolde s\u00e6t<\/a><\/li>\n<li><a title=\"Bowling Light \u2013 6 Skittles\" href=\"https:\/\/handilife.bizperformer.media\/product\/bowling-light-6-skittles\/\">6 kegler \u2013 Bowling light<\/a><\/li>\n<li><a title=\"Blind football start up kit (polyester masks and blind football\/futsal ball)\" href=\"https:\/\/handilife.bizperformer.media\/product\/blind-football-start-up-kit\/\">Starts\u00e6t til Blindefodbold<\/a><\/li>\n<li><a title=\"Basketball, size 7\" href=\"https:\/\/handilife.bizperformer.media\/product\/basketball-size-7\/\">Basketball med lyd, st\u00f8rrelse 7<\/a><\/li>\n<li><a title=\"Rattling Soccer ball, Size 4\" href=\"https:\/\/handilife.bizperformer.media\/product\/rattle-ball-size-4\/\">Fodbold med raslelyd st\u00f8rrelse 4<\/a><\/li>\n<li><a title=\"Petito ball\" href=\"https:\/\/handilifesport.com\/da\/vare\/petito-bold\/\">Petito lydbold<\/a><\/li>\n<li><a title=\"Little Butterfly Bell Ball\" href=\"https:\/\/handilife.bizperformer.media\/product\/little-butterfly-bell-ball\/\">Lille sommerfuglebold<\/a><\/li>\n<li>6 <a title=\"Justa Blind Sports Mask\" href=\"https:\/\/handilife.bizperformer.media\/product\/justa-blind-sports-mask\/\">Justa Blindesportsmasker<\/a> til Blindesport, sensitivitetstr\u00e6ning og andre aktiviteter<\/li>\n<li>6 <a title=\"Running Tether\" href=\"https:\/\/handilife.bizperformer.media\/product\/running-tether\/\">L\u00f8be-Guides\/B\u00e5nd<\/a><\/li>\n<li><a title=\"Blind Tennis Balls \u2013 Package With 2 or 12 Balls\" href=\"https:\/\/handilife.bizperformer.media\/product\/blind-tennis-balls-package-with-2\/\">2 Blindetennisbolde med lyd, lavet af skum<\/a><\/li>\n<li>1 boldpumpe, 1 boldnet, 1 beholder &amp; instruktioner<\/li>\n<\/ul>\n<p><strong>Ovenn\u00e6vnte pris er ekskl. moms. <\/strong><br \/>\n<strong>Pris i DKK inkl. moms 4.669,- pr. s\u00e6t.<\/strong><\/p>\n","protected":false},"featured_media":151807,"template":"","meta":{"_acf_changed":false,"neve_meta_sidebar":"","neve_meta_container":"","neve_meta_enable_content_width":"off","neve_meta_content_width":100,"neve_meta_title_alignment":"","neve_meta_author_avatar":"","neve_post_elements_order":"","neve_meta_disable_header":"","neve_meta_disable_footer":"","neve_meta_disable_title":"","neve_meta_reading_time":"","_ti_tpc_template_sync":false,"_ti_tpc_template_id":""},"product_cat":[4165],"product_tag":[],"segments":[4527],"sports":[],"class_list":{"0":"post-140466","1":"product","2":"type-product","3":"status-publish","4":"has-post-thumbnail","6":"product_cat-aktivitets-saet","7":"pa_countryorigin-dk-da","8":"pa_tarif-9506-6200-00-da","9":"segments-skoleidraet","11":"first","12":"instock","13":"taxable","14":"shipping-taxable","15":"purchasable","16":"product-type-simple"},"acf":[],"aioseo_notices":[],"_links":{"self":[{"href":"https:\/\/handilifesport.com\/da\/wp-json\/wp\/v2\/product\/140466","targetHints":{"allow":["GET"]}}],"collection":[{"href":"https:\/\/handilifesport.com\/da\/wp-json\/wp\/v2\/product"}],"about":[{"href":"https:\/\/handilifesport.com\/da\/wp-json\/wp\/v2\/types\/product"}],"wp:featuredmedia":[{"embeddable":true,"href":"https:\/\/handilifesport.com\/da\/wp-json\/wp\/v2\/media\/151807"}],"wp:attachment":[{"href":"https:\/\/handilifesport.com\/da\/wp-json\/wp\/v2\/media?parent=140466"}],"wp:term":[{"taxonomy":"product_cat","embeddable":true,"href":"https:\/\/handilifesport.com\/da\/wp-json\/wp\/v2\/product_cat?post=140466"},{"taxonomy":"product_tag","embeddable":true,"href":"https:\/\/handilifesport.com\/da\/wp-json\/wp\/v2\/product_tag?post=140466"},{"taxonomy":"segments","embeddable":true,"href":"https:\/\/handilifesport.com\/da\/wp-json\/wp\/v2\/segments?post=140466"},{"taxonomy":"sports","embeddable":true,"href":"https:\/\/handilifesport.com\/da\/wp-json\/wp\/v2\/sports?post=140466"}],"curies":[{"name":"wp","href":"https:\/\/api.w.org\/{rel}","templated":true}]}}