{"id":140605,"date":"2019-12-03T00:00:00","date_gmt":"2019-12-03T00:00:00","guid":{"rendered":"https:\/\/hls2022.xanouso.com\/product\/boccia-noeglering\/"},"modified":"2025-08-25T17:27:20","modified_gmt":"2025-08-25T15:27:20","slug":"boccia-noeglering","status":"publish","type":"product","link":"https:\/\/handilifesport.com\/da\/vare\/boccia-noeglering\/","title":{"rendered":"Boccia N\u00f8glering"},"content":{"rendered":"","protected":false},"excerpt":{"rendered":"<p>Ny, smart boccia n\u00f8glering. Lavet af bl\u00f8dt l\u00e6der med en boccia bold i resin.<\/p>\n<p>Findes i mange forskellige varianter &#8211; forskellige farver p\u00e5 b\u00e5de bold og l\u00e6dersnor.<\/p>\n<p><strong>Ovenn\u00e6vnte pris er ekskl. moms.<\/strong> <strong>Pris i DKK inkl. moms 141,- pr. stk.<\/strong><\/p>\n","protected":false},"featured_media":13792,"template":"","meta":{"_acf_changed":false,"neve_meta_sidebar":"","neve_meta_container":"","neve_meta_enable_content_width":"off","neve_meta_content_width":100,"neve_meta_title_alignment":"","neve_meta_author_avatar":"","neve_post_elements_order":"","neve_meta_disable_header":"","neve_meta_disable_footer":"","neve_meta_disable_title":"","neve_meta_reading_time":"","_ti_tpc_template_sync":false,"_ti_tpc_template_id":""},"product_cat":[4499],"product_tag":[],"segments":[4526],"sports":[4516],"class_list":{"0":"post-140605","1":"product","2":"type-product","3":"status-publish","4":"has-post-thumbnail","6":"product_cat-boccia-collection-da","7":"pa_countryorigin-dk-da","8":"pa_tarif-7117-9000-00-da","9":"segments-parasport","10":"sports-boccia-da","12":"first","13":"instock","14":"taxable","15":"shipping-taxable","16":"purchasable","17":"product-type-simple"},"acf":[],"aioseo_notices":[],"_links":{"self":[{"href":"https:\/\/handilifesport.com\/da\/wp-json\/wp\/v2\/product\/140605","targetHints":{"allow":["GET"]}}],"collection":[{"href":"https:\/\/handilifesport.com\/da\/wp-json\/wp\/v2\/product"}],"about":[{"href":"https:\/\/handilifesport.com\/da\/wp-json\/wp\/v2\/types\/product"}],"wp:featuredmedia":[{"embeddable":true,"href":"https:\/\/handilifesport.com\/da\/wp-json\/wp\/v2\/media\/13792"}],"wp:attachment":[{"href":"https:\/\/handilifesport.com\/da\/wp-json\/wp\/v2\/media?parent=140605"}],"wp:term":[{"taxonomy":"product_cat","embeddable":true,"href":"https:\/\/handilifesport.com\/da\/wp-json\/wp\/v2\/product_cat?post=140605"},{"taxonomy":"product_tag","embeddable":true,"href":"https:\/\/handilifesport.com\/da\/wp-json\/wp\/v2\/product_tag?post=140605"},{"taxonomy":"segments","embeddable":true,"href":"https:\/\/handilifesport.com\/da\/wp-json\/wp\/v2\/segments?post=140605"},{"taxonomy":"sports","embeddable":true,"href":"https:\/\/handilifesport.com\/da\/wp-json\/wp\/v2\/sports?post=140605"}],"curies":[{"name":"wp","href":"https:\/\/api.w.org\/{rel}","templated":true}]}}