{"id":140698,"date":"2020-01-23T00:00:00","date_gmt":"2020-01-23T00:00:00","guid":{"rendered":"https:\/\/hls2022.xanouso.com\/product\/superior-krolf-saet-12-bolde-medium-hard\/"},"modified":"2025-08-20T11:42:28","modified_gmt":"2025-08-20T09:42:28","slug":"superior-krolf-saet-12-bolde-medium-hard","status":"publish","type":"product","link":"https:\/\/handilifesport.com\/da\/vare\/superior-krolf-saet-12-bolde-medium-hard\/","title":{"rendered":"Superior Krolf s\u00e6t, 12 bolde, medium-h\u00e5rd (8,5 cm)"},"content":{"rendered":"","protected":false},"excerpt":{"rendered":"<div class=\"pnumber\">Superior Krolf s\u00e6t, 12 kugler. Medium-h\u00e5rde bolde til indend\u00f8rs brug. 1 bold vejer ca. 300 gram. Diameter p\u00e5 boldene er 8,5 cm.<\/div>\n<div><\/div>\n<div><em>Bruges af DAI-foreninger og regioner som indend\u00f8rs krolfbolde.<\/em><\/div>\n<div><\/div>\n<div class=\"pnumber\">Et s\u00e6t best\u00e5r af 3 r\u00f8de, 3 bl\u00e5, 3 gule, 3 sorte bolde, der er h\u00e5ndsyet af det fineste PU-l\u00e6der. Alt er pakket i en bl\u00e5 nylon taske.<\/div>\n<div class=\"pdesc\">\n<p><strong>Ovenn\u00e6vnte pris er ekskl. moms. <\/strong><\/p>\n<p><strong>Pris i DKK inkl. moms 2.588,- kr. pr. s\u00e6t.<\/strong><\/p>\n<\/div>\n","protected":false},"featured_media":13921,"template":"","meta":{"_acf_changed":false,"neve_meta_sidebar":"","neve_meta_container":"","neve_meta_enable_content_width":"off","neve_meta_content_width":100,"neve_meta_title_alignment":"","neve_meta_author_avatar":"","neve_post_elements_order":"","neve_meta_disable_header":"","neve_meta_disable_footer":"","neve_meta_disable_title":"","neve_meta_reading_time":"","_ti_tpc_template_sync":false,"_ti_tpc_template_id":""},"product_cat":[4164,4285],"product_tag":[],"segments":[5038],"sports":[4539],"class_list":{"0":"post-140698","1":"product","2":"type-product","3":"status-publish","4":"has-post-thumbnail","6":"product_cat-rekreative-spil","7":"product_cat-kroket-og-krolf","8":"pa_countryorigin-dk-da","9":"segments-seniorsport","10":"sports-krolf","12":"first","13":"instock","14":"taxable","15":"shipping-taxable","16":"purchasable","17":"product-type-simple"},"acf":[],"aioseo_notices":[],"_links":{"self":[{"href":"https:\/\/handilifesport.com\/da\/wp-json\/wp\/v2\/product\/140698","targetHints":{"allow":["GET"]}}],"collection":[{"href":"https:\/\/handilifesport.com\/da\/wp-json\/wp\/v2\/product"}],"about":[{"href":"https:\/\/handilifesport.com\/da\/wp-json\/wp\/v2\/types\/product"}],"wp:featuredmedia":[{"embeddable":true,"href":"https:\/\/handilifesport.com\/da\/wp-json\/wp\/v2\/media\/13921"}],"wp:attachment":[{"href":"https:\/\/handilifesport.com\/da\/wp-json\/wp\/v2\/media?parent=140698"}],"wp:term":[{"taxonomy":"product_cat","embeddable":true,"href":"https:\/\/handilifesport.com\/da\/wp-json\/wp\/v2\/product_cat?post=140698"},{"taxonomy":"product_tag","embeddable":true,"href":"https:\/\/handilifesport.com\/da\/wp-json\/wp\/v2\/product_tag?post=140698"},{"taxonomy":"segments","embeddable":true,"href":"https:\/\/handilifesport.com\/da\/wp-json\/wp\/v2\/segments?post=140698"},{"taxonomy":"sports","embeddable":true,"href":"https:\/\/handilifesport.com\/da\/wp-json\/wp\/v2\/sports?post=140698"}],"curies":[{"name":"wp","href":"https:\/\/api.w.org\/{rel}","templated":true}]}}