{"id":140949,"date":"2020-02-27T00:00:00","date_gmt":"2020-02-27T00:00:00","guid":{"rendered":"https:\/\/hls2022.xanouso.com\/product\/justa-goalball-tape-6-ruller\/"},"modified":"2025-08-19T18:43:26","modified_gmt":"2025-08-19T16:43:26","slug":"justa-goalball-tape-6-ruller","status":"publish","type":"product","link":"https:\/\/handilifesport.com\/da\/vare\/justa-goalball-tape-6-ruller\/","title":{"rendered":"Justa Goalball tape &#8211; 6 ruller"},"content":{"rendered":"","protected":false},"excerpt":{"rendered":"<p><strong>JUSTA GOALBALL TAPE &#8211; pakke med 6 ruller<\/strong><\/p>\n<p>Goalball er et klassiske bold spil for personer med et synshandicap, der spilles over hele verden. Goalball banen markeres med en st\u00e6rk tape, hvorunder der placeres en snor, s\u00e5 spillerne f\u00e5r en taktil f\u00f8lelse af, hvor gr\u00e6nserne p\u00e5 banen er.<\/p>\n<p>Kvaliteten p\u00e5 bane markerings tapen er vigtig: Tapen skal v\u00e6re LET at s\u00e6tte p\u00e5 og fjerne igen, og s\u00e5 skal den v\u00e6re s\u00e5 ST\u00c6RK, at den ikke slides af under kampen!<\/p>\n<p>Vores nye Justa Goalball tape er testet af Danmark Goalball landshold (m\u00e6nd), og de siger kvaliteten er SUPERB!<\/p>\n<p>Tapen kommer i en pakke med 6 ruller (l\u00e6ngde 33 meter). Man kan ogs\u00e5 k\u00f8be en kasse med 36 ruller.<\/p>\n<p><strong>Ovenn\u00e6vnte pris er ekskl. moms.<\/strong><br \/>\n<strong>Pris i DKK inkl. moms 235,- for 6 ruller.<\/strong><\/p>\n","protected":false},"featured_media":13940,"template":"","meta":{"_acf_changed":false,"neve_meta_sidebar":"","neve_meta_container":"","neve_meta_enable_content_width":"off","neve_meta_content_width":100,"neve_meta_title_alignment":"","neve_meta_author_avatar":"","neve_post_elements_order":"","neve_meta_disable_header":"","neve_meta_disable_footer":"","neve_meta_disable_title":"","neve_meta_reading_time":"","_ti_tpc_template_sync":false,"_ti_tpc_template_id":""},"product_cat":[4166,4221],"product_tag":[4933],"segments":[4530,4527],"sports":[4544],"class_list":{"0":"post-140949","1":"product","2":"type-product","3":"status-publish","4":"has-post-thumbnail","6":"product_cat-blinde-sport-og-aktiviteter","7":"product_cat-goalball-og-torball","8":"product_tag-goalball-da","9":"pa_countryorigin-dk-da","10":"pa_tarif-3919-1000-00-da","11":"segments-blindeidraet","12":"segments-skoleidraet","13":"sports-goalball-da","15":"first","16":"instock","17":"taxable","18":"shipping-taxable","19":"purchasable","20":"product-type-simple"},"acf":[],"aioseo_notices":[],"_links":{"self":[{"href":"https:\/\/handilifesport.com\/da\/wp-json\/wp\/v2\/product\/140949","targetHints":{"allow":["GET"]}}],"collection":[{"href":"https:\/\/handilifesport.com\/da\/wp-json\/wp\/v2\/product"}],"about":[{"href":"https:\/\/handilifesport.com\/da\/wp-json\/wp\/v2\/types\/product"}],"wp:featuredmedia":[{"embeddable":true,"href":"https:\/\/handilifesport.com\/da\/wp-json\/wp\/v2\/media\/13940"}],"wp:attachment":[{"href":"https:\/\/handilifesport.com\/da\/wp-json\/wp\/v2\/media?parent=140949"}],"wp:term":[{"taxonomy":"product_cat","embeddable":true,"href":"https:\/\/handilifesport.com\/da\/wp-json\/wp\/v2\/product_cat?post=140949"},{"taxonomy":"product_tag","embeddable":true,"href":"https:\/\/handilifesport.com\/da\/wp-json\/wp\/v2\/product_tag?post=140949"},{"taxonomy":"segments","embeddable":true,"href":"https:\/\/handilifesport.com\/da\/wp-json\/wp\/v2\/segments?post=140949"},{"taxonomy":"sports","embeddable":true,"href":"https:\/\/handilifesport.com\/da\/wp-json\/wp\/v2\/sports?post=140949"}],"curies":[{"name":"wp","href":"https:\/\/api.w.org\/{rel}","templated":true}]}}