{"id":141207,"date":"2020-09-09T00:00:00","date_gmt":"2020-09-09T00:00:00","guid":{"rendered":"https:\/\/hls2022.xanouso.com\/product\/buer-og-kegler\/"},"modified":"2025-05-08T09:56:27","modified_gmt":"2025-05-08T07:56:27","slug":"buer-og-kegler","status":"publish","type":"product","link":"https:\/\/handilifesport.com\/da\/vare\/buer-og-kegler\/","title":{"rendered":"Buer og Kegler"},"content":{"rendered":"","protected":false},"excerpt":{"rendered":"<p><strong>Buer og Kegler:<\/strong><\/p>\n<ul>\n<li>et s\u00e6t med 5 Bowling Kegler og 5 Buer<\/li>\n<li>de kraftigt farvede kegler er 22 cm h\u00f8je, de st\u00e5r meget stabilt p\u00e5 gulvet<\/li>\n<li>buerne har f\u00f8dder, der kan tages af, til indend\u00f8rs brug og spyd til udend\u00f8rs brug<\/li>\n<li>Buerne er 30 cm h\u00f8je<\/li>\n<li>Buernes indre m\u00e5l: 20 cm x 27,5 cm<\/li>\n<\/ul>\n<div class=\"pnumber\">Brug keglerne og buerne til at tr\u00e6ne pr\u00e6cision og til et alternativt sjovt boccia\/petanque spil. S\u00e6ttet leveres i en bomuldspose.<\/div>\n<p><strong>Ovenn\u00e6vnte pris er ekskl. moms.<br \/>\nPris i DKK inkl. moms 488,- kr. pr. s\u00e6t.<\/strong><\/p>\n","protected":false},"featured_media":14514,"template":"","meta":{"_acf_changed":false,"neve_meta_sidebar":"","neve_meta_container":"","neve_meta_enable_content_width":"off","neve_meta_content_width":100,"neve_meta_title_alignment":"","neve_meta_author_avatar":"","neve_post_elements_order":"","neve_meta_disable_header":"","neve_meta_disable_footer":"","neve_meta_disable_title":"","neve_meta_reading_time":"","_ti_tpc_template_sync":false,"_ti_tpc_template_id":""},"product_cat":[4498,4291],"product_tag":[],"segments":[4529,4526,4532,4531,4527],"sports":[4516,4680],"class_list":{"0":"post-141207","1":"product","2":"type-product","3":"status-publish","4":"has-post-thumbnail","6":"product_cat-boccia-udstyr-da","7":"product_cat-boccia-traeningsaktiviteter","8":"pa_countryorigin-dk-da","9":"pa_tarif-9506-9990-00-da","10":"segments-firma-og-familiesport","11":"segments-parasport","12":"segments-plejecentre","13":"segments-rehab-og-fysio","14":"segments-skoleidraet","15":"sports-boccia-da","16":"sports-petanque-da","18":"first","19":"instock","20":"taxable","21":"shipping-taxable","22":"purchasable","23":"product-type-simple"},"acf":[],"aioseo_notices":[],"_links":{"self":[{"href":"https:\/\/handilifesport.com\/da\/wp-json\/wp\/v2\/product\/141207","targetHints":{"allow":["GET"]}}],"collection":[{"href":"https:\/\/handilifesport.com\/da\/wp-json\/wp\/v2\/product"}],"about":[{"href":"https:\/\/handilifesport.com\/da\/wp-json\/wp\/v2\/types\/product"}],"wp:featuredmedia":[{"embeddable":true,"href":"https:\/\/handilifesport.com\/da\/wp-json\/wp\/v2\/media\/14514"}],"wp:attachment":[{"href":"https:\/\/handilifesport.com\/da\/wp-json\/wp\/v2\/media?parent=141207"}],"wp:term":[{"taxonomy":"product_cat","embeddable":true,"href":"https:\/\/handilifesport.com\/da\/wp-json\/wp\/v2\/product_cat?post=141207"},{"taxonomy":"product_tag","embeddable":true,"href":"https:\/\/handilifesport.com\/da\/wp-json\/wp\/v2\/product_tag?post=141207"},{"taxonomy":"segments","embeddable":true,"href":"https:\/\/handilifesport.com\/da\/wp-json\/wp\/v2\/segments?post=141207"},{"taxonomy":"sports","embeddable":true,"href":"https:\/\/handilifesport.com\/da\/wp-json\/wp\/v2\/sports?post=141207"}],"curies":[{"name":"wp","href":"https:\/\/api.w.org\/{rel}","templated":true}]}}