{"id":141274,"date":"2020-09-09T00:00:00","date_gmt":"2020-09-09T00:00:00","guid":{"rendered":"https:\/\/hls2022.xanouso.com\/product\/justa-case-til-blinde-sports-maske\/"},"modified":"2025-08-19T18:34:59","modified_gmt":"2025-08-19T16:34:59","slug":"justa-case-til-blinde-sports-maske","status":"publish","type":"product","link":"https:\/\/handilifesport.com\/da\/vare\/justa-case-til-blinde-sports-maske\/","title":{"rendered":"Justa Case til Blinde Sports maske"},"content":{"rendered":"","protected":false},"excerpt":{"rendered":"<p><strong>NYT:<\/strong> Justa case til Blinde Sports maske<\/p>\n<ul>\n<li>En beskyttende \u00e6ske til opbevaring af en blinde sports maske<\/li>\n<li>En rigtig l\u00e6kker og eksklusiv \u00e6ske<\/li>\n<li>Passer perfekt til Justa Blinde Sports Maske (EXP5080)<\/li>\n<\/ul>\n<p>En mulighed for at passe godt p\u00e5 din Blinde Sports Maske p\u00e5 en smart &amp; handy m\u00e5de.<\/p>\n<p><strong>Ovenn\u00e6vnte pris er ekskl. moms.<br \/>\nPris i DKK inkl. moms 141,- pr. stk.<\/strong><\/p>\n","protected":false},"featured_media":14464,"template":"","meta":{"_acf_changed":false,"neve_meta_sidebar":"","neve_meta_container":"","neve_meta_enable_content_width":"off","neve_meta_content_width":100,"neve_meta_title_alignment":"","neve_meta_author_avatar":"","neve_post_elements_order":"","neve_meta_disable_header":"","neve_meta_disable_footer":"","neve_meta_disable_title":"","neve_meta_reading_time":"","_ti_tpc_template_sync":false,"_ti_tpc_template_id":""},"product_cat":[4166,4222],"product_tag":[],"segments":[4530],"sports":[4537],"class_list":{"0":"post-141274","1":"product","2":"type-product","3":"status-publish","4":"has-post-thumbnail","6":"product_cat-blinde-sport-og-aktiviteter","7":"product_cat-sportsmasker","8":"pa_countryorigin-dk-da","9":"segments-blindeidraet","10":"sports-blindefodbold","12":"first","13":"instock","14":"taxable","15":"shipping-taxable","16":"purchasable","17":"product-type-simple"},"acf":[],"aioseo_notices":[],"_links":{"self":[{"href":"https:\/\/handilifesport.com\/da\/wp-json\/wp\/v2\/product\/141274","targetHints":{"allow":["GET"]}}],"collection":[{"href":"https:\/\/handilifesport.com\/da\/wp-json\/wp\/v2\/product"}],"about":[{"href":"https:\/\/handilifesport.com\/da\/wp-json\/wp\/v2\/types\/product"}],"wp:featuredmedia":[{"embeddable":true,"href":"https:\/\/handilifesport.com\/da\/wp-json\/wp\/v2\/media\/14464"}],"wp:attachment":[{"href":"https:\/\/handilifesport.com\/da\/wp-json\/wp\/v2\/media?parent=141274"}],"wp:term":[{"taxonomy":"product_cat","embeddable":true,"href":"https:\/\/handilifesport.com\/da\/wp-json\/wp\/v2\/product_cat?post=141274"},{"taxonomy":"product_tag","embeddable":true,"href":"https:\/\/handilifesport.com\/da\/wp-json\/wp\/v2\/product_tag?post=141274"},{"taxonomy":"segments","embeddable":true,"href":"https:\/\/handilifesport.com\/da\/wp-json\/wp\/v2\/segments?post=141274"},{"taxonomy":"sports","embeddable":true,"href":"https:\/\/handilifesport.com\/da\/wp-json\/wp\/v2\/sports?post=141274"}],"curies":[{"name":"wp","href":"https:\/\/api.w.org\/{rel}","templated":true}]}}