{"id":141317,"date":"2020-09-08T00:00:00","date_gmt":"2020-09-08T00:00:00","guid":{"rendered":"https:\/\/hls2022.xanouso.com\/product\/bowling-partoutdk\/"},"modified":"2025-08-18T14:10:53","modified_gmt":"2025-08-18T12:10:53","slug":"bowling-partout","status":"publish","type":"product","link":"https:\/\/handilifesport.com\/da\/vare\/bowling-partout\/","title":{"rendered":"Bowling Partout"},"content":{"rendered":"","protected":false},"excerpt":{"rendered":"<p><strong>Bowling Partout<\/strong><\/p>\n<ul>\n<li>et s\u00e6t med 10 Bowling kegler og 2 Bowling bolde med huller til fingrene<\/li>\n<li>de klart farvede kegler er 22 cm h\u00f8je, og de st\u00e5r meget stabilt p\u00e5 gulvet.<\/li>\n<li>Materiale: PP<\/li>\n<\/ul>\n<p>Til et &#8220;rigtigt&#8221; Bowling spil i dit hjem eller din klub!<\/p>\n<p>Leveres i en bl\u00e5 pose.<\/p>\n<p>&nbsp;<\/p>\n<p><strong>Ovenn\u00e6vnte pris er ekskl. moms.<br \/>\nPris i DKK inkl. moms 150,- pr. stk.<\/strong><\/p>\n","protected":false},"featured_media":14414,"template":"","meta":{"_acf_changed":false,"neve_meta_sidebar":"","neve_meta_container":"","neve_meta_enable_content_width":"off","neve_meta_content_width":100,"neve_meta_title_alignment":"","neve_meta_author_avatar":"","neve_post_elements_order":"","neve_meta_disable_header":"","neve_meta_disable_footer":"","neve_meta_disable_title":"","neve_meta_reading_time":"","_ti_tpc_template_sync":false,"_ti_tpc_template_id":""},"product_cat":[4164,4292],"product_tag":[],"segments":[5042,4529,4532,4531,5038,4527],"sports":[4538],"class_list":{"0":"post-141317","1":"product","2":"type-product","3":"status-publish","4":"has-post-thumbnail","6":"product_cat-rekreative-spil","7":"product_cat-bowling","8":"pa_countryorigin-dk-da","9":"pa_tarif-9506-9990-00-da","10":"segments-boernehave-og-indskoling","11":"segments-firma-og-familiesport","12":"segments-plejecentre","13":"segments-rehab-og-fysio","14":"segments-seniorsport","15":"segments-skoleidraet","16":"sports-bowling-da","18":"first","19":"instock","20":"taxable","21":"shipping-taxable","22":"purchasable","23":"product-type-simple"},"acf":[],"aioseo_notices":[],"_links":{"self":[{"href":"https:\/\/handilifesport.com\/da\/wp-json\/wp\/v2\/product\/141317","targetHints":{"allow":["GET"]}}],"collection":[{"href":"https:\/\/handilifesport.com\/da\/wp-json\/wp\/v2\/product"}],"about":[{"href":"https:\/\/handilifesport.com\/da\/wp-json\/wp\/v2\/types\/product"}],"wp:featuredmedia":[{"embeddable":true,"href":"https:\/\/handilifesport.com\/da\/wp-json\/wp\/v2\/media\/14414"}],"wp:attachment":[{"href":"https:\/\/handilifesport.com\/da\/wp-json\/wp\/v2\/media?parent=141317"}],"wp:term":[{"taxonomy":"product_cat","embeddable":true,"href":"https:\/\/handilifesport.com\/da\/wp-json\/wp\/v2\/product_cat?post=141317"},{"taxonomy":"product_tag","embeddable":true,"href":"https:\/\/handilifesport.com\/da\/wp-json\/wp\/v2\/product_tag?post=141317"},{"taxonomy":"segments","embeddable":true,"href":"https:\/\/handilifesport.com\/da\/wp-json\/wp\/v2\/segments?post=141317"},{"taxonomy":"sports","embeddable":true,"href":"https:\/\/handilifesport.com\/da\/wp-json\/wp\/v2\/sports?post=141317"}],"curies":[{"name":"wp","href":"https:\/\/api.w.org\/{rel}","templated":true}]}}