{"id":141539,"date":"2020-09-08T00:00:00","date_gmt":"2020-09-08T00:00:00","guid":{"rendered":"https:\/\/hls2022.xanouso.com\/product\/gummibold-med-bjaelder\/"},"modified":"2025-08-19T18:37:41","modified_gmt":"2025-08-19T16:37:41","slug":"sommerfuglebold","status":"publish","type":"product","link":"https:\/\/handilifesport.com\/da\/vare\/sommerfuglebold\/","title":{"rendered":"Sommerfuglebold"},"content":{"rendered":"","protected":false},"excerpt":{"rendered":"<p><strong>Sommerfuglebold<\/strong><\/p>\n<ul>\n<li>Sommerfuglebolden har en kraftig gul farve med et fint m\u00f8nster af fugle, blomster og sommerfugle<\/li>\n<li>Den er bl\u00f8d og behagelig med en god ringlende lyd<\/li>\n<li>Lavet af gummi med en taktil overflade, \u00d8 22-25 cm, v\u00e6gt 450 gram<\/li>\n<\/ul>\n<p>Den lette og fleksible Sommerfuglebold er fremragende til forskellige slags spil og leg. Den er ogs\u00e5 god til at anvende i poolen.<\/p>\n<p><strong>BEM\u00c6RK: <\/strong>Prim\u00e6rt\u00a0til indend\u00f8rs brug. M\u00e5 ikke anvendes p\u00e5 h\u00e5rde\/ru overflader udenfor.<\/p>\n<p>Sommerfuglebolden har f\u00e5et en &#8220;lilles\u00f8ster&#8221; i flot r\u00f8d og st\u00f8rrelse 1 &#8211; <a title=\"Little Butterfly Bell Ball\" href=\"https:\/\/handilifesport.com\/da\/vare\/lille-sommerfuglebold\/\" target=\"_blank\" rel=\"noopener\">Lille Sommerfuglebold<\/a>.<\/p>\n<p><strong>Lyt til lyden fra Sommerfuglebolden:<\/strong> <iframe src=\"https:\/\/www.youtube.com\/embed\/8WPZankRavQ?rel=0\" width=\"560\" height=\"315\" frameborder=\"0\" allowfullscreen=\"allowfullscreen\"><\/iframe><\/p>\n<p><strong>Ovenn\u00e6vnte pris er ekskl. moms.<br \/>\nPris i DKK inkl. moms 263,- pr. bold.<\/strong><\/p>\n","protected":false},"featured_media":148311,"template":"","meta":{"_acf_changed":false,"neve_meta_sidebar":"","neve_meta_container":"","neve_meta_enable_content_width":"off","neve_meta_content_width":100,"neve_meta_title_alignment":"","neve_meta_author_avatar":"","neve_post_elements_order":"","neve_meta_disable_header":"","neve_meta_disable_footer":"","neve_meta_disable_title":"","neve_meta_reading_time":"","_ti_tpc_template_sync":false,"_ti_tpc_template_id":""},"product_cat":[4166,4247,4214],"product_tag":[5049,5050,4658,5048,5051,5045,5046,5047],"segments":[4530,5042,4532,4531,4527],"sports":[1349],"class_list":{"0":"post-141539","1":"product","2":"type-product","3":"status-publish","4":"has-post-thumbnail","6":"product_cat-blinde-sport-og-aktiviteter","7":"product_cat-andre-lydbolde","8":"product_cat-kastekurv-og-maeltaepper","9":"product_tag-gummi-klokkebold","10":"product_tag-gummi-lydbold-da","11":"product_tag-lydbold-da","12":"product_tag-lydbold-til-svomning","13":"product_tag-lydbold-til-swimmingpools","14":"product_tag-lydbolde-da","15":"product_tag-lydbolde-til-plejehjem","16":"product_tag-lydbolde-til-synshandicappede","17":"pa_countryorigin-dk-da","18":"pa_tarif-9506-6200-00-da","19":"segments-blindeidraet","20":"segments-boernehave-og-indskoling","21":"segments-plejecentre","22":"segments-rehab-og-fysio","23":"segments-skoleidraet","24":"sports-basketball-da","26":"first","27":"instock","28":"taxable","29":"shipping-taxable","30":"purchasable","31":"product-type-simple"},"acf":[],"aioseo_notices":[],"_links":{"self":[{"href":"https:\/\/handilifesport.com\/da\/wp-json\/wp\/v2\/product\/141539","targetHints":{"allow":["GET"]}}],"collection":[{"href":"https:\/\/handilifesport.com\/da\/wp-json\/wp\/v2\/product"}],"about":[{"href":"https:\/\/handilifesport.com\/da\/wp-json\/wp\/v2\/types\/product"}],"wp:featuredmedia":[{"embeddable":true,"href":"https:\/\/handilifesport.com\/da\/wp-json\/wp\/v2\/media\/148311"}],"wp:attachment":[{"href":"https:\/\/handilifesport.com\/da\/wp-json\/wp\/v2\/media?parent=141539"}],"wp:term":[{"taxonomy":"product_cat","embeddable":true,"href":"https:\/\/handilifesport.com\/da\/wp-json\/wp\/v2\/product_cat?post=141539"},{"taxonomy":"product_tag","embeddable":true,"href":"https:\/\/handilifesport.com\/da\/wp-json\/wp\/v2\/product_tag?post=141539"},{"taxonomy":"segments","embeddable":true,"href":"https:\/\/handilifesport.com\/da\/wp-json\/wp\/v2\/segments?post=141539"},{"taxonomy":"sports","embeddable":true,"href":"https:\/\/handilifesport.com\/da\/wp-json\/wp\/v2\/sports?post=141539"}],"curies":[{"name":"wp","href":"https:\/\/api.w.org\/{rel}","templated":true}]}}