{"id":141769,"date":"2021-02-01T00:00:00","date_gmt":"2021-02-01T00:00:00","guid":{"rendered":"https:\/\/hls2022.xanouso.com\/product\/mol-taeppe-12aerteposer\/"},"modified":"2025-08-18T01:34:12","modified_gmt":"2025-08-17T23:34:12","slug":"maaltaeppe-12-aerteposer","status":"publish","type":"product","link":"https:\/\/handilifesport.com\/da\/vare\/maaltaeppe-12-aerteposer\/","title":{"rendered":"M\u00e5lt\u00e6ppe med 12 \u00e6rteposer"},"content":{"rendered":"","protected":false},"excerpt":{"rendered":"<p>Et m\u00e5lt\u00e6ppe, der kan bruges til at spille forskellige spil med dine \u00e6rteposer.<\/p>\n<p>Dette kvalitets-m\u00e5lt\u00e6ppe ligger helt flat p\u00e5 gulvet uden folder eller opad-b\u00f8jede hj\u00f8rner.<\/p>\n<p>M\u00e5tten er lavet af en tynd og fleksibel naturgummibund (2 mm) d\u00e6kket med polyestertekstil. M\u00e5ler 90 x 90 cm.<\/p>\n<p>\u00c6rteposerne er lavet af polyester fyldt med plastikgranulat. S\u00e6ttet best\u00e5r af 12 \u00e6rteposer: 3 r\u00f8de, 3 bl\u00e5, 3 gule og 3 gr\u00f8nne. Hver \u00e6rtepose vejer ca. 80 gram.<\/p>\n<p>Brug m\u00e5lt\u00e6ppet til at spille en slags \u201ccurling\u201d med \u00e6rteposerne, eller plac\u00e9r spillerne i en cirkel og lad dem spille ind i midten af cirklen. P\u00e5 denne m\u00e5de bliver spillet mere socialt, n\u00e5r spillerne kan kigge p\u00e5 hinanden.<\/p>\n<p><strong>Ovenn\u00e6vnte pris er ekskl. moms.<\/strong><br \/>\n<strong>Pris i DKK inkl. moms 675,- pr. s\u00e6t.<\/strong><\/p>\n","protected":false},"featured_media":14887,"template":"","meta":{"_acf_changed":false,"neve_meta_sidebar":"","neve_meta_container":"","neve_meta_enable_content_width":"off","neve_meta_content_width":100,"neve_meta_title_alignment":"","neve_meta_author_avatar":"","neve_post_elements_order":"","neve_meta_disable_header":"","neve_meta_disable_footer":"","neve_meta_disable_title":"","neve_meta_reading_time":"","_ti_tpc_template_sync":false,"_ti_tpc_template_id":""},"product_cat":[4164,4214,4167],"product_tag":[4581,4579,4582,4580,4583],"segments":[5042,4529,4532,4531,5038,4527],"sports":[],"class_list":{"0":"post-141769","1":"product","2":"type-product","3":"status-publish","4":"has-post-thumbnail","6":"product_cat-rekreative-spil","7":"product_cat-kastekurv-og-maeltaepper","8":"product_cat-rehab-og-fysio-da","9":"product_tag-aerteposer-med-maltaeppe","10":"product_tag-maltaeppe","11":"product_tag-maltaeppe-med-aerteposer","12":"product_tag-maltaeppe-til-gulvet","13":"product_tag-taeppe-med-aerteposer","14":"pa_countryorigin-dk-da","15":"pa_tarif-9506-9990-00-da","16":"segments-boernehave-og-indskoling","17":"segments-firma-og-familiesport","18":"segments-plejecentre","19":"segments-rehab-og-fysio","20":"segments-seniorsport","21":"segments-skoleidraet","23":"first","24":"instock","25":"taxable","26":"shipping-taxable","27":"purchasable","28":"product-type-simple"},"acf":[],"aioseo_notices":[],"_links":{"self":[{"href":"https:\/\/handilifesport.com\/da\/wp-json\/wp\/v2\/product\/141769","targetHints":{"allow":["GET"]}}],"collection":[{"href":"https:\/\/handilifesport.com\/da\/wp-json\/wp\/v2\/product"}],"about":[{"href":"https:\/\/handilifesport.com\/da\/wp-json\/wp\/v2\/types\/product"}],"wp:featuredmedia":[{"embeddable":true,"href":"https:\/\/handilifesport.com\/da\/wp-json\/wp\/v2\/media\/14887"}],"wp:attachment":[{"href":"https:\/\/handilifesport.com\/da\/wp-json\/wp\/v2\/media?parent=141769"}],"wp:term":[{"taxonomy":"product_cat","embeddable":true,"href":"https:\/\/handilifesport.com\/da\/wp-json\/wp\/v2\/product_cat?post=141769"},{"taxonomy":"product_tag","embeddable":true,"href":"https:\/\/handilifesport.com\/da\/wp-json\/wp\/v2\/product_tag?post=141769"},{"taxonomy":"segments","embeddable":true,"href":"https:\/\/handilifesport.com\/da\/wp-json\/wp\/v2\/segments?post=141769"},{"taxonomy":"sports","embeddable":true,"href":"https:\/\/handilifesport.com\/da\/wp-json\/wp\/v2\/sports?post=141769"}],"curies":[{"name":"wp","href":"https:\/\/api.w.org\/{rel}","templated":true}]}}