{"id":141866,"date":"2021-02-08T00:00:00","date_gmt":"2021-02-08T00:00:00","guid":{"rendered":"https:\/\/hls2022.xanouso.com\/product\/maltaeppe\/"},"modified":"2025-08-18T14:15:24","modified_gmt":"2025-08-18T12:15:24","slug":"maltaeppe","status":"publish","type":"product","link":"https:\/\/handilifesport.com\/da\/vare\/maltaeppe\/","title":{"rendered":"M\u00e5lt\u00e6ppe"},"content":{"rendered":"","protected":false},"excerpt":{"rendered":"<p>Et m\u00e5lt\u00e6ppe, der kan bruges til at spille forskellige spil med dine bocciabolde, petanque-bolde eller \u00e6rteposer.<\/p>\n<p>Dette kvalitets m\u00e5lt\u00e6ppe ligger helt flat p\u00e5 gulvet uden folder eller opad-b\u00f8jede hj\u00f8rner.<\/p>\n<p>En tynd og fleksibel naturgummibund (2 mm) d\u00e6kket med polyestertekstil. M\u00e5ler 90 x 90 cm.<\/p>\n<p>Brug m\u00e5lt\u00e6ppet til at spille en slags &#8220;curling&#8221; med bolde eller \u00e6rteposer, eller plac\u00e9r spillerne i en cirkel og lad dem spille ind i midten af cirklen.<\/p>\n<p>&nbsp;<\/p>\n<p><strong>Ovenn\u00e6vnte pris er ekskl. moms.<\/strong><br \/>\n<strong>Pris i DKK inkl. moms 488,- pr. stk.<\/strong><\/p>\n","protected":false},"featured_media":14774,"template":"","meta":{"_acf_changed":false,"neve_meta_sidebar":"","neve_meta_container":"","neve_meta_enable_content_width":"off","neve_meta_content_width":100,"neve_meta_title_alignment":"","neve_meta_author_avatar":"","neve_post_elements_order":"","neve_meta_disable_header":"","neve_meta_disable_footer":"","neve_meta_disable_title":"","neve_meta_reading_time":"","_ti_tpc_template_sync":false,"_ti_tpc_template_id":""},"product_cat":[4498,4291,4164,4214,4167],"product_tag":[4980,4982,4981,4579,4580,4983],"segments":[5042,4529,4526,4532,4531,5038,4527],"sports":[4538],"class_list":{"0":"post-141866","1":"product","2":"type-product","3":"status-publish","4":"has-post-thumbnail","6":"product_cat-boccia-udstyr-da","7":"product_cat-boccia-traeningsaktiviteter","8":"product_cat-rekreative-spil","9":"product_cat-kastekurv-og-maeltaepper","10":"product_cat-rehab-og-fysio-da","11":"product_tag-boccia-aktiviteter-da","12":"product_tag-boccia-mal-taeppe","13":"product_tag-boccia-maltaeppe","14":"product_tag-maltaeppe","15":"product_tag-maltaeppe-til-gulvet","16":"product_tag-petanque-aktiviteter","17":"pa_countryorigin-dk-da","18":"pa_tarif-9506-9990-00-da","19":"segments-boernehave-og-indskoling","20":"segments-firma-og-familiesport","21":"segments-parasport","22":"segments-plejecentre","23":"segments-rehab-og-fysio","24":"segments-seniorsport","25":"segments-skoleidraet","26":"sports-bowling-da","28":"first","29":"instock","30":"taxable","31":"shipping-taxable","32":"purchasable","33":"product-type-simple"},"acf":[],"aioseo_notices":[],"_links":{"self":[{"href":"https:\/\/handilifesport.com\/da\/wp-json\/wp\/v2\/product\/141866","targetHints":{"allow":["GET"]}}],"collection":[{"href":"https:\/\/handilifesport.com\/da\/wp-json\/wp\/v2\/product"}],"about":[{"href":"https:\/\/handilifesport.com\/da\/wp-json\/wp\/v2\/types\/product"}],"wp:featuredmedia":[{"embeddable":true,"href":"https:\/\/handilifesport.com\/da\/wp-json\/wp\/v2\/media\/14774"}],"wp:attachment":[{"href":"https:\/\/handilifesport.com\/da\/wp-json\/wp\/v2\/media?parent=141866"}],"wp:term":[{"taxonomy":"product_cat","embeddable":true,"href":"https:\/\/handilifesport.com\/da\/wp-json\/wp\/v2\/product_cat?post=141866"},{"taxonomy":"product_tag","embeddable":true,"href":"https:\/\/handilifesport.com\/da\/wp-json\/wp\/v2\/product_tag?post=141866"},{"taxonomy":"segments","embeddable":true,"href":"https:\/\/handilifesport.com\/da\/wp-json\/wp\/v2\/segments?post=141866"},{"taxonomy":"sports","embeddable":true,"href":"https:\/\/handilifesport.com\/da\/wp-json\/wp\/v2\/sports?post=141866"}],"curies":[{"name":"wp","href":"https:\/\/api.w.org\/{rel}","templated":true}]}}