{"id":141987,"date":"2021-02-01T00:00:00","date_gmt":"2021-02-01T00:00:00","guid":{"rendered":"https:\/\/hls2022.xanouso.com\/product\/saet-med-12-aerteposer\/"},"modified":"2025-08-18T14:20:11","modified_gmt":"2025-08-18T12:20:11","slug":"saet-med-12-aerteposer","status":"publish","type":"product","link":"https:\/\/handilifesport.com\/da\/vare\/saet-med-12-aerteposer\/","title":{"rendered":"S\u00e6t med 12 \u00e6rteposer"},"content":{"rendered":"","protected":false},"excerpt":{"rendered":"<p>Et s\u00e6t med 12 \u00e6rteposer. Det best\u00e5r af: 3 r\u00f8de, 3 bl\u00e5, 3 gule og 3 gr\u00f8nne \u00e6rteposer.<\/p>\n<p>\u00c6rteposerne er lavet af vaskbar polyester fyldt med plastikgranulat. Hver \u00e6rtepose vejer ca. 100 gram og m\u00e5ler 11 x 11 cm.<\/p>\n<p>Du kan bruge \u00e6rteposerne til mange forskellige spil og lege &#8211; brug f.eks. et m\u00e5lt\u00e6ppe eller en kurv til at kaste \u00e6rteposerne i. Du kan bruge dem til sociale spil, hvor deltagerne sidder i en cirkel, s\u00e5 de kan se hinanden i \u00f8jnene, mens de spiller.<\/p>\n<p>&nbsp;<\/p>\n<p><strong>Ovenn\u00e6vnte pris er ekskl. moms.<br \/>\nPris i DKK inkl. moms 207,- pr. s\u00e6t.<\/strong><\/p>\n","protected":false},"featured_media":14929,"template":"","meta":{"_acf_changed":false,"neve_meta_sidebar":"","neve_meta_container":"","neve_meta_enable_content_width":"off","neve_meta_content_width":100,"neve_meta_title_alignment":"","neve_meta_author_avatar":"","neve_post_elements_order":"","neve_meta_disable_header":"","neve_meta_disable_footer":"","neve_meta_disable_title":"","neve_meta_reading_time":"","_ti_tpc_template_sync":false,"_ti_tpc_template_id":""},"product_cat":[4164,4214,4167],"product_tag":[],"segments":[5042,4529,4532,4531,5038,4527],"sports":[1349,4538],"class_list":{"0":"post-141987","1":"product","2":"type-product","3":"status-publish","4":"has-post-thumbnail","6":"product_cat-rekreative-spil","7":"product_cat-kastekurv-og-maeltaepper","8":"product_cat-rehab-og-fysio-da","9":"pa_countryorigin-dk-da","10":"pa_tarif-9506-9990-00-da","11":"segments-boernehave-og-indskoling","12":"segments-firma-og-familiesport","13":"segments-plejecentre","14":"segments-rehab-og-fysio","15":"segments-seniorsport","16":"segments-skoleidraet","17":"sports-basketball-da","18":"sports-bowling-da","20":"first","21":"instock","22":"taxable","23":"shipping-taxable","24":"purchasable","25":"product-type-simple"},"acf":[],"aioseo_notices":[],"_links":{"self":[{"href":"https:\/\/handilifesport.com\/da\/wp-json\/wp\/v2\/product\/141987","targetHints":{"allow":["GET"]}}],"collection":[{"href":"https:\/\/handilifesport.com\/da\/wp-json\/wp\/v2\/product"}],"about":[{"href":"https:\/\/handilifesport.com\/da\/wp-json\/wp\/v2\/types\/product"}],"wp:featuredmedia":[{"embeddable":true,"href":"https:\/\/handilifesport.com\/da\/wp-json\/wp\/v2\/media\/14929"}],"wp:attachment":[{"href":"https:\/\/handilifesport.com\/da\/wp-json\/wp\/v2\/media?parent=141987"}],"wp:term":[{"taxonomy":"product_cat","embeddable":true,"href":"https:\/\/handilifesport.com\/da\/wp-json\/wp\/v2\/product_cat?post=141987"},{"taxonomy":"product_tag","embeddable":true,"href":"https:\/\/handilifesport.com\/da\/wp-json\/wp\/v2\/product_tag?post=141987"},{"taxonomy":"segments","embeddable":true,"href":"https:\/\/handilifesport.com\/da\/wp-json\/wp\/v2\/segments?post=141987"},{"taxonomy":"sports","embeddable":true,"href":"https:\/\/handilifesport.com\/da\/wp-json\/wp\/v2\/sports?post=141987"}],"curies":[{"name":"wp","href":"https:\/\/api.w.org\/{rel}","templated":true}]}}