{"id":142450,"date":"2021-09-28T00:00:00","date_gmt":"2021-09-28T00:00:00","guid":{"rendered":"https:\/\/hls2022.xanouso.com\/product\/kastekurv-med-lukket-net\/"},"modified":"2025-08-25T17:21:51","modified_gmt":"2025-08-25T15:21:51","slug":"kastekurv-med-lukket-og-aabent-net","status":"publish","type":"product","link":"https:\/\/handilifesport.com\/da\/vare\/kastekurv-med-lukket-og-aabent-net\/","title":{"rendered":"Kastekurv med lukket og \u00e5bent net"},"content":{"rendered":"","protected":false},"excerpt":{"rendered":"<p><strong>Nu med b\u00e5de lukket og \u00e5bent net!<\/strong><\/p>\n<p>Vi er glade for at pr\u00e6sentere vores opdaterede kastekurv. Den leveres nu med to forskellige net: Et <strong>lukket<\/strong> net og et <strong>\u00e5bent<\/strong> net.<\/p>\n<p>Denne kastekurv kan benyttes til pr\u00e6cisionsspil i skoler, institutioner, klubber, aktivitetscentre, plejehjem, rehab-centre m.v.<\/p>\n<p>M\u00e5let kan ogs\u00e5 benyttes til k\u00f8restolsbasket.<\/p>\n<p>Det lukkede net er fremragende til pr\u00e6cisionsspil med store og sm\u00e5 bolde og det nye, \u00e5bne net passer perfekt til at spille basketball.<\/p>\n<p>Kastekurven har de samme dimensioner som et officielt basketball-m\u00e5l og er 53 cm h\u00f8jt. Det er lavet af pulverlakeret st\u00e5l, og st\u00e5r stabilt p\u00e5 de tre ben, der er forsynet med gummidupper.<\/p>\n<p>Kastekurven vejer kun 4 kg og leveres i en praktisk flad kasse.<\/p>\n<p><strong>Hvis du vil bruge kastekurven til K\u00f8restolsbasketball: <\/strong>Brug 2 m\u00e5l og brug det \u00e5bne net, s\u00e5 bolden kan komme igennem.<\/p>\n<p>Alle slags bolde, sm\u00e5, store, tunge og lette, kan bruges til pr\u00e6cisionsspil eller tr\u00e6nings\u00f8velser med kastekurven.<\/p>\n<p>&nbsp;<\/p>\n<p><strong>Ovenn\u00e6vnte pris er ekskl. moms.<\/strong><br \/>\n<strong>Pris i DKK inkl. moms 675,- pr. stk.<\/strong><\/p>\n","protected":false},"featured_media":150878,"template":"","meta":{"_acf_changed":false,"neve_meta_sidebar":"","neve_meta_container":"","neve_meta_enable_content_width":"off","neve_meta_content_width":100,"neve_meta_title_alignment":"","neve_meta_author_avatar":"","neve_post_elements_order":"","neve_meta_disable_header":"","neve_meta_disable_footer":"","neve_meta_disable_title":"","neve_meta_reading_time":"","_ti_tpc_template_sync":false,"_ti_tpc_template_id":""},"product_cat":[4498,4291,4164,4214,4167],"product_tag":[4591,4592,4593,4595,4596,4594],"segments":[5042,4532,4531,4527],"sports":[1349],"class_list":{"0":"post-142450","1":"product","2":"type-product","3":"status-publish","4":"has-post-thumbnail","6":"product_cat-boccia-udstyr-da","7":"product_cat-boccia-traeningsaktiviteter","8":"product_cat-rekreative-spil","9":"product_cat-kastekurv-og-maeltaepper","10":"product_cat-rehab-og-fysio-da","11":"product_tag-aktivitet-til-plejehjem-da","12":"product_tag-aktivitet-til-praecisionsspil","13":"product_tag-aktivitet-til-skoler-da","14":"product_tag-basketball-kastekurv","15":"product_tag-kastekurv-da","16":"product_tag-mal-til-korestolsbasketball","17":"pa_countryorigin-dk-da","18":"pa_tarif-9506-9990-00-da","19":"segments-boernehave-og-indskoling","20":"segments-plejecentre","21":"segments-rehab-og-fysio","22":"segments-skoleidraet","23":"sports-basketball-da","25":"first","26":"instock","27":"taxable","28":"shipping-taxable","29":"purchasable","30":"product-type-simple"},"acf":[],"aioseo_notices":[],"_links":{"self":[{"href":"https:\/\/handilifesport.com\/da\/wp-json\/wp\/v2\/product\/142450","targetHints":{"allow":["GET"]}}],"collection":[{"href":"https:\/\/handilifesport.com\/da\/wp-json\/wp\/v2\/product"}],"about":[{"href":"https:\/\/handilifesport.com\/da\/wp-json\/wp\/v2\/types\/product"}],"wp:featuredmedia":[{"embeddable":true,"href":"https:\/\/handilifesport.com\/da\/wp-json\/wp\/v2\/media\/150878"}],"wp:attachment":[{"href":"https:\/\/handilifesport.com\/da\/wp-json\/wp\/v2\/media?parent=142450"}],"wp:term":[{"taxonomy":"product_cat","embeddable":true,"href":"https:\/\/handilifesport.com\/da\/wp-json\/wp\/v2\/product_cat?post=142450"},{"taxonomy":"product_tag","embeddable":true,"href":"https:\/\/handilifesport.com\/da\/wp-json\/wp\/v2\/product_tag?post=142450"},{"taxonomy":"segments","embeddable":true,"href":"https:\/\/handilifesport.com\/da\/wp-json\/wp\/v2\/segments?post=142450"},{"taxonomy":"sports","embeddable":true,"href":"https:\/\/handilifesport.com\/da\/wp-json\/wp\/v2\/sports?post=142450"}],"curies":[{"name":"wp","href":"https:\/\/api.w.org\/{rel}","templated":true}]}}