{"id":148226,"date":"2022-09-05T12:18:56","date_gmt":"2022-09-05T10:18:56","guid":{"rendered":"https:\/\/handilifesport.com\/product\/148226\/"},"modified":"2025-08-19T18:26:53","modified_gmt":"2025-08-19T16:26:53","slug":"lille-sommerfuglebold","status":"publish","type":"product","link":"https:\/\/handilifesport.com\/da\/vare\/lille-sommerfuglebold\/","title":{"rendered":"Lille Sommerfuglebold"},"content":{"rendered":"","protected":false},"excerpt":{"rendered":"<p><strong>NY: Lille Sommerfuglebold<\/strong><\/p>\n<p>Vores popul\u00e6re Sommerfuglebold har f\u00e5et en lilles\u00f8ster: Lille Sommerfuglebold<\/p>\n<ul>\n<li>Den lille sommerfuglebold er r\u00f8d med et fint m\u00f8nster af fugle, blomster og sommerfugle<\/li>\n<li>Den er bl\u00f8d og behagelig med en ringlende lyd<\/li>\n<li>Den er lavet af gummi med en taktil overflade<\/li>\n<li>\u00d8 14 cm, v\u00e6gt 160 gram<\/li>\n<\/ul>\n<p>Den lette og fleksible Sommerfuglebold i gummi er fremragende til forskellige slags spil og leg. Den er ogs\u00e5 god til at anvende i poolen. Ideel til al slags spil og leg, der involverer, at man triller eller kaster bolden.<\/p>\n<p><strong>BEM\u00c6RK:\u00a0<\/strong>Prim\u00e6rt til indend\u00f8rs brug. M\u00e5 ikke anvendes p\u00e5 h\u00e5rde\/ru overflader udenfor.<\/p>\n<p><strong>Ovenn\u00e6vnte pris er ekskl. moms.<br \/>\nPris i DKK inkl. moms 217,- pr. bold.<\/strong><\/p>\n","protected":false},"featured_media":152215,"template":"","meta":{"_acf_changed":false,"neve_meta_sidebar":"","neve_meta_container":"","neve_meta_enable_content_width":"off","neve_meta_content_width":100,"neve_meta_title_alignment":"","neve_meta_author_avatar":"","neve_post_elements_order":"","neve_meta_disable_header":"","neve_meta_disable_footer":"","neve_meta_disable_title":"","neve_meta_reading_time":"","_ti_tpc_template_sync":false,"_ti_tpc_template_id":""},"product_cat":[4166,4247,4214],"product_tag":[5049,5050,4658,5048,5051,5045,5046,5047],"segments":[4530,5042,4529,4532,4531,4527],"sports":[1349],"class_list":{"0":"post-148226","1":"product","2":"type-product","3":"status-publish","4":"has-post-thumbnail","6":"product_cat-blinde-sport-og-aktiviteter","7":"product_cat-andre-lydbolde","8":"product_cat-kastekurv-og-maeltaepper","9":"product_tag-gummi-klokkebold","10":"product_tag-gummi-lydbold-da","11":"product_tag-lydbold-da","12":"product_tag-lydbold-til-svomning","13":"product_tag-lydbold-til-swimmingpools","14":"product_tag-lydbolde-da","15":"product_tag-lydbolde-til-plejehjem","16":"product_tag-lydbolde-til-synshandicappede","17":"pa_countryorigin-dk-da","18":"pa_tarif-9506-6200-00-da","19":"segments-blindeidraet","20":"segments-boernehave-og-indskoling","21":"segments-firma-og-familiesport","22":"segments-plejecentre","23":"segments-rehab-og-fysio","24":"segments-skoleidraet","25":"sports-basketball-da","27":"first","28":"instock","29":"taxable","30":"shipping-taxable","31":"purchasable","32":"product-type-simple"},"acf":[],"aioseo_notices":[],"_links":{"self":[{"href":"https:\/\/handilifesport.com\/da\/wp-json\/wp\/v2\/product\/148226","targetHints":{"allow":["GET"]}}],"collection":[{"href":"https:\/\/handilifesport.com\/da\/wp-json\/wp\/v2\/product"}],"about":[{"href":"https:\/\/handilifesport.com\/da\/wp-json\/wp\/v2\/types\/product"}],"wp:featuredmedia":[{"embeddable":true,"href":"https:\/\/handilifesport.com\/da\/wp-json\/wp\/v2\/media\/152215"}],"wp:attachment":[{"href":"https:\/\/handilifesport.com\/da\/wp-json\/wp\/v2\/media?parent=148226"}],"wp:term":[{"taxonomy":"product_cat","embeddable":true,"href":"https:\/\/handilifesport.com\/da\/wp-json\/wp\/v2\/product_cat?post=148226"},{"taxonomy":"product_tag","embeddable":true,"href":"https:\/\/handilifesport.com\/da\/wp-json\/wp\/v2\/product_tag?post=148226"},{"taxonomy":"segments","embeddable":true,"href":"https:\/\/handilifesport.com\/da\/wp-json\/wp\/v2\/segments?post=148226"},{"taxonomy":"sports","embeddable":true,"href":"https:\/\/handilifesport.com\/da\/wp-json\/wp\/v2\/sports?post=148226"}],"curies":[{"name":"wp","href":"https:\/\/api.w.org\/{rel}","templated":true}]}}