{"id":149102,"date":"2023-01-31T12:34:38","date_gmt":"2023-01-31T12:34:38","guid":{"rendered":"https:\/\/handilifesport.com\/?post_type=product&#038;p=149102"},"modified":"2025-08-19T18:20:39","modified_gmt":"2025-08-19T16:20:39","slug":"justa-blindesportsmaske-i-justa-etui","status":"publish","type":"product","link":"https:\/\/handilifesport.com\/da\/vare\/justa-blindesportsmaske-i-justa-etui\/","title":{"rendered":"Justa Blindesportsmaske i et Justa etui"},"content":{"rendered":"","protected":false},"excerpt":{"rendered":"<p><strong>Justa Blinde Sportsmaske i en Justa case<\/strong><\/p>\n<p>K\u00f8b din Justa sportsmaske i et smart og praktisk etui, som beskytter Justa-masken. En mulighed for at passe godt p\u00e5 din blindesportsmaske p\u00e5 en smart &amp; handy m\u00e5de.<\/p>\n<p>Justa Blindesportsmaske er den professionelle blindesportsmaske lavet af bl\u00f8dt st\u00f8bt sort gummi med perfekt pasform. Masken er i one size med just\u00e9rbar elastisk strop. Stroppen findes i r\u00f8d og bl\u00e5.<\/p>\n<p>JUSTA blindesportsmasken er sikker, beskyttende, super behagelig \u2013 brugeren bliver helt uden syn. Anvendes, n\u00e5r der spilles blindefodbold, Goalball, Torball, Showdown o.lign.<\/p>\n<p>Justa blindesportsmasken er blevet meget popul\u00e6r b\u00e5de blandt elite- og andre sportsud\u00f8vere.<\/p>\n<p><strong>Med Justa etuiet f\u00e5r du:<\/strong><\/p>\n<ul>\n<li>En beskyttende \u00e6ske til opbevaring af en blindesportsmaske<\/li>\n<li>En rigtig l\u00e6kker og eksklusiv \u00e6ske<\/li>\n<li>Passer perfekt til Justa Blindesportsmasken<\/li>\n<\/ul>\n<p>V\u00e6lg mellem r\u00f8d eller bl\u00e5 elastik til masken.<\/p>\n<p><strong>Ovenn\u00e6vnte pris er ekskl. moms.<br \/>\nPris i DKK inkl. moms 394,- pr. s\u00e6t.<\/strong><\/p>\n","protected":false},"featured_media":14470,"template":"","meta":{"_acf_changed":false,"neve_meta_sidebar":"","neve_meta_container":"","neve_meta_enable_content_width":"off","neve_meta_content_width":100,"neve_meta_title_alignment":"","neve_meta_author_avatar":"","neve_post_elements_order":"","neve_meta_disable_header":"","neve_meta_disable_footer":"","neve_meta_disable_title":"","neve_meta_reading_time":"","_ti_tpc_template_sync":false,"_ti_tpc_template_id":""},"product_cat":[4166,4222],"product_tag":[],"segments":[4530,4526],"sports":[4536,4537,4544,4543,4542],"class_list":{"0":"post-149102","1":"product","2":"type-product","3":"status-publish","4":"has-post-thumbnail","6":"product_cat-blinde-sport-og-aktiviteter","7":"product_cat-sportsmasker","8":"pa_colour-bla","9":"pa_colour-rod","10":"pa_countryorigin-dk-da","11":"segments-blindeidraet","12":"segments-parasport","13":"sports-blinde-tennis","14":"sports-blindefodbold","15":"sports-goalball-da","16":"sports-showdown-da","17":"sports-torball-da","19":"first","20":"outofstock","21":"taxable","22":"shipping-taxable","23":"purchasable","24":"product-type-variable"},"acf":[],"aioseo_notices":[],"_links":{"self":[{"href":"https:\/\/handilifesport.com\/da\/wp-json\/wp\/v2\/product\/149102","targetHints":{"allow":["GET"]}}],"collection":[{"href":"https:\/\/handilifesport.com\/da\/wp-json\/wp\/v2\/product"}],"about":[{"href":"https:\/\/handilifesport.com\/da\/wp-json\/wp\/v2\/types\/product"}],"wp:featuredmedia":[{"embeddable":true,"href":"https:\/\/handilifesport.com\/da\/wp-json\/wp\/v2\/media\/14470"}],"wp:attachment":[{"href":"https:\/\/handilifesport.com\/da\/wp-json\/wp\/v2\/media?parent=149102"}],"wp:term":[{"taxonomy":"product_cat","embeddable":true,"href":"https:\/\/handilifesport.com\/da\/wp-json\/wp\/v2\/product_cat?post=149102"},{"taxonomy":"product_tag","embeddable":true,"href":"https:\/\/handilifesport.com\/da\/wp-json\/wp\/v2\/product_tag?post=149102"},{"taxonomy":"segments","embeddable":true,"href":"https:\/\/handilifesport.com\/da\/wp-json\/wp\/v2\/segments?post=149102"},{"taxonomy":"sports","embeddable":true,"href":"https:\/\/handilifesport.com\/da\/wp-json\/wp\/v2\/sports?post=149102"}],"curies":[{"name":"wp","href":"https:\/\/api.w.org\/{rel}","templated":true}]}}