{"id":149203,"date":"2023-02-10T11:56:56","date_gmt":"2023-02-10T11:56:56","guid":{"rendered":"https:\/\/handilifesport.com\/?post_type=product&#038;p=149203"},"modified":"2025-08-18T14:35:13","modified_gmt":"2025-08-18T12:35:13","slug":"boccia-superior-classic-medium-hard-saet-i-skuldertaske","status":"publish","type":"product","link":"https:\/\/handilifesport.com\/da\/vare\/boccia-superior-classic-medium-hard-saet-i-skuldertaske\/","title":{"rendered":"Boccia Superior Classic Medium-Hard s\u00e6t i skuldertaske"},"content":{"rendered":"","protected":false},"excerpt":{"rendered":"<p>Boccia Superior Classic s\u00e6t i bl\u00e5 skuldertaske med medium-h\u00e5rde bolde.<\/p>\n<p class=\"pnumber\">13 bolde h\u00e5ndsyet i certificeret uds\u00f8gt PU-kvalitet. Boldene er i overensstemmelse med det Internationale Bocciaforbunds krav. Med BISFed Licens stempel.<\/p>\n<p class=\"pdesc\"><strong>H\u00e5rdhed p\u00e5 boldene<\/strong>: medium-h\u00e5rd.<\/p>\n<p class=\"pdesc\">Hver boccia bold m\u00e5ler: Omkreds 270 mm +\/- 8 mm, v\u00e6gt: 275 g. +\/- 12 g. (diameter ca. 8,5 cm).<\/p>\n<p class=\"pdesc\">S\u00e6ttet leveres i en bl\u00e5 skuldertaske.<\/p>\n<div><\/div>\n<div><\/div>\n<div class=\"pdesc\"><strong>Ovenn\u00e6vnte pris er ekskl. moms.<br \/>\n<\/strong> <strong>Pris i DKK inkl. moms 2.644,- kr. pr. s\u00e6t. <\/strong><\/div>\n","protected":false},"featured_media":3288,"template":"","meta":{"_acf_changed":false,"neve_meta_sidebar":"","neve_meta_container":"","neve_meta_enable_content_width":"off","neve_meta_content_width":100,"neve_meta_title_alignment":"","neve_meta_author_avatar":"","neve_post_elements_order":"","neve_meta_disable_header":"","neve_meta_disable_footer":"","neve_meta_disable_title":"","neve_meta_reading_time":"","_ti_tpc_template_sync":false,"_ti_tpc_template_id":""},"product_cat":[4515,4196,4167],"product_tag":[5266,4557,4558,4559,4560,4555,4561,4562,4563,4567,4566,4577,4570,4572,4573,4574,5267],"segments":[4526],"sports":[4516],"class_list":{"0":"post-149203","1":"product","2":"type-product","3":"status-publish","4":"has-post-thumbnail","6":"product_cat-boccia-saet","7":"product_cat-boccia-superior-classic-da","8":"product_cat-rehab-og-fysio-da","9":"product_tag-aktiviteter-for-aeldre","10":"product_tag-bisfed-sport-da","11":"product_tag-boccas-da","12":"product_tag-bocce-da","13":"product_tag-boccia-da","14":"product_tag-boccia-for-paraatleter","15":"product_tag-boccia-i-hard-taske","16":"product_tag-bochas-da","17":"product_tag-cp-sport-da","18":"product_tag-indendors-boccia","19":"product_tag-indendors-praecisionspil","20":"product_tag-korestolssport","21":"product_tag-paralympisk-boccia","22":"product_tag-senior-idraet-da","23":"product_tag-senior-sport-da","24":"product_tag-soft-boccia-da","25":"product_tag-sport-til-plejehjem","26":"pa_countryorigin-dk-da","27":"pa_tarif-9506-6200-00-da","28":"segments-parasport","29":"sports-boccia-da","31":"first","32":"instock","33":"taxable","34":"shipping-taxable","35":"purchasable","36":"product-type-simple"},"acf":[],"aioseo_notices":[],"_links":{"self":[{"href":"https:\/\/handilifesport.com\/da\/wp-json\/wp\/v2\/product\/149203","targetHints":{"allow":["GET"]}}],"collection":[{"href":"https:\/\/handilifesport.com\/da\/wp-json\/wp\/v2\/product"}],"about":[{"href":"https:\/\/handilifesport.com\/da\/wp-json\/wp\/v2\/types\/product"}],"wp:featuredmedia":[{"embeddable":true,"href":"https:\/\/handilifesport.com\/da\/wp-json\/wp\/v2\/media\/3288"}],"wp:attachment":[{"href":"https:\/\/handilifesport.com\/da\/wp-json\/wp\/v2\/media?parent=149203"}],"wp:term":[{"taxonomy":"product_cat","embeddable":true,"href":"https:\/\/handilifesport.com\/da\/wp-json\/wp\/v2\/product_cat?post=149203"},{"taxonomy":"product_tag","embeddable":true,"href":"https:\/\/handilifesport.com\/da\/wp-json\/wp\/v2\/product_tag?post=149203"},{"taxonomy":"segments","embeddable":true,"href":"https:\/\/handilifesport.com\/da\/wp-json\/wp\/v2\/segments?post=149203"},{"taxonomy":"sports","embeddable":true,"href":"https:\/\/handilifesport.com\/da\/wp-json\/wp\/v2\/sports?post=149203"}],"curies":[{"name":"wp","href":"https:\/\/api.w.org\/{rel}","templated":true}]}}