{"id":149315,"date":"2023-02-13T14:35:55","date_gmt":"2023-02-13T14:35:55","guid":{"rendered":"https:\/\/handilifesport.com\/?post_type=product&#038;p=149315"},"modified":"2025-08-18T00:41:04","modified_gmt":"2025-08-17T22:41:04","slug":"boccia-superior-classic-saet-i-skuldertaske-h-ms-s-bolde","status":"publish","type":"product","link":"https:\/\/handilifesport.com\/da\/vare\/boccia-superior-classic-saet-i-skuldertaske-h-ms-s-bolde\/","title":{"rendered":"Boccia Superior Classic: Hard. medium-soft eller soft s\u00e6t i skuldertaske"},"content":{"rendered":"","protected":false},"excerpt":{"rendered":"<p>Boccia Superior Classic i bl\u00e5 skuldertaske med enten soft, medium-soft eller h\u00e5rde bolde.<\/p>\n<div class=\"pnumber\">13 bolde h\u00e5ndsyet i certificeret uds\u00f8gt PU-kvalitet. Boldene er i overensstemmelse med det Internationale Bocciaforbunds krav. Med BISFed Licens stempel.<\/div>\n<p class=\"pnumber\"><strong>H\u00e5rdhed p\u00e5 boldene:<\/strong> h\u00e5rd, medium-soft eller soft.<\/p>\n<p class=\"pdesc\">Hver boccia bold m\u00e5ler: omkreds 270 mm +\/- 8 mm, v\u00e6gt: 275 g. +\/- 12 g. (diameter ca. 8,5 cm).<\/p>\n<p class=\"pdesc\">S\u00e6ttet leveres i en bl\u00e5 skuldertaske.<\/p>\n<div><\/div>\n<div><\/div>\n<div class=\"pdesc\"><strong>Ovenn\u00e6vnte pris er ekskl. moms.<br \/>\n<\/strong> <strong>Pris i DKK inkl. moms 2.944,- kr. pr. s\u00e6t.<\/strong><\/div>\n","protected":false},"featured_media":3288,"template":"","meta":{"_acf_changed":false,"neve_meta_sidebar":"","neve_meta_container":"","neve_meta_enable_content_width":"off","neve_meta_content_width":100,"neve_meta_title_alignment":"","neve_meta_author_avatar":"","neve_post_elements_order":"","neve_meta_disable_header":"","neve_meta_disable_footer":"","neve_meta_disable_title":"","neve_meta_reading_time":"","_ti_tpc_template_sync":false,"_ti_tpc_template_id":""},"product_cat":[4515,4196,4167],"product_tag":[5266,4557,4558,4559,4560,4555,4561,4562,4563,4567,4566,4577,4570,4572,4573,4574,5267],"segments":[4526],"sports":[4516],"class_list":{"0":"post-149315","1":"product","2":"type-product","3":"status-publish","4":"has-post-thumbnail","6":"product_cat-boccia-saet","7":"product_cat-boccia-superior-classic-da","8":"product_cat-rehab-og-fysio-da","9":"product_tag-aktiviteter-for-aeldre","10":"product_tag-bisfed-sport-da","11":"product_tag-boccas-da","12":"product_tag-bocce-da","13":"product_tag-boccia-da","14":"product_tag-boccia-for-paraatleter","15":"product_tag-boccia-i-hard-taske","16":"product_tag-bochas-da","17":"product_tag-cp-sport-da","18":"product_tag-indendors-boccia","19":"product_tag-indendors-praecisionspil","20":"product_tag-korestolssport","21":"product_tag-paralympisk-boccia","22":"product_tag-senior-idraet-da","23":"product_tag-senior-sport-da","24":"product_tag-soft-boccia-da","25":"product_tag-sport-til-plejehjem","26":"pa_balls-harde-bolde","27":"pa_balls-medium-soft-bolde","28":"pa_balls-soft-bolde","29":"pa_countryorigin-dk-da","30":"pa_tarif-9506-6200-00-da","31":"segments-parasport","32":"sports-boccia-da","34":"first","35":"instock","36":"taxable","37":"shipping-taxable","38":"purchasable","39":"product-type-variable"},"acf":[],"aioseo_notices":[],"_links":{"self":[{"href":"https:\/\/handilifesport.com\/da\/wp-json\/wp\/v2\/product\/149315","targetHints":{"allow":["GET"]}}],"collection":[{"href":"https:\/\/handilifesport.com\/da\/wp-json\/wp\/v2\/product"}],"about":[{"href":"https:\/\/handilifesport.com\/da\/wp-json\/wp\/v2\/types\/product"}],"wp:featuredmedia":[{"embeddable":true,"href":"https:\/\/handilifesport.com\/da\/wp-json\/wp\/v2\/media\/3288"}],"wp:attachment":[{"href":"https:\/\/handilifesport.com\/da\/wp-json\/wp\/v2\/media?parent=149315"}],"wp:term":[{"taxonomy":"product_cat","embeddable":true,"href":"https:\/\/handilifesport.com\/da\/wp-json\/wp\/v2\/product_cat?post=149315"},{"taxonomy":"product_tag","embeddable":true,"href":"https:\/\/handilifesport.com\/da\/wp-json\/wp\/v2\/product_tag?post=149315"},{"taxonomy":"segments","embeddable":true,"href":"https:\/\/handilifesport.com\/da\/wp-json\/wp\/v2\/segments?post=149315"},{"taxonomy":"sports","embeddable":true,"href":"https:\/\/handilifesport.com\/da\/wp-json\/wp\/v2\/sports?post=149315"}],"curies":[{"name":"wp","href":"https:\/\/api.w.org\/{rel}","templated":true}]}}