{"id":150210,"date":"2023-12-08T11:31:29","date_gmt":"2023-12-08T11:31:29","guid":{"rendered":"https:\/\/handilifesport.com\/product\/petanque-light-dk\/"},"modified":"2025-08-21T15:36:06","modified_gmt":"2025-08-21T13:36:06","slug":"petanque-light-dk","status":"publish","type":"product","link":"https:\/\/handilifesport.com\/da\/vare\/petanque-light-dk\/","title":{"rendered":"Petanque Light"},"content":{"rendered":"","protected":false},"excerpt":{"rendered":"<p><strong>NYHED:<\/strong> Vi er glade for at kunne introducere vores nye og forbedrede version af Petanque Light.<\/p>\n<p>De solide bolde er lavet af genanvendt PE og har en let struktureret overflade, som g\u00f8r dem gode at holde p\u00e5.<\/p>\n<p>12 bolde (3 hvide, 3 gule, 3 r\u00f8de og 3 bl\u00e5) og 2 m\u00e5lkugler\/grise.<\/p>\n<p>Hver bold vejer ca. 270 gram og er meget lettere og nemmere at h\u00e5ndtere end de normale tunge Petanque bolde lavet af metal.<\/p>\n<p>Leveres i en nylonpose sammen med simple Petanque regler.<\/p>\n<p><strong>Ovenn\u00e6vnte pris er ekskl. moms.<br \/>\n<\/strong><strong>Pris i DKK inkl. moms 675,- kr. pr. s\u00e6t.<\/strong><\/p>\n","protected":false},"featured_media":158293,"template":"","meta":{"_acf_changed":false,"neve_meta_sidebar":"","neve_meta_container":"","neve_meta_enable_content_width":"off","neve_meta_content_width":100,"neve_meta_title_alignment":"","neve_meta_author_avatar":"","neve_post_elements_order":"","neve_meta_disable_header":"","neve_meta_disable_footer":"","neve_meta_disable_title":"","neve_meta_reading_time":"","_ti_tpc_template_sync":false,"_ti_tpc_template_id":""},"product_cat":[4525,4500],"product_tag":[],"segments":[4529,4532,4531,5038,4527],"sports":[4680],"class_list":{"0":"post-150210","1":"product","2":"type-product","3":"status-publish","4":"has-post-thumbnail","6":"product_cat-nye-produkter-da","7":"product_cat-petanque-da","8":"pa_tarif-9506-6990-00-da","9":"segments-firma-og-familiesport","10":"segments-plejecentre","11":"segments-rehab-og-fysio","12":"segments-seniorsport","13":"segments-skoleidraet","14":"sports-petanque-da","16":"first","17":"instock","18":"taxable","19":"shipping-taxable","20":"purchasable","21":"product-type-simple"},"acf":[],"aioseo_notices":[],"_links":{"self":[{"href":"https:\/\/handilifesport.com\/da\/wp-json\/wp\/v2\/product\/150210","targetHints":{"allow":["GET"]}}],"collection":[{"href":"https:\/\/handilifesport.com\/da\/wp-json\/wp\/v2\/product"}],"about":[{"href":"https:\/\/handilifesport.com\/da\/wp-json\/wp\/v2\/types\/product"}],"wp:featuredmedia":[{"embeddable":true,"href":"https:\/\/handilifesport.com\/da\/wp-json\/wp\/v2\/media\/158293"}],"wp:attachment":[{"href":"https:\/\/handilifesport.com\/da\/wp-json\/wp\/v2\/media?parent=150210"}],"wp:term":[{"taxonomy":"product_cat","embeddable":true,"href":"https:\/\/handilifesport.com\/da\/wp-json\/wp\/v2\/product_cat?post=150210"},{"taxonomy":"product_tag","embeddable":true,"href":"https:\/\/handilifesport.com\/da\/wp-json\/wp\/v2\/product_tag?post=150210"},{"taxonomy":"segments","embeddable":true,"href":"https:\/\/handilifesport.com\/da\/wp-json\/wp\/v2\/segments?post=150210"},{"taxonomy":"sports","embeddable":true,"href":"https:\/\/handilifesport.com\/da\/wp-json\/wp\/v2\/sports?post=150210"}],"curies":[{"name":"wp","href":"https:\/\/api.w.org\/{rel}","templated":true}]}}