{"id":150289,"date":"2024-01-17T13:35:54","date_gmt":"2024-01-17T13:35:54","guid":{"rendered":"https:\/\/handilifesport.com\/product\/blinde-tennis-bolde-pakke-med-2-eller-12-bolde\/"},"modified":"2025-08-19T18:13:16","modified_gmt":"2025-08-19T16:13:16","slug":"blinde-tennis-bolde-pakke-med-2-eller-12-bolde","status":"publish","type":"product","link":"https:\/\/handilifesport.com\/da\/vare\/blinde-tennis-bolde-pakke-med-2-eller-12-bolde\/","title":{"rendered":"Blinde Tennis Bolde &#8211; Pakke med 2 eller 12 bolde"},"content":{"rendered":"","protected":false},"excerpt":{"rendered":"<p><strong>Blinde Tennis bolde<\/strong><\/p>\n<p>Pakker med 2 eller 12 Blinde Tennis bolde.<\/p>\n<ul>\n<li>Gule skumbolde med bl\u00e5t print<\/li>\n<li>Med en klar raslelyd og lavt opspring<\/li>\n<li>Diameter ca. 9 cm<\/li>\n<\/ul>\n<p>Ogs\u00e5 god som legebold til b\u00f8rn og \u00e6ldre mennesker.<\/p>\n<p><strong><br \/>\nOvenn\u00e6vnte pris er ekskl. moms.<\/strong><br \/>\n<strong>Pris i DKK inkl. moms 169,- pr. pakke med 2.<\/strong><br \/>\n<strong>Pris i DKK inkl. moms 563,- pr. pakke med 12.<\/strong><\/p>\n","protected":false},"featured_media":150147,"template":"","meta":{"_acf_changed":false,"neve_meta_sidebar":"","neve_meta_container":"","neve_meta_enable_content_width":"off","neve_meta_content_width":100,"neve_meta_title_alignment":"","neve_meta_author_avatar":"","neve_post_elements_order":"","neve_meta_disable_header":"","neve_meta_disable_footer":"","neve_meta_disable_title":"","neve_meta_reading_time":"","_ti_tpc_template_sync":false,"_ti_tpc_template_id":""},"product_cat":[4166,4247],"product_tag":[4753,4756,4760,4761,4762,4763,4757,4764,4759,4758,4696,4765,4766,4767,4768,4755,4769,4770,4771],"segments":[4530],"sports":[4536],"class_list":{"0":"post-150289","1":"product","2":"type-product","3":"status-publish","4":"has-post-thumbnail","6":"product_cat-blinde-sport-og-aktiviteter","7":"product_cat-andre-lydbolde","8":"product_tag-6-cm-da","9":"product_tag-blinde-tennis-bold","10":"product_tag-lille-blod-lydbold-da","11":"product_tag-lille-skumbold-med-lyd-da","12":"product_tag-lydbold-til-tennis-mv-da","13":"product_tag-officiel-storrelse-tennisbold-til-blinde-tennis","14":"product_tag-skumbold-da","15":"product_tag-skumbold-med-bjaelder-da","16":"product_tag-skumbold-med-lyd-da","17":"product_tag-skumbold-til-blinde-tennis","18":"product_tag-svagtseende-da","19":"product_tag-tennis-da","20":"product_tag-tennis-bold-med-lyd-da","21":"product_tag-tennis-for-blinde-da","22":"product_tag-tennisbold-med-bjaelder-da","23":"product_tag-tennisbold-med-lyd","24":"product_tag-vi-da","25":"product_tag-vi-tennis-da","26":"product_tag-vi-tennisbold","27":"pa_amount-pakke-med-12-bolde","28":"pa_amount-pakke-med-2-bolde","29":"pa_countryorigin-dk-da","30":"pa_tarif-9506-6100-00-da","31":"segments-blindeidraet","32":"sports-blinde-tennis","34":"first","35":"instock","36":"taxable","37":"shipping-taxable","38":"purchasable","39":"product-type-variable"},"acf":[],"aioseo_notices":[],"_links":{"self":[{"href":"https:\/\/handilifesport.com\/da\/wp-json\/wp\/v2\/product\/150289","targetHints":{"allow":["GET"]}}],"collection":[{"href":"https:\/\/handilifesport.com\/da\/wp-json\/wp\/v2\/product"}],"about":[{"href":"https:\/\/handilifesport.com\/da\/wp-json\/wp\/v2\/types\/product"}],"wp:featuredmedia":[{"embeddable":true,"href":"https:\/\/handilifesport.com\/da\/wp-json\/wp\/v2\/media\/150147"}],"wp:attachment":[{"href":"https:\/\/handilifesport.com\/da\/wp-json\/wp\/v2\/media?parent=150289"}],"wp:term":[{"taxonomy":"product_cat","embeddable":true,"href":"https:\/\/handilifesport.com\/da\/wp-json\/wp\/v2\/product_cat?post=150289"},{"taxonomy":"product_tag","embeddable":true,"href":"https:\/\/handilifesport.com\/da\/wp-json\/wp\/v2\/product_tag?post=150289"},{"taxonomy":"segments","embeddable":true,"href":"https:\/\/handilifesport.com\/da\/wp-json\/wp\/v2\/segments?post=150289"},{"taxonomy":"sports","embeddable":true,"href":"https:\/\/handilifesport.com\/da\/wp-json\/wp\/v2\/sports?post=150289"}],"curies":[{"name":"wp","href":"https:\/\/api.w.org\/{rel}","templated":true}]}}