{"id":150635,"date":"2024-06-10T13:29:50","date_gmt":"2024-06-10T13:29:50","guid":{"rendered":"https:\/\/handilifesport.com\/?post_type=product&#038;p=150635"},"modified":"2025-08-18T13:29:07","modified_gmt":"2025-08-18T11:29:07","slug":"aktivitetssaet-soft","status":"publish","type":"product","link":"https:\/\/handilifesport.com\/da\/vare\/aktivitetssaet-soft\/","title":{"rendered":"Aktivitetss\u00e6t, Soft"},"content":{"rendered":"","protected":false},"excerpt":{"rendered":"<p><strong>NYT: Aktivitets\u00e6t, Soft<\/strong><\/p>\n<p>Uanset alder er det vigtigt at bev\u00e6ge sig og tr\u00e6ne sin krop for at forblive sund og i form. Sport og spil g\u00f8r rehabiliteringsprogrammer sjovere og mere effektive.<\/p>\n<p>Dette aktivitetss\u00e6t er lavet til alle &#8211; det giver et godt grundlag for at skabe sjove aktiviteter, som alle kan deltage i.<\/p>\n<p>S\u00e6ttet indeholder blandt andet et Ten-pin-bowling-soft s\u00e6t og sansebolde, nogle med lyd, nogle med fl\u00f8jlslignende overflade og andre med et taktilt m\u00f8nster p\u00e5.<\/p>\n<p>S\u00e6ttet kommer i en farverig beholder, der kan bruges som m\u00e5l, n\u00e5r du kaster boldene, og s\u00e5 kan du selvf\u00f8lgelig ogs\u00e5 bruge den til at opbevare s\u00e6ttet i.<\/p>\n<p><strong>Indeholder:<\/strong><\/p>\n<ul>\n<li><a title=\"Ten-Pin Bowling Soft\" href=\"https:\/\/handilifesport.com\/da\/vare\/ten-pin-bowling-soft-da\/\" target=\"_blank\" rel=\"noopener\">Et Ten-pin Bowling soft s\u00e6t<\/a><\/li>\n<li><a title=\"Et s\u00e6t med \u00e6rteposer\" href=\"https:\/\/handilifesport.com\/da\/vare\/saet-med-12-aerteposer\/\" target=\"_blank\" rel=\"noopener\">Et s\u00e6t med \u00e6rteposer<\/a><\/li>\n<li><a title=\"2 Ballonbolde\" href=\"https:\/\/handilifesport.com\/da\/vare\/ballon-bold-str-7\/\" target=\"_blank\" rel=\"noopener\">2 Ballonbolde<\/a><\/li>\n<li>1 <a title=\"Ny Amika bold inklusive en boldpumpe\" href=\"https:\/\/handilifesport.com\/da\/vare\/ny-amika-bold-med-en-boldpumpe\/\" target=\"_blank\" rel=\"noopener\">Ny Amika bold inklusive en boldpumpe<\/a><\/li>\n<li><a title=\"Velvet ball size 1\" href=\"https:\/\/handilife.bizperformer.media\/product\/velvet-ball-size-1\/\">2 bl\u00f8de velvet bolde i forskellige st\u00f8rrelser<\/a><\/li>\n<li><a title=\"2 skum Tennisbolde\" href=\"https:\/\/handilifesport.com\/product\/blind-tennis-balls-package-with-2\/\">2 skum Tennisbolde<\/a><\/li>\n<li>1 <a title=\"Sommerfuglebold med lyd\" href=\"https:\/\/handilifesport.com\/da\/vare\/sommerfuglebold\/\" target=\"_blank\" rel=\"noopener\">Sommerfuglebold med lyd<\/a> and 1 <a title=\"Lille Sommerfuglebold med lyd\" href=\"https:\/\/handilifesport.com\/da\/vare\/lille-sommerfuglebold\/\" target=\"_blank\" rel=\"noopener\">Lille Sommerfuglebold med lyd<\/a><\/li>\n<li>1 boldnet og 1 beholder<\/li>\n<\/ul>\n<p>&nbsp;<\/p>\n<p><strong>Ovenn\u00e6vnte pris er ekskl. moms.<br \/>\n<\/strong><strong>Pris i DKK inkl. moms 2.204,- pr. aktivitetss\u00e6t.<\/strong><\/p>\n","protected":false},"featured_media":151396,"template":"","meta":{"_acf_changed":false,"neve_meta_sidebar":"","neve_meta_container":"","neve_meta_enable_content_width":"off","neve_meta_content_width":100,"neve_meta_title_alignment":"","neve_meta_author_avatar":"","neve_post_elements_order":"","neve_meta_disable_header":"","neve_meta_disable_footer":"","neve_meta_disable_title":"","neve_meta_reading_time":"","_ti_tpc_template_sync":false,"_ti_tpc_template_id":""},"product_cat":[4164,4292,4214,4165],"product_tag":[5266,5268,5276,5280,5269,5281,5275,5274,5270,5279,5273,5277,5278,4573,5267,5271,5272],"segments":[5042,4529,4532,5038,4527],"sports":[4538],"class_list":{"0":"post-150635","1":"product","2":"type-product","3":"status-publish","4":"has-post-thumbnail","6":"product_cat-rekreative-spil","7":"product_cat-bowling","8":"product_cat-kastekurv-og-maeltaepper","9":"product_cat-aktivitets-saet","10":"product_tag-aktiviteter-for-aeldre","11":"product_tag-aktiviteter-til-plejehjem","12":"product_tag-aktiviteter-til-seniorer","13":"product_tag-aktivitetssaet-til-mindre-born","14":"product_tag-aktivitetssaet-til-plejehjem-da","15":"product_tag-familie","16":"product_tag-lege-og-aktiviteter-til-seniorer","17":"product_tag-plejehjem-da-2","18":"product_tag-plejehjem-da","19":"product_tag-plejehjems-sport","20":"product_tag-saet-til-underholdning","21":"product_tag-senior-aktiviteter-da","22":"product_tag-senior-sjov","23":"product_tag-senior-sport-da","24":"product_tag-sport-til-plejehjem","25":"product_tag-underholdning-for-seniorer-da","26":"product_tag-underholdning-til-plejehjem","27":"pa_countryorigin-dk-da","28":"pa_tarif-9506-6200-00-da","29":"segments-boernehave-og-indskoling","30":"segments-firma-og-familiesport","31":"segments-plejecentre","32":"segments-seniorsport","33":"segments-skoleidraet","34":"sports-bowling-da","36":"first","37":"instock","38":"taxable","39":"shipping-taxable","40":"purchasable","41":"product-type-simple"},"acf":[],"aioseo_notices":[],"_links":{"self":[{"href":"https:\/\/handilifesport.com\/da\/wp-json\/wp\/v2\/product\/150635","targetHints":{"allow":["GET"]}}],"collection":[{"href":"https:\/\/handilifesport.com\/da\/wp-json\/wp\/v2\/product"}],"about":[{"href":"https:\/\/handilifesport.com\/da\/wp-json\/wp\/v2\/types\/product"}],"wp:featuredmedia":[{"embeddable":true,"href":"https:\/\/handilifesport.com\/da\/wp-json\/wp\/v2\/media\/151396"}],"wp:attachment":[{"href":"https:\/\/handilifesport.com\/da\/wp-json\/wp\/v2\/media?parent=150635"}],"wp:term":[{"taxonomy":"product_cat","embeddable":true,"href":"https:\/\/handilifesport.com\/da\/wp-json\/wp\/v2\/product_cat?post=150635"},{"taxonomy":"product_tag","embeddable":true,"href":"https:\/\/handilifesport.com\/da\/wp-json\/wp\/v2\/product_tag?post=150635"},{"taxonomy":"segments","embeddable":true,"href":"https:\/\/handilifesport.com\/da\/wp-json\/wp\/v2\/segments?post=150635"},{"taxonomy":"sports","embeddable":true,"href":"https:\/\/handilifesport.com\/da\/wp-json\/wp\/v2\/sports?post=150635"}],"curies":[{"name":"wp","href":"https:\/\/api.w.org\/{rel}","templated":true}]}}