{"id":151171,"date":"2024-12-03T11:29:53","date_gmt":"2024-12-03T11:29:53","guid":{"rendered":"https:\/\/handilifesport.com\/?post_type=product&#038;p=151171"},"modified":"2025-08-18T16:11:37","modified_gmt":"2025-08-18T14:11:37","slug":"aktivitetssaet-snoezelen","status":"publish","type":"product","link":"https:\/\/handilifesport.com\/da\/vare\/aktivitetssaet-snoezelen\/","title":{"rendered":"NYT: Aktivitetss\u00e6t, Snoezelen"},"content":{"rendered":"","protected":false},"excerpt":{"rendered":"<p><strong>NYT Snoezelen Aktivitetss\u00e6t til indend\u00f8rs leg og fysioterapi!\u00a0<\/strong><\/p>\n<p>Dette aktivitetss\u00e6t indeholder kvalitetsudstyr, som alle vil kunne bruge komfortabelt. Produkterne har Snoezelen-kvaliteter og vil appellere bredt med deres rare og behagelige udseende.<\/p>\n<p>Udstyret er let, bl\u00f8dt, farvestr\u00e5lende og har behagelige taktile funktioner, inklusive nogle med lyd.<\/p>\n<p>Ideel til b\u00f8rnehaver, b\u00f8rnehaveklasser, plejehjem og genoptr\u00e6ningscentre &#8211; og til leg derhjemme.<\/p>\n<p>S\u00e6ttet kommer i en farverig b\u00f8tte, der kan bruges som m\u00e5l, n\u00e5r du kaster bolde, og du kan selvf\u00f8lgelig ogs\u00e5 bruge den til at opbevare s\u00e6ttet i.<\/p>\n<p>Indeholder:<\/p>\n<p>\u2022 <a title=\"Foam Dice\" href=\"https:\/\/handilife.bizperformer.media\/product\/foam-dice\/\">En skumterning med taktile prikker<\/a><br \/>\n\u2022\u00a0<a title=\"Bowling Light \u2013 Complete set\" href=\"https:\/\/handilife.bizperformer.media\/product\/bowling-light-complete-set\/\">Komplet s\u00e6t Bowling Light<\/a>: 6 skumkegler og en h\u00e5ndsyet bold, der er nem at holde og styre<br \/>\n\u2022\u00a0<a title=\"Et s\u00e6t med \u00e6rteposer\" href=\"https:\/\/handilifesport.com\/da\/vare\/saet-med-12-aerteposer\/\" target=\"_blank\" rel=\"noopener\">Et s\u00e6t med \u00e6rteposer<\/a><br \/>\n\u2022\u00a0<a title=\"2 Ballonbolde\" href=\"https:\/\/handilifesport.com\/da\/vare\/ballon-bold-str-7\/\" target=\"_blank\" rel=\"noopener\">2 Ballonbolde<\/a><br \/>\n\u2022\u00a01 <a title=\"Ny Amika bold inklusive en boldpumpe\" href=\"https:\/\/handilifesport.com\/da\/vare\/ny-amika-bold-med-en-boldpumpe\/\" target=\"_blank\" rel=\"noopener\">Ny Amika Bold, inklusive en boldpumpe<\/a><br \/>\n\u2022\u00a0<a title=\"Velvet ball size 1\" href=\"https:\/\/handilife.bizperformer.media\/product\/velvet-ball-size-1\/\">2 bl\u00f8de Velvet Bolde i forskellige st\u00f8rrelser<\/a><br \/>\n\u2022\u00a0<a title=\"Blind Tennis Balls \u2013 Package With 2 or 12 Balls\" href=\"https:\/\/handilifesport.com\/da\/vare\/blinde-tennis-bolde-pakke-med-2-eller-12-bolde\/\">4 skum-tennisbolde med lyd<\/a><br \/>\n\u2022\u00a01 <a title=\"Sommerfuglebold med lyd\" href=\"https:\/\/handilifesport.com\/da\/vare\/sommerfuglebold\/\" target=\"_blank\" rel=\"noopener\">Sommerfuglebold med lyd<\/a> and 1 <a title=\"Lille Sommerfuglebold med lyd\" href=\"https:\/\/handilifesport.com\/da\/vare\/lille-sommerfuglebold\/\" target=\"_blank\" rel=\"noopener\">Lille Sommerfuglebold med lyd<\/a><br \/>\n\u2022\u00a0<a title=\"Petito Soft \u2013 Gentle Rattle ball, size 1\" href=\"https:\/\/handilife.bizperformer.media\/product\/petito-soft\/\">1 Petito Soft<\/a> &#8211; fyldt bold med behagelig raslelyd<br \/>\n\u2022\u00a0<a title=\"Referees paddle, red\/blue\" href=\"https:\/\/handilife.bizperformer.media\/product\/referees-paddle-red-blue\/\">2 skumbat<\/a><br \/>\n\u2022\u00a01 boldnet og 1 beholder<\/p>\n<p><strong>Ovenn\u00e6vnte pris er ekskl. moms.<br \/>\n<\/strong><strong>Pris i DKK inkl. moms 2.335,- pr. aktivitetss\u00e6t.<\/strong><\/p>\n","protected":false},"featured_media":152629,"template":"","meta":{"_acf_changed":false,"neve_meta_sidebar":"","neve_meta_container":"","neve_meta_enable_content_width":"off","neve_meta_content_width":100,"neve_meta_title_alignment":"","neve_meta_author_avatar":"","neve_post_elements_order":"","neve_meta_disable_header":"","neve_meta_disable_footer":"","neve_meta_disable_title":"","neve_meta_reading_time":"","_ti_tpc_template_sync":false,"_ti_tpc_template_id":""},"product_cat":[4525,4164,4165],"product_tag":[5266,5268,5276,5280,5269,5281,5275,5274,5270,5279,5273,5277,5278,4573,5267,5271,5272],"segments":[5042,4529,4532,4531],"sports":[],"class_list":{"0":"post-151171","1":"product","2":"type-product","3":"status-publish","4":"has-post-thumbnail","6":"product_cat-nye-produkter-da","7":"product_cat-rekreative-spil","8":"product_cat-aktivitets-saet","9":"product_tag-aktiviteter-for-aeldre","10":"product_tag-aktiviteter-til-plejehjem","11":"product_tag-aktiviteter-til-seniorer","12":"product_tag-aktivitetssaet-til-mindre-born","13":"product_tag-aktivitetssaet-til-plejehjem-da","14":"product_tag-familie","15":"product_tag-lege-og-aktiviteter-til-seniorer","16":"product_tag-plejehjem-da-2","17":"product_tag-plejehjem-da","18":"product_tag-plejehjems-sport","19":"product_tag-saet-til-underholdning","20":"product_tag-senior-aktiviteter-da","21":"product_tag-senior-sjov","22":"product_tag-senior-sport-da","23":"product_tag-sport-til-plejehjem","24":"product_tag-underholdning-for-seniorer-da","25":"product_tag-underholdning-til-plejehjem","26":"pa_countryorigin-dk-da","27":"pa_tarif-9506-6200-00-da","28":"segments-boernehave-og-indskoling","29":"segments-firma-og-familiesport","30":"segments-plejecentre","31":"segments-rehab-og-fysio","33":"first","34":"instock","35":"taxable","36":"shipping-taxable","37":"purchasable","38":"product-type-simple"},"acf":[],"aioseo_notices":[],"_links":{"self":[{"href":"https:\/\/handilifesport.com\/da\/wp-json\/wp\/v2\/product\/151171","targetHints":{"allow":["GET"]}}],"collection":[{"href":"https:\/\/handilifesport.com\/da\/wp-json\/wp\/v2\/product"}],"about":[{"href":"https:\/\/handilifesport.com\/da\/wp-json\/wp\/v2\/types\/product"}],"wp:featuredmedia":[{"embeddable":true,"href":"https:\/\/handilifesport.com\/da\/wp-json\/wp\/v2\/media\/152629"}],"wp:attachment":[{"href":"https:\/\/handilifesport.com\/da\/wp-json\/wp\/v2\/media?parent=151171"}],"wp:term":[{"taxonomy":"product_cat","embeddable":true,"href":"https:\/\/handilifesport.com\/da\/wp-json\/wp\/v2\/product_cat?post=151171"},{"taxonomy":"product_tag","embeddable":true,"href":"https:\/\/handilifesport.com\/da\/wp-json\/wp\/v2\/product_tag?post=151171"},{"taxonomy":"segments","embeddable":true,"href":"https:\/\/handilifesport.com\/da\/wp-json\/wp\/v2\/segments?post=151171"},{"taxonomy":"sports","embeddable":true,"href":"https:\/\/handilifesport.com\/da\/wp-json\/wp\/v2\/sports?post=151171"}],"curies":[{"name":"wp","href":"https:\/\/api.w.org\/{rel}","templated":true}]}}