{"id":151381,"date":"2025-01-17T12:02:13","date_gmt":"2025-01-17T10:02:13","guid":{"rendered":"https:\/\/handilife.bizperformer.media\/?post_type=product&#038;p=151381"},"modified":"2025-08-18T13:55:58","modified_gmt":"2025-08-18T11:55:58","slug":"velvet-bold-storrelse-5-copy","status":"publish","type":"product","link":"https:\/\/handilifesport.com\/da\/vare\/velvet-bold-storrelse-5-copy\/","title":{"rendered":"Velvet Bold, st\u00f8rrelse 1"},"content":{"rendered":"","protected":false},"excerpt":{"rendered":"<p>Let, l\u00e6kker, oppustelig og fl\u00f8jlsbl\u00f8d bold, der passer til alle &#8211; ogs\u00e5 b\u00f8rn og seniorer.<\/p>\n<p>God til Snoezelen-rum.<\/p>\n<p>\u2022 St\u00f8rrelse 1 bold, r\u00f8d og gul<br \/>\n\u2022 V\u00e6gt: 125 gram<br \/>\n\u2022 Ekstra bl\u00f8d og lodden<\/p>\n<p>Findes ogs\u00e5 i en st\u00f8rrelse 5 (r\u00f8d og bl\u00e5).<\/p>\n<p><strong>Bem\u00e6rk:<\/strong> Denne bold er ikke en lydbold.<\/p>\n<p><strong>Ovenn\u00e6vnte pris er ekskl. moms.<br \/>\nPris i DKK inkl. moms 150,- pr. bold.<\/strong><\/p>\n","protected":false},"featured_media":11214,"template":"","meta":{"_acf_changed":false,"neve_meta_sidebar":"","neve_meta_container":"","neve_meta_enable_content_width":"off","neve_meta_content_width":100,"neve_meta_title_alignment":"","neve_meta_author_avatar":"","neve_post_elements_order":"","neve_meta_disable_header":"","neve_meta_disable_footer":"","neve_meta_disable_title":"","neve_meta_reading_time":"","_ti_tpc_template_sync":false,"_ti_tpc_template_id":""},"product_cat":[4214,4167,4397],"product_tag":[5288,5289,5290,5291,5292,5293,5294,5295,5296,5297],"segments":[],"sports":[],"class_list":{"0":"post-151381","1":"product","2":"type-product","3":"status-publish","4":"has-post-thumbnail","6":"product_cat-kastekurv-og-maeltaepper","7":"product_cat-rehab-og-fysio-da","8":"product_cat-oevrige-bolde","9":"product_tag-balls-for-children-da","10":"product_tag-balls-for-rehab-da","11":"product_tag-blode-bolde-da","12":"product_tag-comfi-balls-da","13":"product_tag-lette-bolde-da-2","14":"product_tag-light-soft-balls-da","15":"product_tag-light-ball-da","16":"product_tag-snoezelen-bolde-da","17":"product_tag-soft-balls-da","18":"product_tag-velvet-ball-da","19":"pa_countryorigin-dk-da","20":"pa_tarif-9506-6200-00-da","22":"first","23":"instock","24":"taxable","25":"shipping-taxable","26":"purchasable","27":"product-type-simple"},"acf":[],"aioseo_notices":[],"_links":{"self":[{"href":"https:\/\/handilifesport.com\/da\/wp-json\/wp\/v2\/product\/151381","targetHints":{"allow":["GET"]}}],"collection":[{"href":"https:\/\/handilifesport.com\/da\/wp-json\/wp\/v2\/product"}],"about":[{"href":"https:\/\/handilifesport.com\/da\/wp-json\/wp\/v2\/types\/product"}],"wp:featuredmedia":[{"embeddable":true,"href":"https:\/\/handilifesport.com\/da\/wp-json\/wp\/v2\/media\/11214"}],"wp:attachment":[{"href":"https:\/\/handilifesport.com\/da\/wp-json\/wp\/v2\/media?parent=151381"}],"wp:term":[{"taxonomy":"product_cat","embeddable":true,"href":"https:\/\/handilifesport.com\/da\/wp-json\/wp\/v2\/product_cat?post=151381"},{"taxonomy":"product_tag","embeddable":true,"href":"https:\/\/handilifesport.com\/da\/wp-json\/wp\/v2\/product_tag?post=151381"},{"taxonomy":"segments","embeddable":true,"href":"https:\/\/handilifesport.com\/da\/wp-json\/wp\/v2\/segments?post=151381"},{"taxonomy":"sports","embeddable":true,"href":"https:\/\/handilifesport.com\/da\/wp-json\/wp\/v2\/sports?post=151381"}],"curies":[{"name":"wp","href":"https:\/\/api.w.org\/{rel}","templated":true}]}}