{"id":152892,"date":"2025-06-20T10:16:27","date_gmt":"2025-06-20T08:16:27","guid":{"rendered":"https:\/\/handilifesport.com\/?post_type=product&#038;p=152892"},"modified":"2026-03-31T14:11:22","modified_gmt":"2026-03-31T12:11:22","slug":"superrampe-box","status":"publish","type":"product","link":"https:\/\/handilifesport.com\/da\/vare\/superrampe-box\/","title":{"rendered":"SuperRampe Box"},"content":{"rendered":"","protected":false},"excerpt":{"rendered":"<p><strong>Vi pr\u00e6senterer den nye SuperRampe Box<\/strong><\/p>\n<p>Vi er glade for at introducere vores nye transportkasse til SuperRampen: &#8220;SuperRamp Box&#8221; (EXP1128-BOX).<\/p>\n<p>En st\u00e6rk og praktisk krydsfinerkasse, som kan sikres med en h\u00e6ngel\u00e5s.<\/p>\n<p><strong>M\u00e5l: <\/strong>70 x 34 x 42 cm. V\u00e6gt: 7 kg.<\/p>\n<p>Der er ogs\u00e5 plads i kassen til et boccias\u00e6t og andet udstyr.<\/p>\n<p>Boxen kan desuden benyttes til at sidde p\u00e5 af assistenten.<\/p>\n<p><strong><em>Bem\u00e6rk: ved k\u00f8b af SuperRamp box medf\u00f8lger hverken rampe eller boccias\u00e6t &#8211; kun kassen.<\/em><\/strong><\/p>\n<p><strong>Ovenn\u00e6vnte pris er ekskl. moms.<br \/>\n<\/strong><strong>Pris i DKK inkl. moms 1.173,- pr. rampekasse.<br \/>\n<\/strong><\/p>\n","protected":false},"featured_media":152894,"template":"","meta":{"_acf_changed":false,"neve_meta_sidebar":"","neve_meta_container":"","neve_meta_enable_content_width":"off","neve_meta_content_width":100,"neve_meta_title_alignment":"","neve_meta_author_avatar":"","neve_post_elements_order":"","neve_meta_disable_header":"","neve_meta_disable_footer":"","neve_meta_disable_title":"","neve_meta_reading_time":"","_ti_tpc_template_sync":false,"_ti_tpc_template_id":""},"product_cat":[4498,4256],"product_tag":[4868,5323,5321,5322],"segments":[4526,4527],"sports":[4516],"class_list":{"0":"post-152892","1":"product","2":"type-product","3":"status-publish","4":"has-post-thumbnail","6":"product_cat-boccia-udstyr-da","7":"product_cat-ramper-og-andet-udstyr","8":"product_tag-bc3-da","9":"product_tag-box-til-at-baere-rampe-i","10":"product_tag-box-til-superrampe","11":"product_tag-rampe-box","12":"pa_countryorigin-dk-da","13":"segments-parasport","14":"segments-skoleidraet","15":"sports-boccia-da","17":"first","18":"instock","19":"taxable","20":"shipping-taxable","21":"purchasable","22":"product-type-simple"},"acf":[],"aioseo_notices":[],"_links":{"self":[{"href":"https:\/\/handilifesport.com\/da\/wp-json\/wp\/v2\/product\/152892","targetHints":{"allow":["GET"]}}],"collection":[{"href":"https:\/\/handilifesport.com\/da\/wp-json\/wp\/v2\/product"}],"about":[{"href":"https:\/\/handilifesport.com\/da\/wp-json\/wp\/v2\/types\/product"}],"wp:featuredmedia":[{"embeddable":true,"href":"https:\/\/handilifesport.com\/da\/wp-json\/wp\/v2\/media\/152894"}],"wp:attachment":[{"href":"https:\/\/handilifesport.com\/da\/wp-json\/wp\/v2\/media?parent=152892"}],"wp:term":[{"taxonomy":"product_cat","embeddable":true,"href":"https:\/\/handilifesport.com\/da\/wp-json\/wp\/v2\/product_cat?post=152892"},{"taxonomy":"product_tag","embeddable":true,"href":"https:\/\/handilifesport.com\/da\/wp-json\/wp\/v2\/product_tag?post=152892"},{"taxonomy":"segments","embeddable":true,"href":"https:\/\/handilifesport.com\/da\/wp-json\/wp\/v2\/segments?post=152892"},{"taxonomy":"sports","embeddable":true,"href":"https:\/\/handilifesport.com\/da\/wp-json\/wp\/v2\/sports?post=152892"}],"curies":[{"name":"wp","href":"https:\/\/api.w.org\/{rel}","templated":true}]}}